{"id":539,"date":"2022-11-29T14:50:16","date_gmt":"2022-11-29T17:50:16","guid":{"rendered":"https:\/\/tintascuritiba.com.br\/?post_type=product&#038;p=539"},"modified":"2022-11-29T15:02:25","modified_gmt":"2022-11-29T18:02:25","slug":"sayerlack-exterminador-de-cupim","status":"publish","type":"product","link":"https:\/\/tintascuritiba.com.br\/index.php\/produto\/sayerlack-exterminador-de-cupim\/","title":{"rendered":"Sayerlack Exterminador de Cupim"},"content":{"rendered":"<p>Exterminador de Cupim trata madeiras infestadas por cupins e brocas, (ver observa\u00e7\u00f5es), protege contra as infesta\u00e7\u00f5es, tem poder de fixa\u00e7\u00e3o e longo efeito residual, sua op\u00e7\u00e3o de cor marrom facilita a visualiza\u00e7\u00e3o da aplica\u00e7\u00e3o, dispon\u00edvel na vers\u00e3o l\u00edquida e aerossol. \u00c9 indicado na constru\u00e7\u00e3o civil, na ind\u00fastria e no lar, em portas, janelas, forros, estruturas de telhados, esquadrias e qualquer pe\u00e7a em madeira. N\u00e3o deve ser usado em madeiras que estejam em contato direto com o solo ou alimentos.<\/p>\n<div class=\"passo\">\n<p class=\"flex titulo\"><strong>1<\/strong><small>PREPARA\u00c7\u00c3O DA MADEIRA<\/small><\/p>\n<div class=\"conteudo\">\n<ul>\n<li>Madeira acabada: remover o acabamento antigo antes de aplicar o produto<\/li>\n<li>Como preventivo: a madeira deve estar seca, sem acabamento e na sua forma final de uso (entalhada, perfurada, lixada e etc)<\/li>\n<\/ul>\n<\/div>\n<\/div>\n<div class=\"passo\">\n<div class=\"icon preparacao-produto\"><\/div>\n<p class=\"flex titulo\"><strong>2<\/strong><small>PREPARA\u00c7\u00c3O DO PRODUTO<\/small><\/p>\n<div class=\"conteudo\">\n<ul>\n<li>Agitar bem &#8211; Pronto para uso<\/li>\n<\/ul>\n<\/div>\n<\/div>\n<div class=\"passo\">\n<div class=\"icon aplicacao\"><\/div>\n<p class=\"flex titulo\"><strong>3<\/strong><small>APLICA\u00c7\u00c3O<\/small><\/p>\n<div class=\"conteudo\">\n<ul>\n<li>Bater de leve na madeira para identificar regi\u00f5es ocas que apresentam infesta\u00e7\u00f5es<\/li>\n<li>Caso n\u00e3o existam orif\u00edcios nessas regi\u00f5es, fazer um pequeno furo para aplicar o produto<\/li>\n<li>Aplicar pelo menos 2 dem\u00e3os<\/li>\n<\/ul>\n<p class=\"sub\"><strong>L\u00edquido<\/strong><\/p>\n<ul>\n<li>Pincel ou broca: aplicar 1 farta dem\u00e3o em toda a madeira. Em pe\u00e7as j\u00e1 instaladas, refor\u00e7ar a aplica\u00e7\u00e3o em encaixes, juntas e \u00e1reas de contato com alvenaria e concreto<\/li>\n<li>Imers\u00e3o: utilizar tanque com calha de drenagem e tampa. A madeira deve ficar totalmente imersa por 2 minutos e depois ser colocada na calha para drenagem do excesso de produto. O material recolhido na calha pode ser reaproveitado, misturado ao material no tanque.<\/li>\n<\/ul>\n<p class=\"sub\"><strong>Aerossol<\/strong><\/p>\n<ul>\n<li>Procurar orif\u00edcios na madeira e aplicar o produto com o aplicador e a agulha<\/li>\n<li>Saturar, aplicando jatos curtos<\/li>\n<\/ul>\n<\/div>\n<\/div>\n<div class=\"passo\">\n<div class=\"icon secagem\"><\/div>\n<p class=\"flex titulo\"><strong>4<\/strong><small>SECAGEM<\/small><\/p>\n<div class=\"conteudo\">\n<ul>\n<li>Pincel ou imers\u00e3o: 5 a 8 m\u00b2 litro\/dem\u00e3o<\/li>\n<li>Aerossol: at\u00e9 10 m\u00b2 litro\/dem\u00e3o<\/li>\n<\/ul>\n<\/div>\n<\/div>\n","protected":false},"excerpt":{"rendered":"<p>Exterminador de Cupim trata madeiras infestadas por cupins e brocas, (ver observa\u00e7\u00f5es), protege contra as infesta\u00e7\u00f5es, tem poder de fixa\u00e7\u00e3o e longo efeito residual, sua op\u00e7\u00e3o de cor marrom facilita a visualiza\u00e7\u00e3o da aplica\u00e7\u00e3o, dispon\u00edvel na vers\u00e3o l\u00edquida e aerossol. \u00c9 indicado na constru\u00e7\u00e3o civil, na ind\u00fastria e no lar, em portas, janelas, forros, estruturas de telhados, esquadrias e qualquer pe\u00e7a em madeira. N\u00e3o deve ser usado em madeiras que estejam em contato direto com o solo ou alimentos.<\/p>\n","protected":false},"featured_media":545,"comment_status":"open","ping_status":"closed","template":"","meta":[],"product_cat":[55],"product_tag":[141,166,144],"class_list":{"0":"post-539","1":"product","2":"type-product","3":"status-publish","4":"has-post-thumbnail","5":"hentry","6":"product_cat-madeira-e-metal","7":"product_tag-cupinicida","8":"product_tag-exterminador-de-cupim","9":"product_tag-sayerlack","11":"entry","12":"has-media","13":"owp-thumbs-layout-horizontal","14":"owp-btn-normal","15":"owp-tabs-layout-horizontal","16":"has-product-nav"},"_links":{"self":[{"href":"https:\/\/tintascuritiba.com.br\/index.php\/wp-json\/wp\/v2\/product\/539","targetHints":{"allow":["GET"]}}],"collection":[{"href":"https:\/\/tintascuritiba.com.br\/index.php\/wp-json\/wp\/v2\/product"}],"about":[{"href":"https:\/\/tintascuritiba.com.br\/index.php\/wp-json\/wp\/v2\/types\/product"}],"replies":[{"embeddable":true,"href":"https:\/\/tintascuritiba.com.br\/index.php\/wp-json\/wp\/v2\/comments?post=539"}],"wp:featuredmedia":[{"embeddable":true,"href":"https:\/\/tintascuritiba.com.br\/index.php\/wp-json\/wp\/v2\/media\/545"}],"wp:attachment":[{"href":"https:\/\/tintascuritiba.com.br\/index.php\/wp-json\/wp\/v2\/media?parent=539"}],"wp:term":[{"taxonomy":"product_cat","embeddable":true,"href":"https:\/\/tintascuritiba.com.br\/index.php\/wp-json\/wp\/v2\/product_cat?post=539"},{"taxonomy":"product_tag","embeddable":true,"href":"https:\/\/tintascuritiba.com.br\/index.php\/wp-json\/wp\/v2\/product_tag?post=539"}],"curies":[{"name":"wp","href":"https:\/\/api.w.org\/{rel}","templated":true}]}}