{"id":536,"date":"2022-11-29T14:45:20","date_gmt":"2022-11-29T17:45:20","guid":{"rendered":"https:\/\/tintascuritiba.com.br\/?post_type=product&#038;p=536"},"modified":"2022-11-29T14:45:21","modified_gmt":"2022-11-29T17:45:21","slug":"sayerlack-polisten-eco-base-agua","status":"publish","type":"product","link":"https:\/\/tintascuritiba.com.br\/index.php\/produto\/sayerlack-polisten-eco-base-agua\/","title":{"rendered":"Sayerlack Polisten Eco Base \u00c1gua"},"content":{"rendered":"<p>Indicado para portas, port\u00f5es, janelas, esquadrias, cercas, lambris, casas pr\u00e9-fabricadas de madeira, m\u00f3veis de madeira para jardins e madeiras decorativas em geral, f\u00e1cil de aplicar, hidrorrepelente, real\u00e7a os veios da madeira, f\u00e1cil manuten\u00e7\u00e3o, n\u00e3o forma filme, sem cheiro, com ultrabloqueador solar e durabilidade de at\u00e9 3 anos.<\/p>\n<div class=\"passo\">\n<p class=\"flex titulo\"><strong>1<\/strong><small>PREPARA\u00c7\u00c3O DA MADEIRA<\/small><\/p>\n<div class=\"conteudo\">\n<ul>\n<li>Lixar e remover toda a pintura<br \/>\ne qualquer tipo de res\u00edduo, deixando-a limpa, seca e isenta de part\u00edculas soltas.<\/li>\n<li>Madeira com Polisten: lixar levemente, lavar com detergente neutro, deixar secar<\/li>\n<\/ul>\n<\/div>\n<\/div>\n<div class=\"passo\">\n<div class=\"icon preparacao-produto\"><\/div>\n<p class=\"flex titulo\"><strong>2<\/strong><small>PREPARA\u00c7\u00c3O DO PRODUTO<\/small><\/p>\n<div class=\"conteudo\">\n<ul>\n<li>Agitar bem<\/li>\n<li>Pronto para uso<\/li>\n<\/ul>\n<\/div>\n<\/div>\n<div class=\"passo\">\n<div class=\"icon aplicacao\"><\/div>\n<p class=\"flex titulo\"><strong>3<\/strong><small>APLICA\u00c7\u00c3O<\/small><\/p>\n<div class=\"conteudo\">\n<p><strong>Pincel ou rolo<\/strong><\/p>\n<ul>\n<li>Aplicar 3 dem\u00e3os<\/li>\n<li>Retirar o excesso com um pano limpo<\/li>\n<li>Madeira com Polisten: aplicar 1 dem\u00e3o<\/li>\n<\/ul>\n<\/div>\n<\/div>\n<div class=\"passo\">\n<div class=\"icon secagem\"><\/div>\n<p class=\"flex titulo\"><strong>4<\/strong><small>SECAGEM<\/small><\/p>\n<div class=\"conteudo\">\n<ul>\n<li>Entre dem\u00e3os: de 6 a 8 horas<\/li>\n<li>Completa: 24 horas<\/li>\n<\/ul>\n<\/div>\n<\/div>\n<div class=\"passo\">\n<div class=\"icon rendimento\"><\/div>\n<p class=\"flex titulo\"><strong>5<\/strong><small>RENDIMENTO<\/small><\/p>\n<div class=\"conteudo\">\n<ul>\n<li>68 m\u00b2 gal\u00e3o\/dem\u00e3o<\/li>\n<li>Vari\u00e1vel de acordo com o tipo de madeira, aplica\u00e7\u00e3o e espessura do filme<\/li>\n<\/ul>\n<\/div>\n<\/div>\n<div class=\"passo\">\n<div class=\"icon limpeza\"><\/div>\n<p class=\"flex titulo\"><strong>6<\/strong><small>CONSERVA\u00c7\u00c3O E LIMPEZA<\/small><\/p>\n<div class=\"conteudo\">\n<ul>\n<li>Limpar com pano levemente umedecido com \u00e1gua.<\/li>\n<\/ul>\n<\/div>\n<\/div>\n","protected":false},"excerpt":{"rendered":"<p>Indicado para portas, port\u00f5es, janelas, esquadrias, cercas, lambris, casas pr\u00e9-fabricadas de madeira, m\u00f3veis de madeira para jardins e madeiras decorativas em geral, f\u00e1cil de aplicar, hidrorrepelente, real\u00e7a os veios da madeira, f\u00e1cil manuten\u00e7\u00e3o, n\u00e3o forma filme, sem cheiro, com ultrabloqueador solar e durabilidade de at\u00e9 3 anos.<\/p>\n","protected":false},"featured_media":537,"comment_status":"open","ping_status":"closed","template":"","meta":[],"product_cat":[55],"product_tag":[165,144,163],"class_list":{"0":"post-536","1":"product","2":"type-product","3":"status-publish","4":"has-post-thumbnail","5":"hentry","6":"product_cat-madeira-e-metal","7":"product_tag-polisten-eco-base-agua","8":"product_tag-sayerlack","9":"product_tag-stain-impregnante-premium","11":"entry","12":"has-media","13":"owp-thumbs-layout-horizontal","14":"owp-btn-normal","15":"owp-tabs-layout-horizontal","16":"has-no-thumbnails","17":"has-product-nav"},"_links":{"self":[{"href":"https:\/\/tintascuritiba.com.br\/index.php\/wp-json\/wp\/v2\/product\/536","targetHints":{"allow":["GET"]}}],"collection":[{"href":"https:\/\/tintascuritiba.com.br\/index.php\/wp-json\/wp\/v2\/product"}],"about":[{"href":"https:\/\/tintascuritiba.com.br\/index.php\/wp-json\/wp\/v2\/types\/product"}],"replies":[{"embeddable":true,"href":"https:\/\/tintascuritiba.com.br\/index.php\/wp-json\/wp\/v2\/comments?post=536"}],"wp:featuredmedia":[{"embeddable":true,"href":"https:\/\/tintascuritiba.com.br\/index.php\/wp-json\/wp\/v2\/media\/537"}],"wp:attachment":[{"href":"https:\/\/tintascuritiba.com.br\/index.php\/wp-json\/wp\/v2\/media?parent=536"}],"wp:term":[{"taxonomy":"product_cat","embeddable":true,"href":"https:\/\/tintascuritiba.com.br\/index.php\/wp-json\/wp\/v2\/product_cat?post=536"},{"taxonomy":"product_tag","embeddable":true,"href":"https:\/\/tintascuritiba.com.br\/index.php\/wp-json\/wp\/v2\/product_tag?post=536"}],"curies":[{"name":"wp","href":"https:\/\/api.w.org\/{rel}","templated":true}]}}