{"id":534,"date":"2022-11-29T14:35:06","date_gmt":"2022-11-29T17:35:06","guid":{"rendered":"https:\/\/tintascuritiba.com.br\/?post_type=product&#038;p=534"},"modified":"2022-11-29T14:35:07","modified_gmt":"2022-11-29T17:35:07","slug":"sayerlack-polisten-deck","status":"publish","type":"product","link":"https:\/\/tintascuritiba.com.br\/index.php\/produto\/sayerlack-polisten-deck\/","title":{"rendered":"Sayerlack Polisten Deck"},"content":{"rendered":"<p>Indicado para pintura de decks, portas, port\u00f5es, janelas, esquadrias, cercas, lambris, casas pr\u00e9-fabricadas de madeira, m\u00f3veis de madeira para jardins e madeiras decorativas em geral, f\u00e1cil de aplicar, hidrorrepelente, real\u00e7a os veios da madeira, f\u00e1cil manuten\u00e7\u00e3o, sem cheiro, com ultrabloqueador e triplo filtro solar e durabilidade de at\u00e9 4 anos.<\/p>\n<div class=\"passo\">\n<p class=\"flex titulo\"><strong>1<\/strong><small>PREPARA\u00c7\u00c3O DA MADEIRA<\/small><\/p>\n<div class=\"conteudo\">\n<ul>\n<li>Lixar e remover toda a pintura<br \/>\ne qualquer tipo de res\u00edduo, deixando-a limpa, seca e isenta de part\u00edculas soltas.<\/li>\n<li>Madeira com Polisten: lixar levemente, lavar com detergente neutro, deixar secar<\/li>\n<\/ul>\n<\/div>\n<\/div>\n<div class=\"passo\">\n<div class=\"icon preparacao-produto\"><\/div>\n<p class=\"flex titulo\"><strong>2<\/strong><small>PREPARA\u00c7\u00c3O DO PRODUTO<\/small><\/p>\n<div class=\"conteudo\">\n<ul>\n<li>Agitar bem<\/li>\n<li>Pronto para uso<\/li>\n<\/ul>\n<\/div>\n<\/div>\n<div class=\"passo\">\n<div class=\"icon aplicacao\"><\/div>\n<p class=\"flex titulo\"><strong>3<\/strong><small>APLICA\u00c7\u00c3O<\/small><\/p>\n<div class=\"conteudo\">\n<p><strong>Pincel ou pad de pintura<\/strong><\/p>\n<ul>\n<li>Aplicar 3 a 4 dem\u00e3os nos 6 lados da madeira para garantir a ader\u00eancia do produto e a durabilidade do acabamento (m\u00ednimo 50 micrometros)<\/li>\n<li>Leve lixamento entre dem\u00e3os<\/li>\n<li>Temperatura ambiente entre 10 e 40\u00b0C<\/li>\n<li>Umidade relativa do ar entre 40% e 80%<\/li>\n<\/ul>\n<\/div>\n<\/div>\n<div class=\"passo\">\n<div class=\"icon secagem\"><\/div>\n<p class=\"flex titulo\"><strong>4<\/strong><small>SECAGEM<\/small><\/p>\n<div class=\"conteudo\">\n<ul>\n<li>Entre dem\u00e3os: 2 a 4 horas<\/li>\n<li>Completa: 24 horas<\/li>\n<\/ul>\n<\/div>\n<\/div>\n","protected":false},"excerpt":{"rendered":"<p>Indicado para pintura de decks, portas, port\u00f5es, janelas, esquadrias, cercas, lambris, casas pr\u00e9-fabricadas de madeira, m\u00f3veis de madeira para jardins e madeiras decorativas em geral, f\u00e1cil de aplicar, hidrorrepelente, real\u00e7a os veios da madeira, f\u00e1cil manuten\u00e7\u00e3o, sem cheiro, com ultrabloqueador e triplo filtro solar e durabilidade de at\u00e9 4 anos.<\/p>\n","protected":false},"featured_media":535,"comment_status":"open","ping_status":"closed","template":"","meta":[],"product_cat":[55],"product_tag":[164,144],"class_list":{"0":"post-534","1":"product","2":"type-product","3":"status-publish","4":"has-post-thumbnail","5":"hentry","6":"product_cat-madeira-e-metal","7":"product_tag-polisten-deck","8":"product_tag-sayerlack","10":"entry","11":"has-media","12":"owp-thumbs-layout-horizontal","13":"owp-btn-normal","14":"owp-tabs-layout-horizontal","15":"has-no-thumbnails","16":"has-product-nav"},"_links":{"self":[{"href":"https:\/\/tintascuritiba.com.br\/index.php\/wp-json\/wp\/v2\/product\/534","targetHints":{"allow":["GET"]}}],"collection":[{"href":"https:\/\/tintascuritiba.com.br\/index.php\/wp-json\/wp\/v2\/product"}],"about":[{"href":"https:\/\/tintascuritiba.com.br\/index.php\/wp-json\/wp\/v2\/types\/product"}],"replies":[{"embeddable":true,"href":"https:\/\/tintascuritiba.com.br\/index.php\/wp-json\/wp\/v2\/comments?post=534"}],"wp:featuredmedia":[{"embeddable":true,"href":"https:\/\/tintascuritiba.com.br\/index.php\/wp-json\/wp\/v2\/media\/535"}],"wp:attachment":[{"href":"https:\/\/tintascuritiba.com.br\/index.php\/wp-json\/wp\/v2\/media?parent=534"}],"wp:term":[{"taxonomy":"product_cat","embeddable":true,"href":"https:\/\/tintascuritiba.com.br\/index.php\/wp-json\/wp\/v2\/product_cat?post=534"},{"taxonomy":"product_tag","embeddable":true,"href":"https:\/\/tintascuritiba.com.br\/index.php\/wp-json\/wp\/v2\/product_tag?post=534"}],"curies":[{"name":"wp","href":"https:\/\/api.w.org\/{rel}","templated":true}]}}