{"id":522,"date":"2022-11-29T13:57:33","date_gmt":"2022-11-29T16:57:33","guid":{"rendered":"https:\/\/tintascuritiba.com.br\/?post_type=product&#038;p=522"},"modified":"2022-11-29T13:57:33","modified_gmt":"2022-11-29T16:57:33","slug":"sayerlack-sayermassa","status":"publish","type":"product","link":"https:\/\/tintascuritiba.com.br\/index.php\/produto\/sayerlack-sayermassa\/","title":{"rendered":"Sayerlack Sayermassa"},"content":{"rendered":"<p>Massa para madeira recomendada para correc\u0327o\u0303es e imperfeic\u0327o\u0303es em mo\u0301veis e madeiras em geral, tanto macic\u0327a quanto folheadas. Disponi\u0301vel em 9 cores misci\u0301veis entre si.<\/p>\n<div class=\"passo\">\n<p class=\"flex titulo\"><strong>1<\/strong><small>PREPARA\u00c7\u00c3O DA MADEIRA<\/small><\/p>\n<div class=\"conteudo\">\n<ul>\n<li>Lixar, remover toda a pintura e qualquer tipo de res\u00edduo<\/li>\n<li>Deix\u00e1-la limpa, seca e isenta de part\u00edculas soltas<\/li>\n<li>N\u00e3o aplicar sobre primers Nitro ou Poliuterano<\/li>\n<\/ul>\n<\/div>\n<\/div>\n<div class=\"passo\">\n<div class=\"icon preparacao-produto\"><\/div>\n<p class=\"flex titulo\"><strong>2<\/strong><small>PREPARA\u00c7\u00c3O DO PRODUTO<\/small><\/p>\n<div class=\"conteudo\">\n<ul>\n<li>Pronto para uso.<\/li>\n<\/ul>\n<\/div>\n<\/div>\n<div class=\"passo\">\n<div class=\"icon aplicacao\"><\/div>\n<p class=\"flex titulo\"><strong>3<\/strong><small>APLICA\u00c7\u00c3O<\/small><\/p>\n<div class=\"conteudo\">\n<p class=\"sub\"><strong>Esp\u00e1tula<\/strong><\/p>\n<ul>\n<li>Aplicar direto na madeira at\u00e9 preencher a imperfei\u00e7\u00e3o, analisando a superf\u00edcie em seguida<\/li>\n<li>Aplicar 1 ou mais dem\u00e3os, conforme necess\u00e1rio.<\/li>\n<\/ul>\n<\/div>\n<\/div>\n","protected":false},"excerpt":{"rendered":"<p>Massa para madeira recomendada para correc\u0327o\u0303es e imperfeic\u0327o\u0303es em mo\u0301veis e madeiras em geral, tanto macic\u0327a quanto folheadas. Disponi\u0301vel em 9 cores misci\u0301veis entre si.<\/p>\n","protected":false},"featured_media":524,"comment_status":"open","ping_status":"closed","template":"","meta":[],"product_cat":[55],"product_tag":[142,144,158],"class_list":{"0":"post-522","1":"product","2":"type-product","3":"status-publish","4":"has-post-thumbnail","5":"hentry","6":"product_cat-madeira-e-metal","7":"product_tag-massa-para-madeira","8":"product_tag-sayerlack","9":"product_tag-sayermassa","11":"entry","12":"has-media","13":"owp-thumbs-layout-horizontal","14":"owp-btn-normal","15":"owp-tabs-layout-horizontal","16":"has-product-nav"},"_links":{"self":[{"href":"https:\/\/tintascuritiba.com.br\/index.php\/wp-json\/wp\/v2\/product\/522","targetHints":{"allow":["GET"]}}],"collection":[{"href":"https:\/\/tintascuritiba.com.br\/index.php\/wp-json\/wp\/v2\/product"}],"about":[{"href":"https:\/\/tintascuritiba.com.br\/index.php\/wp-json\/wp\/v2\/types\/product"}],"replies":[{"embeddable":true,"href":"https:\/\/tintascuritiba.com.br\/index.php\/wp-json\/wp\/v2\/comments?post=522"}],"wp:featuredmedia":[{"embeddable":true,"href":"https:\/\/tintascuritiba.com.br\/index.php\/wp-json\/wp\/v2\/media\/524"}],"wp:attachment":[{"href":"https:\/\/tintascuritiba.com.br\/index.php\/wp-json\/wp\/v2\/media?parent=522"}],"wp:term":[{"taxonomy":"product_cat","embeddable":true,"href":"https:\/\/tintascuritiba.com.br\/index.php\/wp-json\/wp\/v2\/product_cat?post=522"},{"taxonomy":"product_tag","embeddable":true,"href":"https:\/\/tintascuritiba.com.br\/index.php\/wp-json\/wp\/v2\/product_tag?post=522"}],"curies":[{"name":"wp","href":"https:\/\/api.w.org\/{rel}","templated":true}]}}