{"id":518,"date":"2022-11-28T17:03:54","date_gmt":"2022-11-28T20:03:54","guid":{"rendered":"https:\/\/tintascuritiba.com.br\/?post_type=product&#038;p=518"},"modified":"2022-11-28T17:03:54","modified_gmt":"2022-11-28T20:03:54","slug":"sayerlack-polikol-cristal-mogno-e-imbuia","status":"publish","type":"product","link":"https:\/\/tintascuritiba.com.br\/index.php\/produto\/sayerlack-polikol-cristal-mogno-e-imbuia\/","title":{"rendered":"Sayerlack Polikol Cristal, Mogno e Imbuia"},"content":{"rendered":"<p><strong>POLIKOL CRISTAL<\/strong><\/p>\n<p>Indicado para portas, janelas, lambris, casas pr\u00e9-fabricadas e madeiras decorativas em geral, flex\u00edvel n\u00e3o descasca nem trinca, excelente resist\u00eancia a intemp\u00e9ries, com ultrabloqueador solar e durabilidade de at\u00e9 4 anos. Indicado para aplica\u00e7\u00e3o em madeiras claras, pois preserva a cor natural da madeira sem alterar suas caracter\u00edsticas.<\/p>\n<p><strong>POLIKOL TINGIDO<\/strong><\/p>\n<p>Indicado para portas, janelas, lambris, casas pr\u00e9-fabricadas e madeiras decorativas em geral, flex\u00edvel n\u00e3o descasca nem trinca, excelente resist\u00eancia a intemp\u00e9ries, com ultrabloqueador solar e durabilidade de at\u00e9 6 anos.<\/p>\n<div class=\"passo\">\n<p class=\"flex titulo\"><strong>1<\/strong><small>PREPARA\u00c7\u00c3O DA MADEIRA<\/small><\/p>\n<div class=\"conteudo\">\n<ul>\n<li>Lixar e remover toda a pintura<br \/>\ne qualquer tipo de res\u00edduo, deixando-a limpa, seca e isenta de part\u00edculas soltas.<\/li>\n<\/ul>\n<\/div>\n<\/div>\n<div class=\"passo\">\n<div class=\"icon preparacao-produto\"><\/div>\n<p class=\"flex titulo\"><strong>2<\/strong><small>PREPARA\u00c7\u00c3O DO PRODUTO<\/small><\/p>\n<div class=\"conteudo\">\n<ul>\n<li>Agitar bem &#8211; Pronto para uso<\/li>\n<\/ul>\n<\/div>\n<\/div>\n<div class=\"passo\">\n<div class=\"icon aplicacao\"><\/div>\n<p class=\"flex titulo\"><strong>3<\/strong><small>APLICA\u00c7\u00c3O<\/small><\/p>\n<div class=\"conteudo\">\n<p class=\"sub\">Pincel ou rolo<\/p>\n<ul>\n<li>Aplicar 3 dem\u00e3os (m\u00ednimo 70m) com leve lixamento ap\u00f3s a primeira dem\u00e3o; dem\u00e3os seguintes sem lixamento.<\/li>\n<\/ul>\n<\/div>\n<\/div>\n<div class=\"passo\">\n<div class=\"icon secagem\"><\/div>\n<p class=\"flex titulo\"><strong>4<\/strong><small>SECAGEM<\/small><\/p>\n<div class=\"conteudo\">\n<ul>\n<li>Entre dem\u00e3os: 8 horas<\/li>\n<li>Completa: 24 horas<\/li>\n<\/ul>\n<\/div>\n<\/div>\n<div class=\"passo\">\n<div class=\"icon rendimento\"><\/div>\n<p class=\"flex titulo\"><strong>5<\/strong><small>RENDIMENTO<\/small><\/p>\n<div class=\"conteudo\">\n<ul>\n<li>M\u00ednimo 21m\u00b2\/ 3,6\/ Acabado<\/li>\n<li>M\u00ednimo 5,5 m\u00b2\/ 900ml\/ Acabado<\/li>\n<\/ul>\n<\/div>\n<\/div>\n<div class=\"passo\">\n<div class=\"icon limpeza\"><\/div>\n<p class=\"flex titulo\"><strong>6<\/strong><small>CONSERVA\u00c7\u00c3O E LIMPEZA<\/small><\/p>\n<div class=\"conteudo\">\n<ul>\n<li>Limpar com pano levemente umedecido com \u00e1gua<\/li>\n<\/ul>\n<\/div>\n<\/div>\n","protected":false},"excerpt":{"rendered":"<p><strong>POLIKOL CRISTAL<\/strong><\/p>\n<p>Indicado para portas, janelas, lambris, casas pr\u00e9-fabricadas e madeiras decorativas em geral, flex\u00edvel n\u00e3o descasca nem trinca, excelente resist\u00eancia a intemp\u00e9ries, com ultrabloqueador solar e durabilidade de at\u00e9 4 anos. Indicado para aplica\u00e7\u00e3o em madeiras claras, pois preserva a cor natural da madeira sem alterar suas caracter\u00edsticas.<\/p>\n<p><strong>POLIKOL TINGIDO<\/strong><\/p>\n<p>Indicado para portas, janelas, lambris, casas pr\u00e9-fabricadas e madeiras decorativas em geral, flex\u00edvel n\u00e3o descasca nem trinca, excelente resist\u00eancia a intemp\u00e9ries, com ultrabloqueador solar e durabilidade de at\u00e9 6 anos.<\/p>\n","protected":false},"featured_media":519,"comment_status":"open","ping_status":"closed","template":"","meta":[],"product_cat":[55],"product_tag":[155,154,144,156,157],"class_list":{"0":"post-518","1":"product","2":"type-product","3":"status-publish","4":"has-post-thumbnail","5":"hentry","6":"product_cat-madeira-e-metal","7":"product_tag-cristal","8":"product_tag-polikol","9":"product_tag-sayerlack","10":"product_tag-tingido","11":"product_tag-verniz-de-altissima-durabilidade","13":"entry","14":"has-media","15":"owp-thumbs-layout-horizontal","16":"owp-btn-normal","17":"owp-tabs-layout-horizontal","18":"has-product-nav"},"_links":{"self":[{"href":"https:\/\/tintascuritiba.com.br\/index.php\/wp-json\/wp\/v2\/product\/518","targetHints":{"allow":["GET"]}}],"collection":[{"href":"https:\/\/tintascuritiba.com.br\/index.php\/wp-json\/wp\/v2\/product"}],"about":[{"href":"https:\/\/tintascuritiba.com.br\/index.php\/wp-json\/wp\/v2\/types\/product"}],"replies":[{"embeddable":true,"href":"https:\/\/tintascuritiba.com.br\/index.php\/wp-json\/wp\/v2\/comments?post=518"}],"wp:featuredmedia":[{"embeddable":true,"href":"https:\/\/tintascuritiba.com.br\/index.php\/wp-json\/wp\/v2\/media\/519"}],"wp:attachment":[{"href":"https:\/\/tintascuritiba.com.br\/index.php\/wp-json\/wp\/v2\/media?parent=518"}],"wp:term":[{"taxonomy":"product_cat","embeddable":true,"href":"https:\/\/tintascuritiba.com.br\/index.php\/wp-json\/wp\/v2\/product_cat?post=518"},{"taxonomy":"product_tag","embeddable":true,"href":"https:\/\/tintascuritiba.com.br\/index.php\/wp-json\/wp\/v2\/product_tag?post=518"}],"curies":[{"name":"wp","href":"https:\/\/api.w.org\/{rel}","templated":true}]}}