{"id":509,"date":"2022-11-25T16:37:42","date_gmt":"2022-11-25T19:37:42","guid":{"rendered":"https:\/\/tintascuritiba.com.br\/?post_type=product&#038;p=509"},"modified":"2022-11-25T16:37:43","modified_gmt":"2022-11-25T19:37:43","slug":"sayerlack-polirex","status":"publish","type":"product","link":"https:\/\/tintascuritiba.com.br\/index.php\/produto\/sayerlack-polirex\/","title":{"rendered":"Sayerlack Polirex"},"content":{"rendered":"<p>Indicado para acabamento de portas, batentes, beirais, janelas, esquadrias e madeiras decorativas em geral em exterior e interior. Verniz Restaurador com triplo filtro solar, renova, restaura e tinge a madeira, com a\u00e7\u00e3o fungicida e com durabilidade de at\u00e9 3 anos. Produto com \u00f3tima dureza em rela\u00e7\u00e3o aos produtos da sua classe.<\/p>\n<div class=\"passo\">\n<p class=\"flex titulo\"><strong>1<\/strong><small>PREPARA\u00c7\u00c3O DA MADEIRA<\/small><\/p>\n<div class=\"conteudo\">\n<ul>\n<li>Lixar e remover toda a pintura<br \/>\ne qualquer tipo de res\u00edduo, deixando-a limpa, seca e isenta de part\u00edculas soltas.<\/li>\n<\/ul>\n<\/div>\n<\/div>\n<div class=\"passo\">\n<div class=\"icon preparacao-produto\"><\/div>\n<p class=\"flex titulo\"><strong>2<\/strong><small>PREPARA\u00c7\u00c3O DO PRODUTO<\/small><\/p>\n<div class=\"conteudo\">\n<ul>\n<li>Agitar bem<\/li>\n<li>Se necess\u00e1rio diluir at\u00e9 10% com Sayerraz DS 451<\/li>\n<li>Pronto para uso<\/li>\n<\/ul>\n<\/div>\n<\/div>\n<div class=\"passo\">\n<div class=\"icon aplicacao\"><\/div>\n<p class=\"flex titulo\"><strong>3<\/strong><small>APLICA\u00c7\u00c3O<\/small><\/p>\n<div class=\"conteudo\">\n<p class=\"sub\">Pincel ou rolo<\/p>\n<ul>\n<li>Aplicar 3 dem\u00e3os (m\u00ednimo 70m) com leve lixamento ap\u00f3s a primeira dem\u00e3o; dem\u00e3os seguintes sem lixamento.<\/li>\n<\/ul>\n<\/div>\n<\/div>\n<div class=\"passo\">\n<div class=\"icon secagem\"><\/div>\n<p class=\"flex titulo\"><strong>4<\/strong><small>SECAGEM<\/small><\/p>\n<div class=\"conteudo\">\n<ul>\n<li>Entre dem\u00e3os: 12 horas<\/li>\n<li>Completa: 24 horas<\/li>\n<\/ul>\n<\/div>\n<\/div>\n<div class=\"passo\">\n<div class=\"icon rendimento\"><\/div>\n<p class=\"flex titulo\"><strong>5<\/strong><small>RENDIMENTO<\/small><\/p>\n<div class=\"conteudo\">\n<ul>\n<li>M\u00ednim 20 m\u00b2 \/ 3,6\/ Acabado<\/li>\n<li>M\u00ednimo 5m\u00b2 \/ 900ml \/ Acabado<\/li>\n<\/ul>\n<\/div>\n<\/div>\n<div class=\"passo\">\n<div class=\"icon limpeza\"><\/div>\n<p class=\"flex titulo\"><strong>6<\/strong><small>CONSERVA\u00c7\u00c3O E LIMPEZA<\/small><\/p>\n<div class=\"conteudo\">\n<ul>\n<li>Limpar com pano levemente umedecido com \u00e1gua<\/li>\n<\/ul>\n<\/div>\n<\/div>\n","protected":false},"excerpt":{"rendered":"<p>Indicado para acabamento de portas, batentes, beirais, janelas, esquadrias e madeiras decorativas em geral em exterior e interior. Verniz Restaurador com triplo filtro solar, renova, restaura e tinge a madeira, com a\u00e7\u00e3o fungicida e com durabilidade de at\u00e9 3 anos. Produto com \u00f3tima dureza em rela\u00e7\u00e3o aos produtos da sua classe.<\/p>\n","protected":false},"featured_media":510,"comment_status":"open","ping_status":"closed","template":"","meta":[],"product_cat":[55],"product_tag":[151,144,152],"class_list":{"0":"post-509","1":"product","2":"type-product","3":"status-publish","4":"has-post-thumbnail","5":"hentry","6":"product_cat-madeira-e-metal","7":"product_tag-polirex","8":"product_tag-sayerlack","9":"product_tag-verniz-restaurador-triplo-filtro-solar","11":"entry","12":"has-media","13":"owp-thumbs-layout-horizontal","14":"owp-btn-normal","15":"owp-tabs-layout-horizontal","16":"has-product-nav"},"_links":{"self":[{"href":"https:\/\/tintascuritiba.com.br\/index.php\/wp-json\/wp\/v2\/product\/509","targetHints":{"allow":["GET"]}}],"collection":[{"href":"https:\/\/tintascuritiba.com.br\/index.php\/wp-json\/wp\/v2\/product"}],"about":[{"href":"https:\/\/tintascuritiba.com.br\/index.php\/wp-json\/wp\/v2\/types\/product"}],"replies":[{"embeddable":true,"href":"https:\/\/tintascuritiba.com.br\/index.php\/wp-json\/wp\/v2\/comments?post=509"}],"wp:featuredmedia":[{"embeddable":true,"href":"https:\/\/tintascuritiba.com.br\/index.php\/wp-json\/wp\/v2\/media\/510"}],"wp:attachment":[{"href":"https:\/\/tintascuritiba.com.br\/index.php\/wp-json\/wp\/v2\/media?parent=509"}],"wp:term":[{"taxonomy":"product_cat","embeddable":true,"href":"https:\/\/tintascuritiba.com.br\/index.php\/wp-json\/wp\/v2\/product_cat?post=509"},{"taxonomy":"product_tag","embeddable":true,"href":"https:\/\/tintascuritiba.com.br\/index.php\/wp-json\/wp\/v2\/product_tag?post=509"}],"curies":[{"name":"wp","href":"https:\/\/api.w.org\/{rel}","templated":true}]}}