{"id":495,"date":"2022-11-25T15:49:43","date_gmt":"2022-11-25T18:49:43","guid":{"rendered":"https:\/\/tintascuritiba.com.br\/?post_type=product&#038;p=495"},"modified":"2024-04-19T13:37:37","modified_gmt":"2024-04-19T16:37:37","slug":"mmontana-massa-para-madeira-mazza","status":"publish","type":"product","link":"https:\/\/tintascuritiba.com.br\/index.php\/produto\/mmontana-massa-para-madeira-mazza\/","title":{"rendered":"Montana Massa para madeira \u2013 Mazza"},"content":{"rendered":"<p>Corrija, retoque e nivele pequenas trincas e rachaduras superficiais com a\u00a0<b>massa para madeira Mazza<\/b>\u00a0e renove pe\u00e7as, m\u00f3veis antigos e esquadrias de madeira com uma solu\u00e7\u00e3o pr\u00e1tica, r\u00e1pida, ecol\u00f3gica e de baixo custo.<\/p>\n<h2>O que \u00e9 e para que serve a massa para madeira Mazza<\/h2>\n<p>Pequenas trincas e rachaduras superficiais s\u00e3o muito comuns em m\u00f3veis antigos e esquadrias de madeira, assim como o descolamento de parte da calafeta\u00e7\u00e3o original, que resulta no ac\u00famulo de poeira nas frestas dos assoalhos.<\/p>\n<p>A solu\u00e7\u00e3o para esses pequenos problemas \u00e9 a\u00a0<b>massa para madeira Mazza<\/b>, massa acr\u00edlica com base \u00e1gua, baixo odor e acabamento fosco, indicada para renovar de maneira natural e restaurar a textura das superf\u00edcies de madeira antigas.<\/p>\n<h2>Prepara\u00e7\u00e3o da superf\u00edcie para aplica\u00e7\u00e3o da Mazza<\/h2>\n<ol>\n<li aria-level=\"1\">Limpe a pe\u00e7a ou superf\u00edcie na qual o produto ser\u00e1 aplicado.<\/li>\n<li aria-level=\"1\">Remova acabamentos anteriores (tinta, cera, pinturas envelhecidas, entre outros) com o removedor\u00a0<b>Striptizi Gel<\/b>.<\/li>\n<li aria-level=\"1\">Madeiras envelhecidas, sem nenhum tipo de pintura, devem ser lixadas at\u00e9 retomarem a tonalidade e a textura originais.<\/li>\n<li aria-level=\"1\">Para acabamento fino, aplique o lixamento (lixa com grana de 280 a 320) sempre no sentido dos veios da madeira e limpe a pe\u00e7a para eliminar a poeira.<\/li>\n<li aria-level=\"1\">Certifique-se que a madeira esteja seca para evitar estufamento ou trincas em rejuntes de assoalhos, tacos ou parquetes.<\/li>\n<li aria-level=\"1\">A finaliza\u00e7\u00e3o do acabamento deve ser feita ap\u00f3s a secagem, o lixamento, a limpeza da superf\u00edcie e a remo\u00e7\u00e3o total do p\u00f3.<\/li>\n<li aria-level=\"1\">Para acabamento com stains semitransparentes ou vernizes, com ou sem tingimento, utilize\u00a0<b>Mazza\u00a0<\/b>na cor mais pr\u00f3xima da superf\u00edcie. Recomenda-se um teste preliminar em uma \u00e1rea pequena e pouco vis\u00edvel para avalia\u00e7\u00e3o.<\/li>\n<\/ol>\n<h2>Diferenciais da massa para madeira da Montana<\/h2>\n<p>A\u00a0<b>massa para madeira\u00a0<\/b>pode ser utilizada em diferentes substratos, tais como compensados, HDF, madeira, MDF, MDP, MLC e OSB. A\u00a0<b>Mazza\u00a0<\/b>da Montana pode ser aplicada com desempenadeira ou esp\u00e1tula e \u00e9 encontrada nas cores:<\/p>\n<ul>\n<li aria-level=\"1\">branco;<\/li>\n<li aria-level=\"1\">castanho;<\/li>\n<li aria-level=\"1\">cerejeira;<\/li>\n<li aria-level=\"1\">cumaru;<\/li>\n<li aria-level=\"1\">imbuia;<\/li>\n<li aria-level=\"1\">ip\u00ea;<\/li>\n<li aria-level=\"1\">marfim;<\/li>\n<li aria-level=\"1\">mogno;<\/li>\n<li aria-level=\"1\">sucupira;<\/li>\n<li aria-level=\"1\">jatob\u00e1;<\/li>\n<li aria-level=\"1\">n\u00f3 de pinus;<\/li>\n<li aria-level=\"1\">verde madeira tratada.<\/li>\n<\/ul>\n<p><b>Mazza\u00a0<\/b>\u00e9 f\u00e1cil de aplicar, lixar e seca rapidamente. A massa para madeira pode receber acabamentos como stains, vernizes, esmaltes, lacas, seladoras e fundos niveladores. As cores da massa podem ser misturadas entre si, gerando novas tonalidades.<\/p>\n<h2>Secagem<\/h2>\n<p>Camadas finas: at\u00e9 3h<\/p>\n<p>Camadas grossas: ap\u00f3s 24h<\/p>\n<h2>Embalagens<\/h2>\n<p>Bisnaga (220g): 0,44 a 0,88m\u00b2<\/p>\n<p>Pote pequeno (400g): 0,80 a 1,60m\u00b2<\/p>\n<p>Pote grande (1,6kg): 3,2 a 6,4m\u00b2<\/p>\n<p>Siga atentamente as orienta\u00e7\u00f5es do r\u00f3tulo.<\/p>\n<h2>Mazza da Montana: qualidade em massa para madeira<\/h2>\n<p>A Montana oferece as melhores solu\u00e7\u00f5es para garantir a prote\u00e7\u00e3o, o tratamento, a preserva\u00e7\u00e3o e o acabamento dos mais variados tipos de madeira.<\/p>\n","protected":false},"excerpt":{"rendered":"<p>Corrija, retoque e nivele pequenas trincas e rachaduras superficiais com a\u00a0<b>massa para madeira Mazza<\/b>\u00a0e renove pe\u00e7as, m\u00f3veis antigos e esquadrias de madeira com uma solu\u00e7\u00e3o pr\u00e1tica, r\u00e1pida, ecol\u00f3gica e de baixo custo.<\/p>\n","protected":false},"featured_media":496,"comment_status":"open","ping_status":"closed","template":"","meta":[],"product_cat":[55,828,56],"product_tag":[142,143,117],"class_list":{"0":"post-495","1":"product","2":"type-product","3":"status-publish","4":"has-post-thumbnail","5":"hentry","6":"product_cat-madeira-e-metal","7":"product_cat-massa-e-fundo","8":"product_cat-textura-grafiato-e-massas","9":"product_tag-massa-para-madeira","10":"product_tag-mazza","11":"product_tag-montana","13":"entry","14":"has-media","15":"owp-thumbs-layout-horizontal","16":"owp-btn-normal","17":"owp-tabs-layout-horizontal","18":"has-no-thumbnails","19":"has-product-nav"},"_links":{"self":[{"href":"https:\/\/tintascuritiba.com.br\/index.php\/wp-json\/wp\/v2\/product\/495","targetHints":{"allow":["GET"]}}],"collection":[{"href":"https:\/\/tintascuritiba.com.br\/index.php\/wp-json\/wp\/v2\/product"}],"about":[{"href":"https:\/\/tintascuritiba.com.br\/index.php\/wp-json\/wp\/v2\/types\/product"}],"replies":[{"embeddable":true,"href":"https:\/\/tintascuritiba.com.br\/index.php\/wp-json\/wp\/v2\/comments?post=495"}],"wp:featuredmedia":[{"embeddable":true,"href":"https:\/\/tintascuritiba.com.br\/index.php\/wp-json\/wp\/v2\/media\/496"}],"wp:attachment":[{"href":"https:\/\/tintascuritiba.com.br\/index.php\/wp-json\/wp\/v2\/media?parent=495"}],"wp:term":[{"taxonomy":"product_cat","embeddable":true,"href":"https:\/\/tintascuritiba.com.br\/index.php\/wp-json\/wp\/v2\/product_cat?post=495"},{"taxonomy":"product_tag","embeddable":true,"href":"https:\/\/tintascuritiba.com.br\/index.php\/wp-json\/wp\/v2\/product_tag?post=495"}],"curies":[{"name":"wp","href":"https:\/\/api.w.org\/{rel}","templated":true}]}}