{"id":465,"date":"2022-11-25T14:18:47","date_gmt":"2022-11-25T17:18:47","guid":{"rendered":"https:\/\/tintascuritiba.com.br\/?post_type=product&#038;p=465"},"modified":"2022-11-25T14:23:33","modified_gmt":"2022-11-25T17:23:33","slug":"montana-verniz-premium-maritimo","status":"publish","type":"product","link":"https:\/\/tintascuritiba.com.br\/index.php\/produto\/montana-verniz-premium-maritimo\/","title":{"rendered":"Montana Verniz Premium Mar\u00edtimo"},"content":{"rendered":"<p>Proteja superf\u00edcies de madeira em contato constante com umidade e maresia com o\u00a0<b>Verniz Premium Mar\u00edtimo<\/b>, que oferece filtro solar e acabamento fosco, brilhante ou acetinado.<\/p>\n<h2>O que \u00e9 e como funciona o Verniz Premium Mar\u00edtimo<\/h2>\n<p>O\u00a0<b>Verniz Premium Mar\u00edtimo\u00a0<\/b>\u00e9 um verniz transparente de acabamento brilhante ou acetinado, feito com resina \u00e0 base de poliuretano modificada e filtro solar. Ap\u00f3s a secagem, forma uma pel\u00edcula que protege, real\u00e7a os veios, embeleza e enobrece a madeira.<\/p>\n<h2>Para quais superf\u00edcies o Verniz Premium Mar\u00edtimo \u00e9 indicado<\/h2>\n<p>A aplica\u00e7\u00e3o do\u00a0<b>Verniz Premium Mar\u00edtimo\u00a0<\/b>\u00e9 indicada para superf\u00edcies de madeira (aplainadas, lixadas ou r\u00fasticas) em contato com a \u00e1gua ou maresia, utilizadas em portas, port\u00f5es, janelas, beirais, forros, estruturas de telhado, decks, terra\u00e7os e m\u00f3veis externos.<\/p>\n<h2>Como fazer a aplica\u00e7\u00e3o do Verniz Premium Mar\u00edtimo<\/h2>\n<p>Antes da aplica\u00e7\u00e3o do\u00a0<b>Verniz Premium Mar\u00edtimo<\/b>\u00a0\u00e9 necess\u00e1rio que a pe\u00e7a ou superf\u00edcie a ser envernizada esteja limpa e seca, livre de part\u00edculas soltas, mofo e isenta de \u00f3leos, graxas, ceras e outros contaminantes. N\u00e3o aplicar em madeiras verdes ou \u00famidas<\/p>\n<h3>Madeiras novas<\/h3>\n<p>Lixe a madeira na dire\u00e7\u00e3o dos veios, elimine a poeira do lixamento e fa\u00e7a a aplica\u00e7\u00e3o do verniz seguindo as orienta\u00e7\u00f5es da embalagem.<\/p>\n<h3>Madeiras envelhecidas (acinzentadas)<\/h3>\n<p>Em madeiras envelhecidas sem nenhum tipo de acabamento, aplique o tratamento\u00a0<b>ClariDeck\u00a0<\/b>para restaurar a tonalidade e textura natural da superf\u00edcie. Em seguida, prossiga como madeira nova para fazer a aplica\u00e7\u00e3o do verniz.<\/p>\n<h3>Madeiras envernizadas ou com stain<\/h3>\n<p>Para pe\u00e7as em boas condi\u00e7\u00f5es, efetue o lixamento com uma lixa de grana fina e aplique o\u00a0<b>Verniz Premium Mar\u00edtimo<\/b>.<\/p>\n<p>Para superf\u00edcies em m\u00e1s condi\u00e7\u00f5es, remova completamente o acabamento anterior utilizando o\u00a0<b>Striptizi Gel\u00a0<\/b>da Montana. Em seguida, elimine os res\u00edduos do removedor e proceda como madeira nova.<\/p>\n<h3>Madeiras resinosas<\/h3>\n<p>Para madeiras resinosas (Cumuru, Ip\u00ea, Peroba, Angelim, Ita\u00faba, Jatob\u00e1, Ma\u00e7aranduba, entre outras) em ambientes internos, lixe a madeira na dire\u00e7\u00e3o dos veios e aplique duas dem\u00e3os de\u00a0<b>Isolare base solvente<\/b>.<\/p>\n<p>O objetivo \u00e9 impedir a exsuda\u00e7\u00e3o (migra\u00e7\u00e3o) dos extrativos da madeira resinosa e o retardamento da secagem do verniz.<\/p>\n<p>Para uso externo, aplique o verniz diretamente sobre a madeira. Para aplica\u00e7\u00e3o com trincha ou rolo o verniz j\u00e1 vem pronto para uso. Para aplica\u00e7\u00e3o com pistola, a dilui\u00e7\u00e3o m\u00e1xima \u00e9 feita com 5% de\u00a0<b>Aguarr\u00e1s Montana<\/b>.<\/p>\n<h2>Quais as vantagens do Verniz Premium Mar\u00edtimo da Montana<\/h2>\n<p>O\u00a0<b>Verniz Premium Mar\u00edtimo da Montana\u00a0<\/b>\u00e9 refer\u00eancia em prote\u00e7\u00e3o e acabamento para superf\u00edcies de madeira utilizadas em pe\u00e7as, m\u00f3veis e estruturas em contato constante com \u00e1gua e maresia porque oferece diversas vantagens:<\/p>\n<ul>\n<li aria-level=\"1\">f\u00e1cil aplica\u00e7\u00e3o;<\/li>\n<li aria-level=\"1\">\u00f3timo rendimento;<\/li>\n<li aria-level=\"1\">secagem r\u00e1pida;<\/li>\n<li aria-level=\"1\">\u00f3timo alastramento;<\/li>\n<li aria-level=\"1\">prote\u00e7\u00e3o contra os raios ultravioleta;<\/li>\n<li aria-level=\"1\">resist\u00eancia ao atrito e dureza;<\/li>\n<li aria-level=\"1\">excelente durabilidade;<\/li>\n<li aria-level=\"1\">resist\u00eancia \u00e0s intemp\u00e9ries, \u00e0 maresia e \u00e0 \u00e1gua.<\/li>\n<\/ul>\n<p>Siga atentamente as orienta\u00e7\u00f5es do r\u00f3tulo e obtenha a m\u00e1xima efici\u00eancia do produto.<\/p>\n<h2>Secagem<\/h2>\n<p>Entre dem\u00e3os: 12 horas<\/p>\n<p>Manuseio: 12 horas<\/p>\n<p>Final: 24 horas<\/p>\n<h2>Embalagens<\/h2>\n<p>At\u00e9 5,75 m\u00b2 \/ 0,9 L \/ acabado (*)<\/p>\n<p>At\u00e9 23 m\u00b2 \/ 3,6 L \/ acabado (*)<\/p>\n<p>(*) conforme Norma ABNT NBR16568, Verniz \u2013 determina\u00e7\u00e3o do rendimento para uso interno e externo. Vari\u00e1vel com a t\u00e9cnica de aplica\u00e7\u00e3o, tipo de absor\u00e7\u00e3o da madeira, espessura aplicada e tipos de ferramentas para aplica\u00e7\u00e3o<\/p>\n<h2>Montana \u2013 Refer\u00eancia em Verniz Premium Mar\u00edtimo<\/h2>\n<p>A Montana oferece as melhores solu\u00e7\u00f5es em prote\u00e7\u00e3o, tratamento, preserva\u00e7\u00e3o e acabamento para superf\u00edcies de madeira, como \u00e9 o caso do\u00a0<b>Verniz Premium Mar\u00edtimo<\/b>.<\/p>\n","protected":false},"excerpt":{"rendered":"<p>Proteja superf\u00edcies de madeira em contato constante com umidade e maresia com o\u00a0<b>Verniz Premium Mar\u00edtimo<\/b>, que oferece filtro solar e acabamento brilhante ou acetinado.<\/p>\n","protected":false},"featured_media":466,"comment_status":"open","ping_status":"closed","template":"","meta":[],"product_cat":[55],"product_tag":[88,116,78,117,131],"class_list":{"0":"post-465","1":"product","2":"type-product","3":"status-publish","4":"has-post-thumbnail","5":"hentry","6":"product_cat-madeira-e-metal","7":"product_tag-acetinado","8":"product_tag-brilhante","9":"product_tag-fosco","10":"product_tag-montana","11":"product_tag-verniz-maritimo-premium","13":"entry","14":"has-media","15":"owp-thumbs-layout-horizontal","16":"owp-btn-normal","17":"owp-tabs-layout-horizontal","18":"has-no-thumbnails","19":"has-product-nav"},"_links":{"self":[{"href":"https:\/\/tintascuritiba.com.br\/index.php\/wp-json\/wp\/v2\/product\/465","targetHints":{"allow":["GET"]}}],"collection":[{"href":"https:\/\/tintascuritiba.com.br\/index.php\/wp-json\/wp\/v2\/product"}],"about":[{"href":"https:\/\/tintascuritiba.com.br\/index.php\/wp-json\/wp\/v2\/types\/product"}],"replies":[{"embeddable":true,"href":"https:\/\/tintascuritiba.com.br\/index.php\/wp-json\/wp\/v2\/comments?post=465"}],"wp:featuredmedia":[{"embeddable":true,"href":"https:\/\/tintascuritiba.com.br\/index.php\/wp-json\/wp\/v2\/media\/466"}],"wp:attachment":[{"href":"https:\/\/tintascuritiba.com.br\/index.php\/wp-json\/wp\/v2\/media?parent=465"}],"wp:term":[{"taxonomy":"product_cat","embeddable":true,"href":"https:\/\/tintascuritiba.com.br\/index.php\/wp-json\/wp\/v2\/product_cat?post=465"},{"taxonomy":"product_tag","embeddable":true,"href":"https:\/\/tintascuritiba.com.br\/index.php\/wp-json\/wp\/v2\/product_tag?post=465"}],"curies":[{"name":"wp","href":"https:\/\/api.w.org\/{rel}","templated":true}]}}