{"id":459,"date":"2022-11-25T14:08:46","date_gmt":"2022-11-25T17:08:46","guid":{"rendered":"https:\/\/tintascuritiba.com.br\/?post_type=product&#038;p=459"},"modified":"2022-11-25T14:12:42","modified_gmt":"2022-11-25T17:12:42","slug":"montana-verniz-tingidor-premium","status":"publish","type":"product","link":"https:\/\/tintascuritiba.com.br\/index.php\/produto\/montana-verniz-tingidor-premium\/","title":{"rendered":"Montana Verniz Tingidor Premium"},"content":{"rendered":"<p>O\u00a0<b>Verniz Tingidor Premium\u00a0<\/b>\u00e9 um verniz de base solvente que tinge, renova, impermeabiliza e enobrece substratos de madeira.<\/p>\n<div class=\"col-lg-3 col-6 text-right\">\n<p>ACABAMENTOS: ACETINADO E BRILHANTE<\/p>\n<\/div>\n<h2><strong>O que \u00e9 o Verniz Tingidor Premium<\/strong><\/h2>\n<p><b>Verniz Tingidor Premium\u00a0<\/b>\u00e9 uma subst\u00e2ncia que permanece do lado de fora da madeira, formando uma barreira protetora e protegendo contra intemp\u00e9ries naturais, exposi\u00e7\u00e3o \u00e0 chuva e luz solar direta, ao mesmo tempo em que altera ou real\u00e7a seu aspecto natural.<\/p>\n<h2><strong>Para que serve o Verniz Tingidor Premium<\/strong><\/h2>\n<p>A aplica\u00e7\u00e3o do\u00a0<b>Verniz Tingidor Premium\u00a0<\/b>\u00e9 indicada para dar cor \u00e0s madeiras novas e renovar e impermeabilizar superf\u00edcies de madeira aplainadas, lixadas ou r\u00fasticas (portas, port\u00f5es, janelas, beirais, forros e estruturas de telhado).<\/p>\n<h2><strong>Como usar o Verniz Tingidor Premium<\/strong><\/h2>\n<p>A superf\u00edcie a ser envernizada com\u00a0<b>Verniz Tingidor Premium<\/b>\u00a0deve estar limpa, seca (teor de umidade abaixo de 20%), sem mofo e isenta de contaminantes, como \u00f3leos, ceras, graxas e outros.<\/p>\n<ul>\n<li aria-level=\"1\">Madeiras novas: lixe a madeira na dire\u00e7\u00e3o dos veios e elimine toda a poeira do lixamento antes da aplica\u00e7\u00e3o do verniz.<\/li>\n<li aria-level=\"1\">Madeiras envelhecidas (madeiras acinzentadas e sem nenhum tipo de pintura): primeiramente, trate a madeira com\u00a0<b>ClariDeck<\/b>\u00a0para restaurar a tonalidade e a textura naturais da superf\u00edcie. Em seguida, siga a mesma orienta\u00e7\u00e3o da madeira nova.<\/li>\n<li aria-level=\"1\">Madeiras envernizadas ou com stain: em boas condi\u00e7\u00f5es, lixe a superf\u00edcie com lixa de grana fina e aplique o verniz. Em m\u00e1s condi\u00e7\u00f5es, remova completamente o verniz ou stain utilizando\u00a0<b>Striptizi Gel<\/b>. Ap\u00f3s a remo\u00e7\u00e3o, retire completamente os res\u00edduos do removedor e proceda como se fosse madeira nova.<\/li>\n<li aria-level=\"1\">Madeiras resinosas (Cumaru, Ip\u00ea, Peroba, Angelim, Ita\u00faba, Jatob\u00e1, Ma\u00e7aranduba): em ambientes internos, lixe a madeira na dire\u00e7\u00e3o dos veios e aplique duas dem\u00e3os pr\u00e9vias de\u00a0<b>Isolare\u00a0<\/b>base solvente verniz isolante sobre a madeira, para evitar a exsuda\u00e7\u00e3o (migra\u00e7\u00e3o) de extrativos e o retardamento da secagem do verniz. Para uso externo, aplique o verniz diretamente sobre a madeira.<\/li>\n<\/ul>\n<p>Para aplica\u00e7\u00e3o com trincha ou rolo, o\u00a0<b>Verniz Tingidor\u00a0<\/b>j\u00e1 vem pronto para uso. Para aplica\u00e7\u00e3o com pistola, a dilui\u00e7\u00e3o m\u00e1xima do produto \u00e9 feita com 5% de Aguarr\u00e1s Montana. N\u00e3o aplicar em madeiras verdes ou \u00famidas.<\/p>\n<h2><strong>Secagem<\/strong><\/h2>\n<p>Entre dem\u00e3os: 12 horas<\/p>\n<p>Manuseio: 12 horas<\/p>\n<p>Final: 24 horas<\/p>\n<h2><strong>Embalagens<\/strong><\/h2>\n<p>At\u00e9 5,75 m\u00b2 \/ 0,9 L \/ acabado (*)<\/p>\n<p>At\u00e9 23 m\u00b2 \/ 3,6 L \/ acabado (*)<\/p>\n<p>(*) conforme Norma ABNT NBR16568, Verniz \u2013 determina\u00e7\u00e3o do rendimento para uso interno e externo. Vari\u00e1vel com a t\u00e9cnica de aplica\u00e7\u00e3o, tipo de absor\u00e7\u00e3o da madeira, espessura aplicada e tipos de ferramentas para aplica\u00e7\u00e3o<\/p>\n<h2><strong>Por que utilizar Verniz Tingidor Premium da Montana<\/strong><\/h2>\n<p>O\u00a0<b>Verniz Tingidor Premium\u00a0<\/b>da Montana foi desenvolvido com resina fen\u00f3lica modificada e filtros solares, o que atribui ao produto resist\u00eancia aos raios ultravioleta e \u00f3tima resist\u00eancia ao atrito e dureza. Com mat\u00e9rias-primas de qualidade elevada, apresenta:<\/p>\n<ul>\n<li aria-level=\"1\">f\u00e1cil aplica\u00e7\u00e3o;<\/li>\n<li aria-level=\"1\">secagem r\u00e1pida;<\/li>\n<li aria-level=\"1\">\u00f3timo alastramento;<\/li>\n<li aria-level=\"1\">duplo filtro solar;<\/li>\n<li aria-level=\"1\">resist\u00eancia a intemp\u00e9ries;<\/li>\n<li aria-level=\"1\">acabamento acetinado ou brilhante;<\/li>\n<li aria-level=\"1\">quatro op\u00e7\u00f5es de cores (castanho, imbuia, mogno, ip\u00ea).<\/li>\n<\/ul>\n<p>Depois de seco, o verniz tingidor forma uma pel\u00edcula na superf\u00edcie que impermeabiliza, protege, real\u00e7a os veios, embeleza e enobrece a madeira. Siga as orienta\u00e7\u00f5es do r\u00f3tulo para obter a m\u00e1xima efici\u00eancia do produto.<\/p>\n<h2><strong>Verniz Tingidor \u00e9 na Montana<\/strong><\/h2>\n<p>Na Montana Qu\u00edmica voc\u00ea encontra uma linha completa de produtos, como o\u00a0<b>Verniz Tingidor Premium<\/b>, indicados para a preserva\u00e7\u00e3o, o tratamento, a preserva\u00e7\u00e3o e o acabamento de superf\u00edcies de madeira.<\/p>\n","protected":false},"excerpt":{"rendered":"<p>O\u00a0<b>Verniz Tingidor Premium\u00a0<\/b>\u00e9 um verniz de base solvente que tinge, renova, impermeabiliza e enobrece substratos de madeira.<\/p>\n","protected":false},"featured_media":460,"comment_status":"open","ping_status":"closed","template":"","meta":[],"product_cat":[55],"product_tag":[103,129,130],"class_list":{"0":"post-459","1":"product","2":"type-product","3":"status-publish","4":"has-post-thumbnail","5":"hentry","6":"product_cat-madeira-e-metal","7":"product_tag-base-solvente","8":"product_tag-montada","9":"product_tag-verniz-tingidor","11":"entry","12":"has-media","13":"owp-thumbs-layout-horizontal","14":"owp-btn-normal","15":"owp-tabs-layout-horizontal","16":"has-no-thumbnails","17":"has-product-nav"},"_links":{"self":[{"href":"https:\/\/tintascuritiba.com.br\/index.php\/wp-json\/wp\/v2\/product\/459","targetHints":{"allow":["GET"]}}],"collection":[{"href":"https:\/\/tintascuritiba.com.br\/index.php\/wp-json\/wp\/v2\/product"}],"about":[{"href":"https:\/\/tintascuritiba.com.br\/index.php\/wp-json\/wp\/v2\/types\/product"}],"replies":[{"embeddable":true,"href":"https:\/\/tintascuritiba.com.br\/index.php\/wp-json\/wp\/v2\/comments?post=459"}],"wp:featuredmedia":[{"embeddable":true,"href":"https:\/\/tintascuritiba.com.br\/index.php\/wp-json\/wp\/v2\/media\/460"}],"wp:attachment":[{"href":"https:\/\/tintascuritiba.com.br\/index.php\/wp-json\/wp\/v2\/media?parent=459"}],"wp:term":[{"taxonomy":"product_cat","embeddable":true,"href":"https:\/\/tintascuritiba.com.br\/index.php\/wp-json\/wp\/v2\/product_cat?post=459"},{"taxonomy":"product_tag","embeddable":true,"href":"https:\/\/tintascuritiba.com.br\/index.php\/wp-json\/wp\/v2\/product_tag?post=459"}],"curies":[{"name":"wp","href":"https:\/\/api.w.org\/{rel}","templated":true}]}}