{"id":455,"date":"2022-11-25T14:01:40","date_gmt":"2022-11-25T17:01:40","guid":{"rendered":"https:\/\/tintascuritiba.com.br\/?post_type=product&#038;p=455"},"modified":"2022-11-25T14:01:40","modified_gmt":"2022-11-25T17:01:40","slug":"montana-clarideck-clareador-e-neutralizador","status":"publish","type":"product","link":"https:\/\/tintascuritiba.com.br\/index.php\/produto\/montana-clarideck-clareador-e-neutralizador\/","title":{"rendered":"Montana Clarideck Clareador e Neutralizador"},"content":{"rendered":"<p>A recupera\u00e7\u00e3o da tonalidade original de superf\u00edcies de madeira \u00e9 poss\u00edvel com o\u00a0<b>ClariDeck<\/b>, neutralizador e clareador de superf\u00edcies que n\u00e3o agride o material.<\/p>\n<h2><strong>O que \u00e9 ClariDeck<\/strong><\/h2>\n<p>O\u00a0<b>ClariDeck\u00a0<\/b>\u00e9 um neutralizante de uso externo composto \u00e0 base de \u00e1gua, pronto para uso em superf\u00edcies de madeira, m\u00e1rmore e pedras que n\u00e3o contenham carbonato de c\u00e1lcio.<\/p>\n<h2><strong>Para que serve ClariDeck<\/strong><\/h2>\n<p><b>ClariDeck\u00a0<\/b>\u00e9 utilizado para remover, com facilidade e sem agredir o material, as manchas de cimento e ferrugem causadas por pregos, parafusos e demais pe\u00e7as met\u00e1licas que deixam a madeira acinzentada.<\/p>\n<h2><strong>Como utilizar o ClariDeck<\/strong><\/h2>\n<p>Os produtos da\u00a0<b>Linha Deck<\/b>\u00a0s\u00e3o pr\u00f3prios para uso em ambientes externos que permitam lavagem final com \u00e1gua e devem ser utilizados na ordem: NovoDeck e\u00a0<b>ClariDeck\u00a0<\/b>quando for necess\u00e1rio remover acabamento ou separadamente para suas aplica\u00e7\u00f5es espec\u00edficas.<\/p>\n<p>O\u00a0<b>ClariDeck\u00a0<\/b>deve ser utilizado ap\u00f3s a aplica\u00e7\u00e3o do NovoDeck, pois complementa o seu efeito produzindo a neutraliza\u00e7\u00e3o de res\u00edduos e a renova\u00e7\u00e3o da sua superf\u00edcie.<\/p>\n<p>Para a aplica\u00e7\u00e3o de\u00a0<b>ClariDeck<\/b>, feita com escova ou vassoura com cerdas de nylon, abra a embalagem com cuidado, leia atentamente as instru\u00e7\u00f5es do r\u00f3tulo e utilize equipamentos de prote\u00e7\u00e3o individual, como luvas e \u00f3culos:<\/p>\n<ul>\n<li aria-level=\"1\">Ap\u00f3s a lavagem com NovoDeck, com a madeira ainda molhada, aplique\u00a0<b>ClariDeck<\/b>\u00a0para devolver a cor natural da madeira;<\/li>\n<li aria-level=\"1\">Espere 15 minutos e lave bem com \u00e1gua;<\/li>\n<li aria-level=\"1\">Aguarde secagem m\u00ednima de 48 horas para aplica\u00e7\u00e3o de um acabamento, preferencialmente utilizando Osmocolor Stain UV Deck;<\/li>\n<li aria-level=\"1\">N\u00e3o \u00e9 recomendada a aplica\u00e7\u00e3o sobre m\u00e1rmore ou pedras que contenham carbonato de c\u00e1lcio em sua composi\u00e7\u00e3o.<\/li>\n<\/ul>\n<h2><strong>Embalagens<\/strong><\/h2>\n<p>Frasco (1L): 4m\u00b2 a 5m\u00b2<\/p>\n<p>Bombona (5L): 20m\u00b2 a 25m\u00b2<\/p>\n<h2><strong>Por que utilizar o ClariDeck da Montana<\/strong><\/h2>\n<p>A utiliza\u00e7\u00e3o do\u00a0<b>ClariDeck\u00a0<\/b>da Montana atenua o aspecto acinzentado de superf\u00edcies de madeira oxidadas e remove manchas de cimento e ferrugem deixadas por pregos, parafusos e outras pe\u00e7as met\u00e1licas.<\/p>\n<p>O\u00a0<b>ClariDeck\u00a0<\/b>apresenta excelentes resultados na remo\u00e7\u00e3o e no clareamento de superf\u00edcies ciment\u00edcias e pisos de pedras (granito, pedra goi\u00e1s, pedra miracema, ard\u00f3sia, entre outras).<\/p>\n<p>Siga atentamente as orienta\u00e7\u00f5es do r\u00f3tulo para utilizar com efici\u00eancia e seguran\u00e7a o produto.<\/p>\n<h2><strong>Conhe\u00e7a a linha de clareadores de madeira da Montana<\/strong><\/h2>\n<p>Na\u00a0<b>Montana Qu\u00edmica\u00a0<\/b>voc\u00ea encontra as melhores op\u00e7\u00f5es para garantir o tratamento, a prote\u00e7\u00e3o, a preserva\u00e7\u00e3o e o acabamento de superf\u00edcies de madeira, como \u00e9 o caso do\u00a0<b>ClariDeck<\/b>, preservando a tonalidade do material.<\/p>\n","protected":false},"excerpt":{"rendered":"<p>A recupera\u00e7\u00e3o da tonalidade original de superf\u00edcies de madeira \u00e9 poss\u00edvel com o\u00a0<b>ClariDeck<\/b>, neutralizador e clareador de superf\u00edcies que n\u00e3o agride o material.<\/p>\n","protected":false},"featured_media":456,"comment_status":"open","ping_status":"closed","template":"","meta":[],"product_cat":[55],"product_tag":[128,127,117],"class_list":{"0":"post-455","1":"product","2":"type-product","3":"status-publish","4":"has-post-thumbnail","5":"hentry","6":"product_cat-madeira-e-metal","7":"product_tag-clareador-e-neutralizador-de-superficies","8":"product_tag-clarideck","9":"product_tag-montana","11":"entry","12":"has-media","13":"owp-thumbs-layout-horizontal","14":"owp-btn-normal","15":"owp-tabs-layout-horizontal","16":"has-product-nav"},"_links":{"self":[{"href":"https:\/\/tintascuritiba.com.br\/index.php\/wp-json\/wp\/v2\/product\/455","targetHints":{"allow":["GET"]}}],"collection":[{"href":"https:\/\/tintascuritiba.com.br\/index.php\/wp-json\/wp\/v2\/product"}],"about":[{"href":"https:\/\/tintascuritiba.com.br\/index.php\/wp-json\/wp\/v2\/types\/product"}],"replies":[{"embeddable":true,"href":"https:\/\/tintascuritiba.com.br\/index.php\/wp-json\/wp\/v2\/comments?post=455"}],"wp:featuredmedia":[{"embeddable":true,"href":"https:\/\/tintascuritiba.com.br\/index.php\/wp-json\/wp\/v2\/media\/456"}],"wp:attachment":[{"href":"https:\/\/tintascuritiba.com.br\/index.php\/wp-json\/wp\/v2\/media?parent=455"}],"wp:term":[{"taxonomy":"product_cat","embeddable":true,"href":"https:\/\/tintascuritiba.com.br\/index.php\/wp-json\/wp\/v2\/product_cat?post=455"},{"taxonomy":"product_tag","embeddable":true,"href":"https:\/\/tintascuritiba.com.br\/index.php\/wp-json\/wp\/v2\/product_tag?post=455"}],"curies":[{"name":"wp","href":"https:\/\/api.w.org\/{rel}","templated":true}]}}