{"id":442,"date":"2022-11-23T16:30:08","date_gmt":"2022-11-23T19:30:08","guid":{"rendered":"https:\/\/tintascuritiba.com.br\/?post_type=product&#038;p=442"},"modified":"2024-02-13T00:44:13","modified_gmt":"2024-02-13T03:44:13","slug":"montana-osmocolor-stain","status":"publish","type":"product","link":"https:\/\/tintascuritiba.com.br\/index.php\/produto\/montana-osmocolor-stain\/","title":{"rendered":"Montana Osmocolor Stain"},"content":{"rendered":"<p>O\u00a0<b>Osmocolor Stain\u00a0<\/b>\u00e9 um stain preservativo de alta performance, pronto para uso, que repele \u00e1gua, possui a\u00e7\u00e3o fungicida e protege as superf\u00edcies de madeira da exposi\u00e7\u00e3o ao sol sem que haja forma\u00e7\u00e3o de pel\u00edcula<\/p>\n<h2><strong>O que \u00e9 Osmocolor Stain<\/strong><\/h2>\n<p><b>Osmocolor Stain\u00a0<\/b>protege o substrato contra a a\u00e7\u00e3o dos raios UV e dos fungos causadores de manchas e bolores, repele a \u00e1gua que pode causar o empenamento da madeira e real\u00e7a os veios e desenhos naturais do material, alterando ou real\u00e7ando sua tonalidade.<\/p>\n<p>\u00c9 poss\u00edvel encontrar\u00a0<b>Osmocolor Stain\u00a0<\/b>nas vers\u00f5es Clear, Cores Semitransparentes e Cores S\u00f3lidas.<\/p>\n<h3><strong>Vers\u00e3o Clear<\/strong><\/h3>\n<ol>\n<li aria-level=\"1\"><b>Osmocolor Stain Incolor UV Glass<\/b>\u00a0tem alta resist\u00eancia aos raios ultravioleta, a\u00e7\u00e3o fungicida e hidrorrepelente. Por ser incolor, \u00e9 indicado para real\u00e7ar a cor original da madeira, proporcionando um fino acabamento.<\/li>\n<li aria-level=\"1\"><b>Osmocolor Stain Transparente<\/b>\u00a0tem alta transpar\u00eancia e resist\u00eancia contra fungos. Com tom levemente amarelado, \u00e9 indicado para superf\u00edcies internas ou sob m\u00e9dia exposi\u00e7\u00e3o ao sol, como varandas, gazebos, lambris de forros, entre outras.<\/li>\n<li aria-level=\"1\"><b>Osmocolor Stain Natural UV Gold<\/b>\u00a0tem alta resist\u00eancia aos fungos e ao sol, cont\u00e9m duplo filtro solar, com tom amarelado. Especialmente indicado para superf\u00edcies sob alta exposi\u00e7\u00e3o a intemp\u00e9ries.<\/li>\n<\/ol>\n<h3><strong>Vers\u00e3o Cores Semitransparentes<\/strong><\/h3>\n<p>O\u00a0<b>Osmocolor Stain vers\u00e3o Cores Semitransparentes<\/b>\u00a0possui alta resist\u00eancia \u00e0 exposi\u00e7\u00e3o solar e aos fungos, elevado desempenho em superf\u00edcies horizontais, verticais e m\u00f3veis em ambientes externos e est\u00e1 dispon\u00edvel nas cores castanheira, mogno, cedro, imbuia, canela, nogueira, ip\u00ea e black.<\/p>\n<h3><strong>Vers\u00e3o Cores S\u00f3lidas<\/strong><\/h3>\n<p>O\u00a0<b>Osmocolor Stain vers\u00e3o Cores S\u00f3lidas\u00a0<\/b>possui alta resist\u00eancia aos raios solares com forte a\u00e7\u00e3o fungicida, alto poder de cobertura sem esconder a textura natural da madeira e est\u00e1 dispon\u00edvel na cor Branco Neve.<\/p>\n<h2><strong>Para que serve Osmocolor Stain<\/strong><\/h2>\n<p>O\u00a0<b>Osmocolor Stain\u00a0<\/b>serve para conferir um acabamento acetinado e real\u00e7ar os veios e desenhos naturais das estruturas de madeira do tipo aplainadas, lixadas ou r\u00fasticas, como portas, janelas, port\u00f5es, beirais, forros, telhados, gazebos, varandas, p\u00e9rgulas, m\u00f3veis r\u00fasticos e de jardim, cercas, guarda-corpos, entre outros.<\/p>\n<p>A aplica\u00e7\u00e3o do\u00a0<b>stain preservativo\u00a0<\/b>confere ao substrato a\u00e7\u00e3o hidrorrepelente para reduzir o empenamento da madeira, propriedades fungicidas e resinas e pigmentos de prote\u00e7\u00e3o contra raios ultravioletas e fungos.<\/p>\n<h2><strong>Como utilizar Osmocolor Stain<\/strong><\/h2>\n<p>Ao utilizar\u00a0<b>Osmocolor Stain<\/b>, siga atentamente as orienta\u00e7\u00f5es da embalagem do produto e certifique-se que a pe\u00e7a esteja limpa, crua e seca antes da aplica\u00e7\u00e3o com trincha.<\/p>\n<h2><strong>Secagem<\/strong><\/h2>\n<p>Toque: at\u00e9 12h<\/p>\n<p>Manuseio: 24h<\/p>\n<p>Cura total: 7 dias<\/p>\n<p>Intervalo entre dem\u00e3os: 12h<\/p>\n<h2><strong>Embalagens<\/strong><\/h2>\n<p>Quartinho (0,9L): 10 a 15m\u00b2 por dem\u00e3o<\/p>\n<p>Gal\u00e3o (3,6L): 36 a 54m\u00b2 por dem\u00e3o<\/p>\n<p>Lata (18L): 180 a 270m\u00b2 por dem\u00e3o<\/p>\n<h2><strong>Por que utilizar o Osmocolor Stain da Montana<\/strong><\/h2>\n<p>O\u00a0<b>Osmocolor Stain\u00a0<\/b>da Montana possui uma formula\u00e7\u00e3o moderna, ambientalmente amig\u00e1vel e com longa dura\u00e7\u00e3o, indicada para ambientes internos e externos. A aplica\u00e7\u00e3o do preservativo em superf\u00edcies de madeira:<\/p>\n<ul>\n<li aria-level=\"1\">protege e real\u00e7a os veios naturais da madeira;<\/li>\n<li aria-level=\"1\">penetra nas fibras acompanhando seus movimentos naturais;<\/li>\n<li aria-level=\"1\">n\u00e3o forma pel\u00edcula r\u00edgida, comum em acabamentos convencionais.<\/li>\n<\/ul>\n<p>A degrada\u00e7\u00e3o do produto acontece de forma lenta, por eros\u00e3o, o que evita a ocorr\u00eancia de trincas, bolhas e descolamentos que demandam a remo\u00e7\u00e3o total do acabamento.<\/p>\n<h2><strong>Preserva\u00e7\u00e3o de madeira \u00e9 com a Montana<\/strong><\/h2>\n<p>A\u00a0<b>Montana Qu\u00edmica\u00a0<\/b>\u00e9 especializada na cria\u00e7\u00e3o de produtos indicados para promover a preserva\u00e7\u00e3o, o tratamento, a prote\u00e7\u00e3o e o acabamento de superf\u00edcies de madeira, como \u00e9 o caso do\u00a0<b>Osmocolor Stain<\/b>. Entre em contato e conhe\u00e7a nosso cat\u00e1logo.<\/p>\n","protected":false},"excerpt":{"rendered":"<p>O\u00a0<b>Osmocolor Stain\u00a0<\/b>\u00e9 um stain preservativo de alta performance, pronto para uso, que repele \u00e1gua, possui a\u00e7\u00e3o fungicida e protege as superf\u00edcies de madeira da exposi\u00e7\u00e3o ao sol sem que haja forma\u00e7\u00e3o de pel\u00edcula<\/p>\n","protected":false},"featured_media":443,"comment_status":"open","ping_status":"closed","template":"","meta":[],"product_cat":[55],"product_tag":[117,118],"class_list":{"0":"post-442","1":"product","2":"type-product","3":"status-publish","4":"has-post-thumbnail","5":"hentry","6":"product_cat-madeira-e-metal","7":"product_tag-montana","8":"product_tag-osmocolor-stain","10":"entry","11":"has-media","12":"owp-thumbs-layout-horizontal","13":"owp-btn-normal","14":"owp-tabs-layout-horizontal","15":"has-product-nav"},"_links":{"self":[{"href":"https:\/\/tintascuritiba.com.br\/index.php\/wp-json\/wp\/v2\/product\/442","targetHints":{"allow":["GET"]}}],"collection":[{"href":"https:\/\/tintascuritiba.com.br\/index.php\/wp-json\/wp\/v2\/product"}],"about":[{"href":"https:\/\/tintascuritiba.com.br\/index.php\/wp-json\/wp\/v2\/types\/product"}],"replies":[{"embeddable":true,"href":"https:\/\/tintascuritiba.com.br\/index.php\/wp-json\/wp\/v2\/comments?post=442"}],"wp:featuredmedia":[{"embeddable":true,"href":"https:\/\/tintascuritiba.com.br\/index.php\/wp-json\/wp\/v2\/media\/443"}],"wp:attachment":[{"href":"https:\/\/tintascuritiba.com.br\/index.php\/wp-json\/wp\/v2\/media?parent=442"}],"wp:term":[{"taxonomy":"product_cat","embeddable":true,"href":"https:\/\/tintascuritiba.com.br\/index.php\/wp-json\/wp\/v2\/product_cat?post=442"},{"taxonomy":"product_tag","embeddable":true,"href":"https:\/\/tintascuritiba.com.br\/index.php\/wp-json\/wp\/v2\/product_tag?post=442"}],"curies":[{"name":"wp","href":"https:\/\/api.w.org\/{rel}","templated":true}]}}