{"id":439,"date":"2022-11-23T16:05:28","date_gmt":"2022-11-23T19:05:28","guid":{"rendered":"https:\/\/tintascuritiba.com.br\/?post_type=product&#038;p=439"},"modified":"2023-12-11T12:21:11","modified_gmt":"2023-12-11T15:21:11","slug":"renner-esmalte-pu-piscinas-brilhante-kit-ab","status":"publish","type":"product","link":"https:\/\/tintascuritiba.com.br\/index.php\/produto\/renner-esmalte-pu-piscinas-brilhante-kit-ab\/","title":{"rendered":"Renner Esmalte PU Piscinas Brilhante kit a+b"},"content":{"rendered":"<p>Esmalte PU Piscinas \u00e9 um esmalte poliuretano bicomponente imperme\u00e1vel ideal para pintura de piscinas de concreto e fibra, deixando-as muito mais bonitas e dur\u00e1veis. Desenvolvido com a mais moderna tecnologia, possui excelente ader\u00eancia e alta durabilidade, pois oferece total prote\u00e7\u00e3o contra umidade e excelente resist\u00eancia qu\u00edmica que protege contra intemp\u00e9ries. Com o passar do tempo a cor n\u00e3o desbota deixando sempre uma apar\u00eancia de nova. Para renovar, embelezar e proteger a sua piscina use Esmalte PU Piscinas e fique tranquilo.<\/p>\n<table class=\"product-features\">\n<tbody>\n<tr>\n<th>ACABAMENTO :<\/th>\n<td class=\"ck-editor\">Brilhante<\/td>\n<\/tr>\n<tr>\n<th>DEM\u00c3OS :<\/th>\n<td class=\"ck-editor\">2 a 3 dem\u00e3os<\/td>\n<\/tr>\n<tr>\n<th>EMBALAGEM :<\/th>\n<td class=\"ck-editor\">Kit 4,5 L<\/td>\n<\/tr>\n<tr>\n<th>RENDIMENTO :<\/th>\n<td class=\"ck-editor\">At\u00e9 40 m\u00b2 por dem\u00e3o<\/td>\n<\/tr>\n<tr>\n<th>SECAGEM :<\/th>\n<td class=\"ck-editor\">Ao toque: 2 horas<br \/>\nEntre dem\u00e3os: 10 &#8211; 24 horas<br \/>\nFinal: 72 horas<\/td>\n<\/tr>\n<tr>\n<th>APLICA\u00c7\u00c3O DILUI\u00c7\u00c3O :<\/th>\n<td class=\"ck-editor\">Utilizar pincel, rolo para ep\u00f3xi ou pistola<br \/>\nPincel\/Rolo para Ep\u00f3xi: 10-20% com \u00a0o redutor piscinas<br \/>\nPistola: 20-25% com o redutor piscinas<\/td>\n<\/tr>\n<\/tbody>\n<\/table>\n","protected":false},"excerpt":{"rendered":"<p>Esmalte PU Piscinas \u00e9 um esmalte poliuretano bicomponente imperme\u00e1vel ideal para pintura de piscinas de concreto e fibra, deixando-as muito mais bonitas e dur\u00e1veis. Desenvolvido com a mais moderna tecnologia, possui excelente ader\u00eancia e alta durabilidade, pois oferece total prote\u00e7\u00e3o contra umidade e excelente resist\u00eancia qu\u00edmica que protege contra intemp\u00e9ries. Com o passar do tempo a cor n\u00e3o desbota deixando sempre uma apar\u00eancia de nova. Para renovar, embelezar e proteger a sua piscina use Esmalte PU Piscinas e fique tranquilo.<\/p>\n","protected":false},"featured_media":440,"comment_status":"open","ping_status":"closed","template":"","meta":[],"product_cat":[54],"product_tag":[116,115,113,114,106],"class_list":{"0":"post-439","1":"product","2":"type-product","3":"status-publish","4":"has-post-thumbnail","5":"hentry","6":"product_cat-tintas","7":"product_tag-brilhante","8":"product_tag-esmalte-pu","9":"product_tag-esmate-pu-piscinas","10":"product_tag-piscina","11":"product_tag-renner","13":"entry","14":"has-media","15":"owp-thumbs-layout-horizontal","16":"owp-btn-normal","17":"owp-tabs-layout-horizontal","18":"has-no-thumbnails","19":"has-product-nav"},"_links":{"self":[{"href":"https:\/\/tintascuritiba.com.br\/index.php\/wp-json\/wp\/v2\/product\/439","targetHints":{"allow":["GET"]}}],"collection":[{"href":"https:\/\/tintascuritiba.com.br\/index.php\/wp-json\/wp\/v2\/product"}],"about":[{"href":"https:\/\/tintascuritiba.com.br\/index.php\/wp-json\/wp\/v2\/types\/product"}],"replies":[{"embeddable":true,"href":"https:\/\/tintascuritiba.com.br\/index.php\/wp-json\/wp\/v2\/comments?post=439"}],"wp:featuredmedia":[{"embeddable":true,"href":"https:\/\/tintascuritiba.com.br\/index.php\/wp-json\/wp\/v2\/media\/440"}],"wp:attachment":[{"href":"https:\/\/tintascuritiba.com.br\/index.php\/wp-json\/wp\/v2\/media?parent=439"}],"wp:term":[{"taxonomy":"product_cat","embeddable":true,"href":"https:\/\/tintascuritiba.com.br\/index.php\/wp-json\/wp\/v2\/product_cat?post=439"},{"taxonomy":"product_tag","embeddable":true,"href":"https:\/\/tintascuritiba.com.br\/index.php\/wp-json\/wp\/v2\/product_tag?post=439"}],"curies":[{"name":"wp","href":"https:\/\/api.w.org\/{rel}","templated":true}]}}