{"id":435,"date":"2022-11-23T15:57:28","date_gmt":"2022-11-23T18:57:28","guid":{"rendered":"https:\/\/tintascuritiba.com.br\/?post_type=product&#038;p=435"},"modified":"2022-11-23T15:57:28","modified_gmt":"2022-11-23T18:57:28","slug":"435","status":"publish","type":"product","link":"https:\/\/tintascuritiba.com.br\/index.php\/produto\/435\/","title":{"rendered":""},"content":{"rendered":"<p>Rekolor Pr\u00f3 Acetinado \u00e9 uma tinta com um sofisticado acabamento acetinado que deixa seu ambiente muito mais confort\u00e1vel e refinado. Seu acabamento oferece um toque macio que enobrece as paredes e torna os espa\u00e7os de sua casa muito mais aconchegantes. Com Rekolor Pr\u00f3 Acetinado, as paredes ficam com aspecto sempre limpo e com apar\u00eancia de novas, pois sua alta lavabilidade permite f\u00e1cil limpeza proporcionando um ambiente limpo, confort\u00e1vel e mantendo a apar\u00eancia original da pintura. Possui excelente cobertura e \u00f3timo nivelamento e rendimento. Indicado para superf\u00edcies internas e externas de alvenaria em geral, massa corrida, massa acr\u00edlica, reboco, concreto, fibrocimento, cer\u00e2mica n\u00e3o vitrificada, gesso e texturas.<\/p>\n<p>* Sem cheiro em at\u00e9 3 horas ap\u00f3s a aplica\u00e7\u00e3o.<\/p>\n<table class=\"product-features\">\n<tbody>\n<tr>\n<th>ACABAMENTO :<\/th>\n<td class=\"ck-editor\">Acetinado<\/td>\n<\/tr>\n<tr>\n<th>DEM\u00c3OS :<\/th>\n<td class=\"ck-editor\">2 a 3 dem\u00e3os<\/td>\n<\/tr>\n<tr>\n<th>EMBALAGEM :<\/th>\n<td class=\"ck-editor\">Litro 800 mL*<br \/>\nGal\u00e3o 3,2 L*<br \/>\nGal\u00e3o 3,6 L<br \/>\nBalde 16 L*<br \/>\nBalde 18 L<br \/>\n*embalagens dispon\u00edveis no sistema tintom\u00e9trico The Voice of Color<\/td>\n<\/tr>\n<tr>\n<th>RENDIMENTO :<\/th>\n<td class=\"ck-editor\">800mL: At\u00e9 4,5m\u00b2 acabado<br \/>\n3,2L: At\u00e9 18m\u00b2 acabado<br \/>\n3,6L: At\u00e9 20m\u00b2 acabado<br \/>\n16L: At\u00e9 90m\u00b2 acabado<br \/>\n18L: At\u00e9 100m\u00b2 acabado<\/td>\n<\/tr>\n<tr>\n<th>SECAGEM :<\/th>\n<td class=\"ck-editor\">Ao toque: 1 hora<br \/>\nEntre dem\u00e3os: 4 horas<br \/>\nFinal: 4 horas<\/td>\n<\/tr>\n<tr>\n<th>APLICA\u00c7\u00c3O DILUI\u00c7\u00c3O :<\/th>\n<td class=\"ck-editor\">Utilizar pincel, rolo de l\u00e3 ou pistola<br \/>\nPincel\/Rolo de L\u00e3: 20% com \u00e1gua<br \/>\nPistola: 25% com \u00e1gua<\/td>\n<\/tr>\n<\/tbody>\n<\/table>\n","protected":false},"excerpt":{"rendered":"<p>Rekolor Pr\u00f3 Acetinado \u00e9 uma tinta com um sofisticado acabamento acetinado que deixa seu ambiente muito mais confort\u00e1vel e refinado. Seu acabamento oferece um toque macio que enobrece as paredes e torna os espa\u00e7os de sua casa muito mais aconchegantes. Com Rekolor Pr\u00f3 Acetinado, as paredes ficam com aspecto sempre limpo e com apar\u00eancia de novas, pois sua alta lavabilidade permite f\u00e1cil limpeza proporcionando um ambiente limpo, confort\u00e1vel e mantendo a apar\u00eancia original da pintura. Possui excelente cobertura e \u00f3timo nivelamento e rendimento. Indicado para superf\u00edcies internas e externas de alvenaria em geral, massa corrida, massa acr\u00edlica, reboco, concreto, fibrocimento, cer\u00e2mica n\u00e3o vitrificada, gesso e texturas.<\/p>\n<p>* Sem cheiro em at\u00e9 3 horas ap\u00f3s a aplica\u00e7\u00e3o.<\/p>\n","protected":false},"featured_media":436,"comment_status":"open","ping_status":"closed","template":"","meta":[],"product_cat":[54],"product_tag":[88,112,106,82],"class_list":{"0":"post-435","1":"product","2":"type-product","3":"status-publish","4":"has-post-thumbnail","5":"hentry","6":"product_cat-tintas","7":"product_tag-acetinado","8":"product_tag-rekolor-pro","9":"product_tag-renner","10":"product_tag-tinta-acrilica-premium","12":"entry","13":"has-media","14":"owp-thumbs-layout-horizontal","15":"owp-btn-normal","16":"owp-tabs-layout-horizontal","17":"has-product-nav"},"_links":{"self":[{"href":"https:\/\/tintascuritiba.com.br\/index.php\/wp-json\/wp\/v2\/product\/435","targetHints":{"allow":["GET"]}}],"collection":[{"href":"https:\/\/tintascuritiba.com.br\/index.php\/wp-json\/wp\/v2\/product"}],"about":[{"href":"https:\/\/tintascuritiba.com.br\/index.php\/wp-json\/wp\/v2\/types\/product"}],"replies":[{"embeddable":true,"href":"https:\/\/tintascuritiba.com.br\/index.php\/wp-json\/wp\/v2\/comments?post=435"}],"wp:featuredmedia":[{"embeddable":true,"href":"https:\/\/tintascuritiba.com.br\/index.php\/wp-json\/wp\/v2\/media\/436"}],"wp:attachment":[{"href":"https:\/\/tintascuritiba.com.br\/index.php\/wp-json\/wp\/v2\/media?parent=435"}],"wp:term":[{"taxonomy":"product_cat","embeddable":true,"href":"https:\/\/tintascuritiba.com.br\/index.php\/wp-json\/wp\/v2\/product_cat?post=435"},{"taxonomy":"product_tag","embeddable":true,"href":"https:\/\/tintascuritiba.com.br\/index.php\/wp-json\/wp\/v2\/product_tag?post=435"}],"curies":[{"name":"wp","href":"https:\/\/api.w.org\/{rel}","templated":true}]}}