{"id":431,"date":"2022-11-23T15:51:11","date_gmt":"2022-11-23T18:51:11","guid":{"rendered":"https:\/\/tintascuritiba.com.br\/?post_type=product&#038;p=431"},"modified":"2022-11-23T15:51:11","modified_gmt":"2022-11-23T18:51:11","slug":"renner-extravinil-hiper-latex-fosco","status":"publish","type":"product","link":"https:\/\/tintascuritiba.com.br\/index.php\/produto\/renner-extravinil-hiper-latex-fosco\/","title":{"rendered":"Renner Extravinil Hiper Latex Fosco"},"content":{"rendered":"<p>Hiper Fosco \u00e9 uma tinta l\u00e1tex com superconsist\u00eancia e de alt\u00edssima qualidade. Para facilitar a aplica\u00e7\u00e3o, sua formula\u00e7\u00e3o especial permite retoques na pintura de paredes e tetos com secagem muito r\u00e1pida. Seu acabamento fosco disfar\u00e7a imperfei\u00e7\u00f5es e possibilita fin\u00edssimo acabamento, deixando o ambiente muito mais charmoso e bonito. Al\u00e9m disso, possui baixo respingamento, baixo odor, super-rendimento e excelente cobertura.<\/p>\n<table class=\"product-features\">\n<tbody>\n<tr>\n<th>ACABAMENTO :<\/th>\n<td class=\"ck-editor\">Fosco<\/td>\n<\/tr>\n<tr>\n<th>DEM\u00c3OS :<\/th>\n<td class=\"ck-editor\">2 a 3 dem\u00e3os<\/td>\n<\/tr>\n<tr>\n<th>EMBALAGEM :<\/th>\n<td class=\"ck-editor\">Litro 800mL*<br \/>\nLitro 900mL<br \/>\nGal\u00e3o 3,2L*<br \/>\nGal\u00e3o 3,6L<br \/>\nBalde 16L*<br \/>\nBalde 18L<br \/>\n*embalagens dispon\u00edveis no sistema tintom\u00e9trico Voice of Colour<\/td>\n<\/tr>\n<tr>\n<th>RENDIMENTO :<\/th>\n<td class=\"ck-editor\">800mL: At\u00e9 5,5m\u00b2 acabado<br \/>\n900mL: At\u00e9 6m\u00b2 acabado<br \/>\n3,2L: At\u00e9 22m\u00b2 acabado<br \/>\n3,6L: At\u00e9 24m\u00b2 acabado<br \/>\n16L: At\u00e9 110m\u00b2 acabado<br \/>\n18L: At\u00e9 120m\u00b2 acabado<\/td>\n<\/tr>\n<tr>\n<th>SECAGEM :<\/th>\n<td class=\"ck-editor\">Ao toque: 1 hora<br \/>\nEntre dem\u00e3os: 4 horas<br \/>\nFinal: 4 horas<\/td>\n<\/tr>\n<tr>\n<th>APLICA\u00c7\u00c3O DILUI\u00c7\u00c3O :<\/th>\n<td class=\"ck-editor\">Utilizar pincel, rolo de l\u00e3 ou pistola<br \/>\nPincel\/Rolo de L\u00e3: 20% a 40% com \u00e1gua<br \/>\nPistola: 40% com \u00e1gua<\/td>\n<\/tr>\n<\/tbody>\n<\/table>\n","protected":false},"excerpt":{"rendered":"<p>Hiper Fosco \u00e9 uma tinta l\u00e1tex com superconsist\u00eancia e de alt\u00edssima qualidade. Para facilitar a aplica\u00e7\u00e3o, sua formula\u00e7\u00e3o especial permite retoques na pintura de paredes e tetos com secagem muito r\u00e1pida. Seu acabamento fosco disfar\u00e7a imperfei\u00e7\u00f5es e possibilita fin\u00edssimo acabamento, deixando o ambiente muito mais charmoso e bonito. Al\u00e9m disso, possui baixo respingamento, baixo odor, super-rendimento e excelente cobertura.<\/p>\n","protected":false},"featured_media":432,"comment_status":"open","ping_status":"closed","template":"","meta":[],"product_cat":[54],"product_tag":[110,111,106,109],"class_list":{"0":"post-431","1":"product","2":"type-product","3":"status-publish","4":"has-post-thumbnail","5":"hentry","6":"product_cat-tintas","7":"product_tag-extravinil","8":"product_tag-hiper-fosco","9":"product_tag-renner","10":"product_tag-tinta-latex-premium","12":"entry","13":"has-media","14":"owp-thumbs-layout-horizontal","15":"owp-btn-normal","16":"owp-tabs-layout-horizontal","17":"has-product-nav"},"_links":{"self":[{"href":"https:\/\/tintascuritiba.com.br\/index.php\/wp-json\/wp\/v2\/product\/431","targetHints":{"allow":["GET"]}}],"collection":[{"href":"https:\/\/tintascuritiba.com.br\/index.php\/wp-json\/wp\/v2\/product"}],"about":[{"href":"https:\/\/tintascuritiba.com.br\/index.php\/wp-json\/wp\/v2\/types\/product"}],"replies":[{"embeddable":true,"href":"https:\/\/tintascuritiba.com.br\/index.php\/wp-json\/wp\/v2\/comments?post=431"}],"wp:featuredmedia":[{"embeddable":true,"href":"https:\/\/tintascuritiba.com.br\/index.php\/wp-json\/wp\/v2\/media\/432"}],"wp:attachment":[{"href":"https:\/\/tintascuritiba.com.br\/index.php\/wp-json\/wp\/v2\/media?parent=431"}],"wp:term":[{"taxonomy":"product_cat","embeddable":true,"href":"https:\/\/tintascuritiba.com.br\/index.php\/wp-json\/wp\/v2\/product_cat?post=431"},{"taxonomy":"product_tag","embeddable":true,"href":"https:\/\/tintascuritiba.com.br\/index.php\/wp-json\/wp\/v2\/product_tag?post=431"}],"curies":[{"name":"wp","href":"https:\/\/api.w.org\/{rel}","templated":true}]}}