{"id":417,"date":"2022-11-23T10:41:12","date_gmt":"2022-11-23T13:41:12","guid":{"rendered":"https:\/\/tintascuritiba.com.br\/?post_type=product&#038;p=417"},"modified":"2022-11-23T10:41:13","modified_gmt":"2022-11-23T13:41:13","slug":"iquine-dialine-seca-rapido","status":"publish","type":"product","link":"https:\/\/tintascuritiba.com.br\/index.php\/produto\/iquine-dialine-seca-rapido\/","title":{"rendered":"Iquine Dialine Seca R\u00e1pido"},"content":{"rendered":"<p>\u00c9 um esmalte de secagem extremamente r\u00e1pida e baixo odor, formando uma pel\u00edcula lisa, que dificulta a ader\u00eancia de sujeira e riscos, preservando a pintura por muito mais tempo.<\/p>\n<section class=\"card-product-information\">\n<section class=\"container\">\n<h3 class=\"title\">Onde aplicar<\/h3>\n<section class=\"content\">Revestimento de metal ferroso, alum\u00ednio, galvanizados, madeira e alvenaria em ambientes externos e internos.<\/p>\n<\/section>\n<\/section>\n<\/section>\n<section class=\"card-product-information\">\n<section class=\"container\">\n<h3 class=\"title\">Secagem<\/h3>\n<section class=\"content\">\n<p class=\"stage\"><span class=\"-dark\">Ao toque:\u00a0<\/span>20 minutos<\/p>\n<p class=\"stage\"><span class=\"-dark\">Entre dem\u00e3os:\u00a0<\/span>30 min a 2 horas<\/p>\n<p class=\"stage\"><span class=\"-dark\">Final:\u00a0<\/span>5 a 7 horas<\/p>\n<\/section>\n<\/section>\n<\/section>\n<section class=\"card-product-information\">\n<section class=\"container\">\n<h3 class=\"title\">Acabamento<\/h3>\n<section class=\"content\">\n<p class=\"stage\">Fosco<\/p>\n<p class=\"stage\">Alto brilho<\/p>\n<p class=\"stage\">Acetinado<\/p>\n<p class=\"stage\">Cores Especiais<\/p>\n<\/section>\n<\/section>\n<\/section>\n<section class=\"card-product-information\">\n<section class=\"container\">\n<h3 class=\"title\">EMBALAGEM\/RENDIMENTO POR DEM\u00c3O<\/h3>\n<section class=\"content\">\n<section class=\"packages\">\n<p class=\"stage\"><span class=\"-productpackage\">Latinha 112,5 ml<\/span>\u00a0<span class=\"-efficiency\">: 2.5m\u00b2<\/span><\/p>\n<p class=\"stage\"><span class=\"-productpackage\">Latinha 225 ml<\/span>\u00a0<span class=\"-efficiency\">: 4.5m\u00b2<\/span><\/p>\n<p class=\"stage\"><span class=\"-productpackage\">Quarto 750 ml<\/span>\u00a0<span class=\"-efficiency\">: 16m\u00b2<\/span><\/p>\n<p class=\"stage\"><span class=\"-productpackage\">Quarto 900 ml<\/span>\u00a0<span class=\"-efficiency\">: 19m\u00b2<\/span><\/p>\n<p class=\"stage\"><span class=\"-productpackage\">Gal\u00e3o 3 litros<\/span>\u00a0<span class=\"-efficiency\">: 63m\u00b2<\/span><\/p>\n<p class=\"stage\"><span class=\"-productpackage\">Gal\u00e3o 3,6 litros<\/span>\u00a0<span class=\"-efficiency\">: 76m\u00b2<\/span><\/p>\n<\/section>\n<\/section>\n<\/section>\n<\/section>\n","protected":false},"excerpt":{"rendered":"<p>\u00c9 um esmalte de secagem extremamente r\u00e1pida e baixo odor, formando uma pel\u00edcula lisa, que dificulta a ader\u00eancia de sujeira e riscos, preservando a pintura por muito mais tempo.<\/p>\n","protected":false},"featured_media":418,"comment_status":"open","ping_status":"closed","template":"","meta":[],"product_cat":[54],"product_tag":[103,102,83,104],"class_list":{"0":"post-417","1":"product","2":"type-product","3":"status-publish","4":"has-post-thumbnail","5":"hentry","6":"product_cat-tintas","7":"product_tag-base-solvente","8":"product_tag-esmalte-sintetico-premium","9":"product_tag-iquine","10":"product_tag-seca-rapido","12":"entry","13":"has-media","14":"owp-thumbs-layout-horizontal","15":"owp-btn-normal","16":"owp-tabs-layout-horizontal","17":"has-product-nav"},"_links":{"self":[{"href":"https:\/\/tintascuritiba.com.br\/index.php\/wp-json\/wp\/v2\/product\/417","targetHints":{"allow":["GET"]}}],"collection":[{"href":"https:\/\/tintascuritiba.com.br\/index.php\/wp-json\/wp\/v2\/product"}],"about":[{"href":"https:\/\/tintascuritiba.com.br\/index.php\/wp-json\/wp\/v2\/types\/product"}],"replies":[{"embeddable":true,"href":"https:\/\/tintascuritiba.com.br\/index.php\/wp-json\/wp\/v2\/comments?post=417"}],"wp:featuredmedia":[{"embeddable":true,"href":"https:\/\/tintascuritiba.com.br\/index.php\/wp-json\/wp\/v2\/media\/418"}],"wp:attachment":[{"href":"https:\/\/tintascuritiba.com.br\/index.php\/wp-json\/wp\/v2\/media?parent=417"}],"wp:term":[{"taxonomy":"product_cat","embeddable":true,"href":"https:\/\/tintascuritiba.com.br\/index.php\/wp-json\/wp\/v2\/product_cat?post=417"},{"taxonomy":"product_tag","embeddable":true,"href":"https:\/\/tintascuritiba.com.br\/index.php\/wp-json\/wp\/v2\/product_tag?post=417"}],"curies":[{"name":"wp","href":"https:\/\/api.w.org\/{rel}","templated":true}]}}