{"id":399,"date":"2022-11-22T16:56:47","date_gmt":"2022-11-22T19:56:47","guid":{"rendered":"https:\/\/tintascuritiba.com.br\/?post_type=product&#038;p=399"},"modified":"2022-11-22T16:56:47","modified_gmt":"2022-11-22T19:56:47","slug":"iquine-dialine-topa-tudo-premium-esmalte-base-agua","status":"publish","type":"product","link":"https:\/\/tintascuritiba.com.br\/index.php\/produto\/iquine-dialine-topa-tudo-premium-esmalte-base-agua\/","title":{"rendered":"Iquine Dialine Topa Tudo Premium Esmalte Base \u00c1gua"},"content":{"rendered":"<p>\u00c9 um esmalte base \u00e1gua de secagem r\u00e1pida, ideal para todos os tipos de superf\u00edcie. Sua f\u00f3rmula apresenta baixo odor e proporciona uma pel\u00edcula extremamente lisa, que dificulta a ader\u00eancia de sujeira.<\/p>\n<section class=\"card-product-information\">\n<section class=\"container\">\n<h3 class=\"title\">Onde aplicar<\/h3>\n<section class=\"content\">Alvenaria, madeiras, metais ferrosos, galvanizados, alum\u00ednio e PVC.<\/p>\n<\/section>\n<\/section>\n<\/section>\n<section class=\"card-product-information\">\n<section class=\"container\">\n<h3 class=\"title\">Secagem<\/h3>\n<section class=\"content\">\n<p class=\"stage\"><span class=\"-dark\">Ao toque:\u00a0<\/span>30 min<\/p>\n<p class=\"stage\"><span class=\"-dark\">Entre dem\u00e3os:\u00a0<\/span>4 horas<\/p>\n<p class=\"stage\"><span class=\"-dark\">Final:\u00a0<\/span>5 horas<\/p>\n<\/section>\n<\/section>\n<\/section>\n<section class=\"card-product-information\">\n<section class=\"container\">\n<h3 class=\"title\">Acabamento<\/h3>\n<section class=\"content\">\n<p class=\"stage\">Fosco<\/p>\n<p class=\"stage\">Alto brilho<\/p>\n<p class=\"stage\">Acetinado<\/p>\n<\/section>\n<\/section>\n<\/section>\n<section class=\"card-product-information\">\n<section class=\"container\">\n<h3 class=\"title\">EMBALAGEM\/RENDIMENTO POR DEM\u00c3O<\/h3>\n<section class=\"content\">\n<section class=\"packages\">\n<p class=\"stage\"><span class=\"-productpackage\">Quarto 900 ml<\/span>\u00a0<span class=\"-efficiency\">: 19m\u00b2<\/span><\/p>\n<p class=\"stage\"><span class=\"-productpackage\">Gal\u00e3o 3,6 litros<\/span>\u00a0<span class=\"-efficiency\">: 76m\u00b2<\/span><\/p>\n<\/section>\n<\/section>\n<\/section>\n<\/section>\n","protected":false},"excerpt":{"rendered":"<p>\u00c9 um esmalte base \u00e1gua de secagem r\u00e1pida, ideal para todos os tipos de superf\u00edcie. Sua f\u00f3rmula apresenta baixo odor e proporciona uma pel\u00edcula extremamente lisa, que dificulta a ader\u00eancia de sujeira.<\/p>\n","protected":false},"featured_media":400,"comment_status":"open","ping_status":"closed","template":"","meta":[],"product_cat":[54],"product_tag":[81,95,96,76,83],"class_list":{"0":"post-399","1":"product","2":"type-product","3":"status-publish","4":"has-post-thumbnail","5":"hentry","6":"product_cat-tintas","7":"product_tag-base-agua","8":"product_tag-dialine","9":"product_tag-esmalte-premium","10":"product_tag-esmalte-sintetico","11":"product_tag-iquine","13":"entry","14":"has-media","15":"owp-thumbs-layout-horizontal","16":"owp-btn-normal","17":"owp-tabs-layout-horizontal","18":"has-product-nav"},"_links":{"self":[{"href":"https:\/\/tintascuritiba.com.br\/index.php\/wp-json\/wp\/v2\/product\/399","targetHints":{"allow":["GET"]}}],"collection":[{"href":"https:\/\/tintascuritiba.com.br\/index.php\/wp-json\/wp\/v2\/product"}],"about":[{"href":"https:\/\/tintascuritiba.com.br\/index.php\/wp-json\/wp\/v2\/types\/product"}],"replies":[{"embeddable":true,"href":"https:\/\/tintascuritiba.com.br\/index.php\/wp-json\/wp\/v2\/comments?post=399"}],"wp:featuredmedia":[{"embeddable":true,"href":"https:\/\/tintascuritiba.com.br\/index.php\/wp-json\/wp\/v2\/media\/400"}],"wp:attachment":[{"href":"https:\/\/tintascuritiba.com.br\/index.php\/wp-json\/wp\/v2\/media?parent=399"}],"wp:term":[{"taxonomy":"product_cat","embeddable":true,"href":"https:\/\/tintascuritiba.com.br\/index.php\/wp-json\/wp\/v2\/product_cat?post=399"},{"taxonomy":"product_tag","embeddable":true,"href":"https:\/\/tintascuritiba.com.br\/index.php\/wp-json\/wp\/v2\/product_tag?post=399"}],"curies":[{"name":"wp","href":"https:\/\/api.w.org\/{rel}","templated":true}]}}