{"id":395,"date":"2022-11-22T14:55:58","date_gmt":"2022-11-22T17:55:58","guid":{"rendered":"https:\/\/tintascuritiba.com.br\/?post_type=product&#038;p=395"},"modified":"2022-11-22T14:55:59","modified_gmt":"2022-11-22T17:55:59","slug":"iquine-decoratto-marmore","status":"publish","type":"product","link":"https:\/\/tintascuritiba.com.br\/index.php\/produto\/iquine-decoratto-marmore\/","title":{"rendered":"Iquine Decoratto M\u00e1rmore"},"content":{"rendered":"<div>\n<section class=\"container\"><span class=\"label\">Como aplicar<\/span><\/section>\n<\/div>\n<section class=\"how-apply-container\">\n<h3 class=\"-heading-5\">Voc\u00ea pode usar:<\/h3>\n<section class=\"cards-application\">\n<section class=\"card-product-information cards-apply-methods\">\n<section class=\"container\">\n<h3 class=\"title\">Desempenadeira met\u00e1lica de bordas arredondadas<\/h3>\n<\/section>\n<\/section>\n<section class=\"card-product-information cards-apply-methods\">\n<section class=\"container\">\n<h3 class=\"title\">Esp\u00e1tula met\u00e1lica<\/h3>\n<section class=\"content\"><\/section>\n<\/section>\n<\/section>\n<\/section>\n<p class=\"-paragraph\">&#8211; PRODUTO PRONTO PARA USO. **EFEITO M\u00c1RMORE:** &#8211; Ap\u00f3s a prepara\u00e7\u00e3o da superf\u00edcie, com uma desempenadeira de a\u00e7o de cantos arredondados e sem rebarbas, aplique uma ou duas dem\u00e3os, finas, de DECORATTO M\u00c1RMORE para obter uma camada nivelada. Ap\u00f3s o intervalo de 6 a 8 horas, lixe a superf\u00edcie com lixa n\u00famero 360 ou 400 e remova todo o p\u00f3. Em seguida aplique pequenas por\u00e7\u00f5es do DECORATTO M\u00c1RMORE com desempenadeira, usando movimentos aleat\u00f3rios. Remova imediatamente o produto que acabou de ser depositado, de forma a provocar o manchamento, sem prejudicar o nivelamento da &#8211; superf\u00edcie. A repeti\u00e7\u00e3o desta opera\u00e7\u00e3o, ap\u00f3s um intervalo de 6 a 8 horas, torna o efeito mais intenso. **POLIMENTO SEM CERA:** &#8211; Ap\u00f3s um intervalo de 3 a 4 horas, use uma das bordas sem rebarbas da desempenadeira para dar polimento a superf\u00edcie. Este polimento \u00e9 feito friccionando toda a superf\u00edcie em um s\u00f3 sentido, usando esta ferramenta inclinada tal como um \u201crodo\u201d. **POLIMENTO COM CERA:** &#8211; Para obter brilho m\u00e1ximo e uniforme, aplique uma camada de cera pastosa incolor, escolhendo uma marca de boa proced\u00eancia, usando sempre uma espuma ou flanela macia, com movimentos suaves e circulares. &#8211; Depois, com uma flanela macia ou boina de polimento limpa, d\u00ea o polimento na superf\u00edcie 15 minutos ap\u00f3s a aplica\u00e7\u00e3o da cera, tamb\u00e9m em movimentos circulares. **DICA:** Para uma manuten\u00e7\u00e3o do brilho, recomenda-se aplicar cera l\u00edquida cremosa incolor (ex. cera para m\u00f3veis), quando necess\u00e1rio. O uso da m\u00e1quina polidora, aumenta o brilho.<\/p>\n<\/section>\n","protected":false},"excerpt":{"rendered":"<p>&#8211; PRODUTO PRONTO PARA USO. **EFEITO M\u00c1RMORE:**<\/p>\n","protected":false},"featured_media":396,"comment_status":"open","ping_status":"closed","template":"","meta":[],"product_cat":[56],"product_tag":[94,83],"class_list":{"0":"post-395","1":"product","2":"type-product","3":"status-publish","4":"has-post-thumbnail","5":"hentry","6":"product_cat-textura-grafiato-e-massas","7":"product_tag-efeito-marmore","8":"product_tag-iquine","10":"entry","11":"has-media","12":"owp-thumbs-layout-horizontal","13":"owp-btn-normal","14":"owp-tabs-layout-horizontal","15":"has-product-nav"},"_links":{"self":[{"href":"https:\/\/tintascuritiba.com.br\/index.php\/wp-json\/wp\/v2\/product\/395","targetHints":{"allow":["GET"]}}],"collection":[{"href":"https:\/\/tintascuritiba.com.br\/index.php\/wp-json\/wp\/v2\/product"}],"about":[{"href":"https:\/\/tintascuritiba.com.br\/index.php\/wp-json\/wp\/v2\/types\/product"}],"replies":[{"embeddable":true,"href":"https:\/\/tintascuritiba.com.br\/index.php\/wp-json\/wp\/v2\/comments?post=395"}],"wp:featuredmedia":[{"embeddable":true,"href":"https:\/\/tintascuritiba.com.br\/index.php\/wp-json\/wp\/v2\/media\/396"}],"wp:attachment":[{"href":"https:\/\/tintascuritiba.com.br\/index.php\/wp-json\/wp\/v2\/media?parent=395"}],"wp:term":[{"taxonomy":"product_cat","embeddable":true,"href":"https:\/\/tintascuritiba.com.br\/index.php\/wp-json\/wp\/v2\/product_cat?post=395"},{"taxonomy":"product_tag","embeddable":true,"href":"https:\/\/tintascuritiba.com.br\/index.php\/wp-json\/wp\/v2\/product_tag?post=395"}],"curies":[{"name":"wp","href":"https:\/\/api.w.org\/{rel}","templated":true}]}}