{"id":387,"date":"2022-11-22T14:36:06","date_gmt":"2022-11-22T17:36:06","guid":{"rendered":"https:\/\/tintascuritiba.com.br\/?post_type=product&#038;p=387"},"modified":"2022-11-22T14:36:06","modified_gmt":"2022-11-22T17:36:06","slug":"iquine-limpa-facil-standard-semibrilho","status":"publish","type":"product","link":"https:\/\/tintascuritiba.com.br\/index.php\/produto\/iquine-limpa-facil-standard-semibrilho\/","title":{"rendered":"Iquine Limpa F\u00e1cil Standard SemiBrilho"},"content":{"rendered":"<p>Tinta com exclusiva f\u00f3rmula Limpa F\u00e1cil, que cria uma pel\u00edcula extremamente lisa, facilitando a remo\u00e7\u00e3o de sujeiras e manchas.<\/p>\n<section class=\"card-product-information\">\n<section class=\"container\">\n<h3 class=\"title\">Onde aplicar<\/h3>\n<section class=\"content\">Indicado para superf\u00edcies internas e externas de alvenaria.<\/p>\n<\/section>\n<\/section>\n<\/section>\n<section class=\"card-product-information\">\n<section class=\"container\">\n<h3 class=\"title\">Secagem<\/h3>\n<section class=\"content\">\n<p class=\"stage\"><span class=\"-dark\">Ao toque:\u00a0<\/span>30 minutos<\/p>\n<p class=\"stage\"><span class=\"-dark\">Entre dem\u00e3os:\u00a0<\/span>2 a 4 horas<\/p>\n<p class=\"stage\"><span class=\"-dark\">Final:\u00a0<\/span>12 horas<\/p>\n<\/section>\n<\/section>\n<\/section>\n<section class=\"card-product-information\">\n<section class=\"container\">\n<h3 class=\"title\">Acabamento<\/h3>\n<section class=\"content\">\n<p class=\"stage\">Semibrilho<\/p>\n<\/section>\n<\/section>\n<\/section>\n<section class=\"card-product-information\">\n<section class=\"container\">\n<h3 class=\"title\">RENDIMENTO ACABADO POR EMBALAGEM<\/h3>\n<section class=\"content\">\n<section class=\"packages\">\n<p class=\"stage\"><span class=\"-productpackage\">Gal\u00e3o 3,6 litros<\/span>\u00a0<span class=\"-efficiency\">: 16m\u00b2<\/span>\u00a0<span class=\"-details\">&#8211; Ready mix<\/span><\/p>\n<p class=\"stage\"><span class=\"-productpackage\">Lat\u00e3o 18 litros<\/span>\u00a0<span class=\"-efficiency\">: 80m\u00b2<\/span>\u00a0<span class=\"-details\">&#8211; Ready mix<\/span><\/p>\n<p class=\"stage\"><span class=\"-productpackage\">Gal\u00e3o 3,2 litros<\/span>\u00a0<span class=\"-efficiency\">: 14m\u00b2<\/span>\u00a0<span class=\"-details\">&#8211; iCores<\/span><\/p>\n<p class=\"stage\"><span class=\"-productpackage\">Lat\u00e3o 16 litros<\/span>\u00a0<span class=\"-efficiency\">: 71m\u00b2<\/span>\u00a0<span class=\"-details\">&#8211; iCores<\/span><\/p>\n<\/section>\n<\/section>\n<\/section>\n<\/section>\n","protected":false},"excerpt":{"rendered":"<p>Tinta com exclusiva f\u00f3rmula Limpa F\u00e1cil, que cria uma pel\u00edcula extremamente lisa, facilitando a remo\u00e7\u00e3o de sujeiras e manchas.<\/p>\n","protected":false},"featured_media":388,"comment_status":"open","ping_status":"closed","template":"","meta":[],"product_cat":[54],"product_tag":[91,83,92,60],"class_list":{"0":"post-387","1":"product","2":"type-product","3":"status-publish","4":"has-post-thumbnail","5":"hentry","6":"product_cat-tintas","7":"product_tag-acrilico-standard","8":"product_tag-iquine","9":"product_tag-semibrilho","10":"product_tag-tinta","12":"entry","13":"has-media","14":"owp-thumbs-layout-horizontal","15":"owp-btn-normal","16":"owp-tabs-layout-horizontal","17":"has-product-nav"},"_links":{"self":[{"href":"https:\/\/tintascuritiba.com.br\/index.php\/wp-json\/wp\/v2\/product\/387","targetHints":{"allow":["GET"]}}],"collection":[{"href":"https:\/\/tintascuritiba.com.br\/index.php\/wp-json\/wp\/v2\/product"}],"about":[{"href":"https:\/\/tintascuritiba.com.br\/index.php\/wp-json\/wp\/v2\/types\/product"}],"replies":[{"embeddable":true,"href":"https:\/\/tintascuritiba.com.br\/index.php\/wp-json\/wp\/v2\/comments?post=387"}],"wp:featuredmedia":[{"embeddable":true,"href":"https:\/\/tintascuritiba.com.br\/index.php\/wp-json\/wp\/v2\/media\/388"}],"wp:attachment":[{"href":"https:\/\/tintascuritiba.com.br\/index.php\/wp-json\/wp\/v2\/media?parent=387"}],"wp:term":[{"taxonomy":"product_cat","embeddable":true,"href":"https:\/\/tintascuritiba.com.br\/index.php\/wp-json\/wp\/v2\/product_cat?post=387"},{"taxonomy":"product_tag","embeddable":true,"href":"https:\/\/tintascuritiba.com.br\/index.php\/wp-json\/wp\/v2\/product_tag?post=387"}],"curies":[{"name":"wp","href":"https:\/\/api.w.org\/{rel}","templated":true}]}}