{"id":379,"date":"2022-11-22T11:18:07","date_gmt":"2022-11-22T14:18:07","guid":{"rendered":"https:\/\/tintascuritiba.com.br\/?post_type=product&#038;p=379"},"modified":"2022-11-22T11:18:07","modified_gmt":"2022-11-22T14:18:07","slug":"iquine-seda-super-lavavel-premium-acetinado","status":"publish","type":"product","link":"https:\/\/tintascuritiba.com.br\/index.php\/produto\/iquine-seda-super-lavavel-premium-acetinado\/","title":{"rendered":"Iquine Seda Super Lav\u00e1vel Premium Acetinado"},"content":{"rendered":"<p>Seda Super Lav\u00e1vel \u00e9 uma tinta acr\u00edlica com excepcional poder de cobertura e resist\u00eancia. Possui uma f\u00f3rmula exclusiva que confere fin\u00edssimo acabamento acetinado, transmitindo uma sensa\u00e7\u00e3o de requinte e sofistica\u00e7\u00e3o. \u00c9 indicada para superf\u00edcie de alvenaria em \u00e1reas externas e internas.<\/p>\n<section class=\"card-product-information\">\n<section class=\"container\">\n<h3 class=\"title\">Onde aplicar<\/h3>\n<section class=\"content\">Indicado para superf\u00edcies externas e internas de alvenaria.<\/p>\n<\/section>\n<\/section>\n<\/section>\n<section class=\"card-product-information\">\n<section class=\"container\">\n<h3 class=\"title\">Secagem<\/h3>\n<section class=\"content\">\n<p class=\"stage\"><span class=\"-dark\">Ao toque:\u00a0<\/span>2h<\/p>\n<p class=\"stage\"><span class=\"-dark\">Entre dem\u00e3os:\u00a0<\/span>2 a 4 h<\/p>\n<p class=\"stage\"><span class=\"-dark\">Final:\u00a0<\/span>12h<\/p>\n<\/section>\n<\/section>\n<\/section>\n<section class=\"card-product-information\">\n<section class=\"container\">\n<h3 class=\"title\">Acabamento<\/h3>\n<section class=\"content\">\n<p class=\"stage\">Acetinado<\/p>\n<\/section>\n<\/section>\n<\/section>\n<section class=\"card-product-information\">\n<section class=\"container\">\n<h3 class=\"title\">Embalagens e rendimento por dem\u00e3o<\/h3>\n<section class=\"content\">\n<section class=\"packages\">\n<p class=\"stage\"><span class=\"-productpackage\">Quarto 900 ml<\/span>\u00a0<span class=\"-efficiency\">: 5.5m\u00b2<\/span>\u00a0<span class=\"-details\">&#8211; Ready mix<\/span><\/p>\n<p class=\"stage\"><span class=\"-productpackage\">Gal\u00e3o 3,6 litros<\/span>\u00a0<span class=\"-efficiency\">: 22m\u00b2<\/span>\u00a0<span class=\"-details\">&#8211; Ready mix<\/span><\/p>\n<p class=\"stage\"><span class=\"-productpackage\">Lat\u00e3o 18 litros<\/span>\u00a0<span class=\"-efficiency\">: 110m\u00b2<\/span>\u00a0<span class=\"-details\">&#8211; Ready mix<\/span><\/p>\n<p class=\"stage\"><span class=\"-productpackage\">Quarto 800 ml<\/span>\u00a0<span class=\"-efficiency\">: 5m\u00b2<\/span>\u00a0<span class=\"-details\">&#8211; iCores<\/span><\/p>\n<p class=\"stage\"><span class=\"-productpackage\">Gal\u00e3o 3,2 litros<\/span>\u00a0<span class=\"-efficiency\">: 20m\u00b2<\/span>\u00a0<span class=\"-details\">&#8211; iCores<\/span><\/p>\n<p class=\"stage\"><span class=\"-productpackage\">Lat\u00e3o 16 litros<\/span>\u00a0<span class=\"-efficiency\">: 98m\u00b2<\/span>\u00a0<span class=\"-details\">&#8211; iCores<\/span><\/p>\n<\/section>\n<\/section>\n<\/section>\n<\/section>\n","protected":false},"excerpt":{"rendered":"<p>Seda Super Lav\u00e1vel \u00e9 uma tinta acr\u00edlica com excepcional poder de cobertura e resist\u00eancia. Possui uma f\u00f3rmula exclusiva que confere fin\u00edssimo acabamento acetinado, transmitindo uma sensa\u00e7\u00e3o de requinte e sofistica\u00e7\u00e3o. \u00c9 indicada para superf\u00edcie de alvenaria em \u00e1reas externas e internas.<\/p>\n","protected":false},"featured_media":380,"comment_status":"open","ping_status":"closed","template":"","meta":[],"product_cat":[54],"product_tag":[88,83,82],"class_list":{"0":"post-379","1":"product","2":"type-product","3":"status-publish","4":"has-post-thumbnail","5":"hentry","6":"product_cat-tintas","7":"product_tag-acetinado","8":"product_tag-iquine","9":"product_tag-tinta-acrilica-premium","11":"entry","12":"has-media","13":"owp-thumbs-layout-horizontal","14":"owp-btn-normal","15":"owp-tabs-layout-horizontal","16":"has-product-nav"},"_links":{"self":[{"href":"https:\/\/tintascuritiba.com.br\/index.php\/wp-json\/wp\/v2\/product\/379","targetHints":{"allow":["GET"]}}],"collection":[{"href":"https:\/\/tintascuritiba.com.br\/index.php\/wp-json\/wp\/v2\/product"}],"about":[{"href":"https:\/\/tintascuritiba.com.br\/index.php\/wp-json\/wp\/v2\/types\/product"}],"replies":[{"embeddable":true,"href":"https:\/\/tintascuritiba.com.br\/index.php\/wp-json\/wp\/v2\/comments?post=379"}],"wp:featuredmedia":[{"embeddable":true,"href":"https:\/\/tintascuritiba.com.br\/index.php\/wp-json\/wp\/v2\/media\/380"}],"wp:attachment":[{"href":"https:\/\/tintascuritiba.com.br\/index.php\/wp-json\/wp\/v2\/media?parent=379"}],"wp:term":[{"taxonomy":"product_cat","embeddable":true,"href":"https:\/\/tintascuritiba.com.br\/index.php\/wp-json\/wp\/v2\/product_cat?post=379"},{"taxonomy":"product_tag","embeddable":true,"href":"https:\/\/tintascuritiba.com.br\/index.php\/wp-json\/wp\/v2\/product_tag?post=379"}],"curies":[{"name":"wp","href":"https:\/\/api.w.org\/{rel}","templated":true}]}}