{"id":373,"date":"2022-11-22T11:09:43","date_gmt":"2022-11-22T14:09:43","guid":{"rendered":"https:\/\/tintascuritiba.com.br\/?post_type=product&#038;p=373"},"modified":"2022-11-22T11:09:43","modified_gmt":"2022-11-22T14:09:43","slug":"iquine-delanil-rende-muito-standard-fosco","status":"publish","type":"product","link":"https:\/\/tintascuritiba.com.br\/index.php\/produto\/iquine-delanil-rende-muito-standard-fosco\/","title":{"rendered":"Iquine Delanil Rende Muito Standard Fosco"},"content":{"rendered":"<p>De f\u00e1cil aplica\u00e7\u00e3o e baixo respingamento, \u00e9 uma tinta que apresenta alt\u00edssimo rendimento. Sem cheiro e com aditivos antimofo e bactericida confere \u00e0s superf\u00edcies mais resist\u00eancia e cobertura.<\/p>\n<section class=\"card-product-information\">\n<section class=\"container\">\n<h3 class=\"title\">Onde aplicar<\/h3>\n<section class=\"content\">Indicado para pintura de alvenaria em ambientes internos e externos.<\/p>\n<\/section>\n<\/section>\n<\/section>\n<section class=\"card-product-information\">\n<section class=\"container\">\n<h3 class=\"title\">Secagem<\/h3>\n<section class=\"content\">\n<p class=\"stage\"><span class=\"-dark\">Ao toque:\u00a0<\/span>30 minutos<\/p>\n<p class=\"stage\"><span class=\"-dark\">Entre dem\u00e3os:\u00a0<\/span>2 a 4 horas<\/p>\n<p class=\"stage\"><span class=\"-dark\">Final:\u00a0<\/span>4 horas<\/p>\n<\/section>\n<\/section>\n<\/section>\n<section class=\"card-product-information\">\n<section class=\"container\">\n<h3 class=\"title\">Acabamento<\/h3>\n<section class=\"content\">\n<p class=\"stage\">Fosco<\/p>\n<\/section>\n<\/section>\n<\/section>\n<section class=\"card-product-information\">\n<section class=\"container\">\n<h3 class=\"title\">RENDIMENTO ACABADO POR EMBALAGEM<\/h3>\n<section class=\"content\">\n<section class=\"packages\">\n<p class=\"stage\"><span class=\"-productpackage\">Gal\u00e3o 3,6 litros<\/span>\u00a0<span class=\"-efficiency\">: 34m\u00b2<\/span>\u00a0<span class=\"-details\">&#8211; Ready mix<\/span><\/p>\n<p class=\"stage\"><span class=\"-productpackage\">Lat\u00e3o 15 litros<\/span>\u00a0<span class=\"-efficiency\">: 141m\u00b2<\/span>\u00a0<span class=\"-details\">&#8211; Ready mix<\/span><\/p>\n<p class=\"stage\"><span class=\"-productpackage\">Lat\u00e3o 18 litros<\/span>\u00a0<span class=\"-efficiency\">: 170m\u00b2<\/span>\u00a0<span class=\"-details\">&#8211; Ready mix<\/span><\/p>\n<p class=\"stage\"><span class=\"-productpackage\">Balde 15 litros<\/span>\u00a0<span class=\"-efficiency\">: 141m\u00b2<\/span>\u00a0<span class=\"-details\">&#8211; Ready mix<\/span><\/p>\n<p class=\"stage\"><span class=\"-productpackage\">Gal\u00e3o 3,2 litros<\/span>\u00a0<span class=\"-efficiency\">: 30m\u00b2<\/span>\u00a0<span class=\"-details\">&#8211; iCores<\/span><\/p>\n<p class=\"stage\"><span class=\"-productpackage\">Lat\u00e3o 16 litros<\/span>\u00a0<span class=\"-efficiency\">: 151m\u00b2<\/span>\u00a0<span class=\"-details\">&#8211; iCores<\/span><\/p>\n<\/section>\n<\/section>\n<\/section>\n<\/section>\n","protected":false},"excerpt":{"rendered":"<p>De f\u00e1cil aplica\u00e7\u00e3o e baixo respingamento, \u00e9 uma tinta que apresenta alt\u00edssimo rendimento. Sem cheiro e com aditivos antimofo e bactericida confere \u00e0s superf\u00edcies mais resist\u00eancia e cobertura.<\/p>\n","protected":false},"featured_media":374,"comment_status":"open","ping_status":"closed","template":"","meta":[],"product_cat":[54],"product_tag":[83,87,60,86],"class_list":{"0":"post-373","1":"product","2":"type-product","3":"status-publish","4":"has-post-thumbnail","5":"hentry","6":"product_cat-tintas","7":"product_tag-iquine","8":"product_tag-standard","9":"product_tag-tinta","10":"product_tag-tinta-standard-fosco","12":"entry","13":"has-media","14":"owp-thumbs-layout-horizontal","15":"owp-btn-normal","16":"owp-tabs-layout-horizontal","17":"has-product-nav"},"_links":{"self":[{"href":"https:\/\/tintascuritiba.com.br\/index.php\/wp-json\/wp\/v2\/product\/373","targetHints":{"allow":["GET"]}}],"collection":[{"href":"https:\/\/tintascuritiba.com.br\/index.php\/wp-json\/wp\/v2\/product"}],"about":[{"href":"https:\/\/tintascuritiba.com.br\/index.php\/wp-json\/wp\/v2\/types\/product"}],"replies":[{"embeddable":true,"href":"https:\/\/tintascuritiba.com.br\/index.php\/wp-json\/wp\/v2\/comments?post=373"}],"wp:featuredmedia":[{"embeddable":true,"href":"https:\/\/tintascuritiba.com.br\/index.php\/wp-json\/wp\/v2\/media\/374"}],"wp:attachment":[{"href":"https:\/\/tintascuritiba.com.br\/index.php\/wp-json\/wp\/v2\/media?parent=373"}],"wp:term":[{"taxonomy":"product_cat","embeddable":true,"href":"https:\/\/tintascuritiba.com.br\/index.php\/wp-json\/wp\/v2\/product_cat?post=373"},{"taxonomy":"product_tag","embeddable":true,"href":"https:\/\/tintascuritiba.com.br\/index.php\/wp-json\/wp\/v2\/product_tag?post=373"}],"curies":[{"name":"wp","href":"https:\/\/api.w.org\/{rel}","templated":true}]}}