{"id":369,"date":"2022-11-22T10:50:45","date_gmt":"2022-11-22T13:50:45","guid":{"rendered":"https:\/\/tintascuritiba.com.br\/?post_type=product&#038;p=369"},"modified":"2022-11-22T10:50:46","modified_gmt":"2022-11-22T13:50:46","slug":"iquine-fosco-duravel-acrilico","status":"publish","type":"product","link":"https:\/\/tintascuritiba.com.br\/index.php\/produto\/iquine-fosco-duravel-acrilico\/","title":{"rendered":"Iquine Fosco Dur\u00e1vel Acr\u00edlico"},"content":{"rendered":"<p>Possui excepcional durabilidade em ambientes externos. \u00c9 um produto com alto poder de cobertura e rendimento e acabamento fosco, que disfar\u00e7a pequenas imperfei\u00e7\u00f5es da superf\u00edcie.<\/p>\n<section class=\"card-product-information\">\n<section class=\"container\">\n<h3 class=\"title\">Onde aplicar<\/h3>\n<section class=\"content\">Indicada para superf\u00edcies externas e internas de alvenaria.<\/p>\n<\/section>\n<\/section>\n<\/section>\n<section class=\"card-product-information\">\n<section class=\"container\">\n<h3 class=\"title\">Secagem<\/h3>\n<section class=\"content\">\n<p class=\"stage\"><span class=\"-dark\">Ao toque:\u00a0<\/span>30 minutos<\/p>\n<p class=\"stage\"><span class=\"-dark\">Entre dem\u00e3os:\u00a0<\/span>2 a 4 horas<\/p>\n<p class=\"stage\"><span class=\"-dark\">Final:\u00a0<\/span>12 horas<\/p>\n<\/section>\n<\/section>\n<\/section>\n<section class=\"card-product-information\">\n<section class=\"container\">\n<h3 class=\"title\">Acabamento<\/h3>\n<section class=\"content\">\n<p class=\"stage\">Fosco<\/p>\n<\/section>\n<\/section>\n<\/section>\n<section class=\"card-product-information\">\n<section class=\"container\">\n<h3 class=\"title\">RENDIMENTO ACABADO POR EMBALAGEM<\/h3>\n<section class=\"content\">\n<section class=\"packages\">\n<p class=\"stage\"><span class=\"-productpackage\">Quarto 900 ml<\/span>\u00a0<span class=\"-efficiency\">: 6.5m\u00b2<\/span>\u00a0<span class=\"-details\">&#8211; Ready mix<\/span><\/p>\n<p class=\"stage\"><span class=\"-productpackage\">Gal\u00e3o 3,6 litros<\/span>\u00a0<span class=\"-efficiency\">: 26m\u00b2<\/span>\u00a0<span class=\"-details\">&#8211; Ready mix<\/span><\/p>\n<p class=\"stage\"><span class=\"-productpackage\">Lat\u00e3o 15 litros<\/span>\u00a0<span class=\"-efficiency\">: 108m\u00b2<\/span>\u00a0<span class=\"-details\">&#8211; Ready mix<\/span><\/p>\n<p class=\"stage\"><span class=\"-productpackage\">Lat\u00e3o 18 litros<\/span>\u00a0<span class=\"-efficiency\">: 130m\u00b2<\/span>\u00a0<span class=\"-details\">&#8211; Ready mix<\/span><\/p>\n<p class=\"stage\"><span class=\"-productpackage\">Quarto 800 ml<\/span>\u00a0<span class=\"-efficiency\">: 5.8m\u00b2<\/span>\u00a0<span class=\"-details\">&#8211; iCores<\/span><\/p>\n<p class=\"stage\"><span class=\"-productpackage\">Gal\u00e3o 3,2 litros<\/span>\u00a0<span class=\"-efficiency\">: 23m\u00b2<\/span>\u00a0<span class=\"-details\">&#8211; iCores<\/span><\/p>\n<p class=\"stage\"><span class=\"-productpackage\">Lat\u00e3o 16 litros<\/span>\u00a0<span class=\"-efficiency\">: 116m\u00b2<\/span>\u00a0<span class=\"-details\">&#8211; iCores<\/span><\/p>\n<\/section>\n<\/section>\n<\/section>\n<\/section>\n","protected":false},"excerpt":{"rendered":"<p>Possui excepcional durabilidade em ambientes externos. \u00c9 um produto com alto poder de cobertura e rendimento e acabamento fosco, que disfar\u00e7a pequenas imperfei\u00e7\u00f5es da superf\u00edcie.<\/p>\n","protected":false},"featured_media":370,"comment_status":"open","ping_status":"closed","template":"","meta":[],"product_cat":[54],"product_tag":[85,78,83,66],"class_list":{"0":"post-369","1":"product","2":"type-product","3":"status-publish","4":"has-post-thumbnail","5":"hentry","6":"product_cat-tintas","7":"product_tag-acrilico-premium","8":"product_tag-fosco","9":"product_tag-iquine","10":"product_tag-tinta-acrilica","12":"entry","13":"has-media","14":"owp-thumbs-layout-horizontal","15":"owp-btn-normal","16":"owp-tabs-layout-horizontal","17":"has-product-nav"},"_links":{"self":[{"href":"https:\/\/tintascuritiba.com.br\/index.php\/wp-json\/wp\/v2\/product\/369","targetHints":{"allow":["GET"]}}],"collection":[{"href":"https:\/\/tintascuritiba.com.br\/index.php\/wp-json\/wp\/v2\/product"}],"about":[{"href":"https:\/\/tintascuritiba.com.br\/index.php\/wp-json\/wp\/v2\/types\/product"}],"replies":[{"embeddable":true,"href":"https:\/\/tintascuritiba.com.br\/index.php\/wp-json\/wp\/v2\/comments?post=369"}],"wp:featuredmedia":[{"embeddable":true,"href":"https:\/\/tintascuritiba.com.br\/index.php\/wp-json\/wp\/v2\/media\/370"}],"wp:attachment":[{"href":"https:\/\/tintascuritiba.com.br\/index.php\/wp-json\/wp\/v2\/media?parent=369"}],"wp:term":[{"taxonomy":"product_cat","embeddable":true,"href":"https:\/\/tintascuritiba.com.br\/index.php\/wp-json\/wp\/v2\/product_cat?post=369"},{"taxonomy":"product_tag","embeddable":true,"href":"https:\/\/tintascuritiba.com.br\/index.php\/wp-json\/wp\/v2\/product_tag?post=369"}],"curies":[{"name":"wp","href":"https:\/\/api.w.org\/{rel}","templated":true}]}}