{"id":363,"date":"2022-11-21T16:42:47","date_gmt":"2022-11-21T19:42:47","guid":{"rendered":"https:\/\/tintascuritiba.com.br\/?post_type=product&#038;p=363"},"modified":"2022-11-21T16:42:47","modified_gmt":"2022-11-21T19:42:47","slug":"coralit-total-brilhante","status":"publish","type":"product","link":"https:\/\/tintascuritiba.com.br\/index.php\/produto\/coralit-total-brilhante\/","title":{"rendered":"Coralit Total Brilhante"},"content":{"rendered":"<div class=\"collapsible-content wysiwyg js-content\">\n<div class=\"inner-content\" data-transition-item=\"\">\n<div class=\"a34-body-copy body-copy-s wysiwyg\" data-component=\"a34-body-copy\">\n<div>Coralit Total \u00e9 um esmalte base \u00e1gua de ultra ader\u00eancia em multisuperf\u00edcies, isto \u00e9, possui alto desempenho em madeiras, metais ferrosos, alum\u00ednio, galvanizados, PVC e tamb\u00e9m em repintura. Sua f\u00f3rmula especial BALANCE garante secagem r\u00e1pida, sem cheiro* e branco puro por mais<br \/>\ntempo, pois n\u00e3o amarela em ambientes internos e externos. A dilui\u00e7\u00e3o e limpeza das ferramentas s\u00e3o feitas com \u00e1gua, dispensando o uso de aguarr\u00e1s e tornando o processo mais f\u00e1cil. \u00c9 uma solu\u00e7\u00e3o<br \/>\ncompleta para aplica\u00e7\u00e3o EXTERNA e INTERNA. Possui durabilidade de 10 anos.<\/div>\n<\/div>\n<\/div>\n<\/div>\n<div class=\"collapsible-content-title js-toggle\">\n<div class=\"a1-heading\" data-component=\"a1-heading\">\n<h2 class=\"heading-title header-04\" data-transition-item=\"\">Materiais de aplica\u00e7\u00e3o<\/h2>\n<\/div>\n<\/div>\n<div class=\"collapsible-content wysiwyg js-content\">\n<div class=\"inner-content\" data-transition-item=\"\">\n<div class=\"a34-body-copy body-copy-s wysiwyg\" data-component=\"a34-body-copy\">\n<div>\u00c1reas grandes: Rolo de l\u00e3 de pelo baixo, rolo de espuma ou pistola.<br \/>\n\u00c1reas pequenas: Pincel com cerdas macias.<br \/>\nPistola: 35-40 lbs\/pol\u00b2 ou 2,5-2,8 Kgf\/cm\u00b2.<\/div>\n<\/div>\n<\/div>\n<\/div>\n<div class=\"collapsible-content-title js-toggle\">\n<div class=\"a1-heading\" data-component=\"a1-heading\">\n<h2 class=\"heading-title header-04\" data-transition-item=\"\">Sa\u00fade e Seguran\u00e7a<\/h2>\n<\/div>\n<\/div>\n<div class=\"collapsible-content wysiwyg js-content\">\n<div class=\"inner-content\" data-transition-item=\"\">\n<div class=\"a34-body-copy body-copy-s wysiwyg\" data-component=\"a34-body-copy\">\n<div>Antes de usar, leia com aten\u00e7\u00e3o as instru\u00e7\u00f5es do r\u00f3tulo. Durante a prepara\u00e7\u00e3o, aplica\u00e7\u00e3o e secagem do produto, mantenha o ambiente ventilado. \u00c9 recomendado usar luvas e \u00f3culos de seguran\u00e7a na hora de pintar. Para mais informa\u00e7\u00f5es, consultar o r\u00f3tulo e a Ficha de Seguran\u00e7a (FISPQ) do produto.<\/div>\n<\/div>\n<\/div>\n<\/div>\n<div class=\"download-header\"><\/div>\n<div>\n<div class=\"collapsible-content-title js-toggle\">\n<div class=\"a1-heading\" data-component=\"a1-heading\">\n<h2 class=\"heading-title header-04\" data-transition-item=\"\">Dicas e conselhos<\/h2>\n<\/div>\n<\/div>\n<div class=\"collapsible-content wysiwyg js-content\">\n<div class=\"inner-content\" data-transition-item=\"\">\n<ul class=\"list\">\n<li>\n<div class=\"list-item-header body-copy-rg\">1.\u00a0Preparando as Superf\u00edcies<\/div>\n<div class=\"list-item-content\">\n<div class=\"a34-body-copy body-copy-s wysiwyg\" data-component=\"a34-body-copy\">\n<div>Consultar o r\u00f3tulo e a Ficha de Seguran\u00e7a (FISPQ) do produto.<\/div>\n<\/div>\n<\/div>\n<\/li>\n<li>\n<div class=\"list-item-header body-copy-rg\">2.\u00a0Armazenamento<\/div>\n<div class=\"list-item-content\">\n<div class=\"a34-body-copy body-copy-s wysiwyg\" data-component=\"a34-body-copy\">\n<div>Conserve a embalagem bem fechada, sempre na posi\u00e7\u00e3o vertical, em local coberto, longe de fontes de calor e umidade. Para mais informa\u00e7\u00f5es, consultar o r\u00f3tulo e a Ficha de Seguran\u00e7a (FISPQ) do produto.<\/div>\n<\/div>\n<\/div>\n<\/li>\n<\/ul>\n<\/div>\n<\/div>\n<\/div>\n","protected":false},"excerpt":{"rendered":"<p>Coralit Total \u00e9 um esmalte base \u00e1gua de ultra ader\u00eancia em multisuperf\u00edcies, isto \u00e9, possui alto desempenho em madeiras, metais ferrosos, alum\u00ednio, galvanizados, PVC e tamb\u00e9m em repintura. Sua f\u00f3rmula especial BALANCE garante secagem r\u00e1pida, sem cheiro* e branco puro por mais<br \/>\ntempo, pois n\u00e3o amarela em ambientes internos e externos. A dilui\u00e7\u00e3o e limpeza das ferramentas s\u00e3o feitas com \u00e1gua, dispensando o uso de aguarr\u00e1s e tornando o processo mais f\u00e1cil. \u00c9 uma solu\u00e7\u00e3o<br \/>\ncompleta para aplica\u00e7\u00e3o EXTERNA e INTERNA. Possui durabilidade de 10 anos.<\/p>\n","protected":false},"featured_media":360,"comment_status":"open","ping_status":"closed","template":"","meta":[],"product_cat":[54],"product_tag":[81,79,80,76,60],"class_list":{"0":"post-363","1":"product","2":"type-product","3":"status-publish","4":"has-post-thumbnail","5":"hentry","6":"product_cat-tintas","7":"product_tag-base-agua","8":"product_tag-coralit","9":"product_tag-coralit-total","10":"product_tag-esmalte-sintetico","11":"product_tag-tinta","13":"entry","14":"has-media","15":"owp-thumbs-layout-horizontal","16":"owp-btn-normal","17":"owp-tabs-layout-horizontal","18":"has-product-nav"},"_links":{"self":[{"href":"https:\/\/tintascuritiba.com.br\/index.php\/wp-json\/wp\/v2\/product\/363","targetHints":{"allow":["GET"]}}],"collection":[{"href":"https:\/\/tintascuritiba.com.br\/index.php\/wp-json\/wp\/v2\/product"}],"about":[{"href":"https:\/\/tintascuritiba.com.br\/index.php\/wp-json\/wp\/v2\/types\/product"}],"replies":[{"embeddable":true,"href":"https:\/\/tintascuritiba.com.br\/index.php\/wp-json\/wp\/v2\/comments?post=363"}],"wp:featuredmedia":[{"embeddable":true,"href":"https:\/\/tintascuritiba.com.br\/index.php\/wp-json\/wp\/v2\/media\/360"}],"wp:attachment":[{"href":"https:\/\/tintascuritiba.com.br\/index.php\/wp-json\/wp\/v2\/media?parent=363"}],"wp:term":[{"taxonomy":"product_cat","embeddable":true,"href":"https:\/\/tintascuritiba.com.br\/index.php\/wp-json\/wp\/v2\/product_cat?post=363"},{"taxonomy":"product_tag","embeddable":true,"href":"https:\/\/tintascuritiba.com.br\/index.php\/wp-json\/wp\/v2\/product_tag?post=363"}],"curies":[{"name":"wp","href":"https:\/\/api.w.org\/{rel}","templated":true}]}}