{"id":356,"date":"2022-11-21T15:42:18","date_gmt":"2022-11-21T18:42:18","guid":{"rendered":"https:\/\/tintascuritiba.com.br\/?post_type=product&#038;p=356"},"modified":"2022-11-21T15:42:18","modified_gmt":"2022-11-21T18:42:18","slug":"coralit-ultra-resistencia-acetinado","status":"publish","type":"product","link":"https:\/\/tintascuritiba.com.br\/index.php\/produto\/coralit-ultra-resistencia-acetinado\/","title":{"rendered":"Coralit Ultra resist\u00eancia Acetinado"},"content":{"rendered":"<div class=\"collapsible-content wysiwyg js-content\">\n<div class=\"inner-content\" data-transition-item=\"\">\n<div class=\"a34-body-copy body-copy-s wysiwyg\" data-component=\"a34-body-copy\">\n<div>Coralit Ultra Resist\u00eancia \u00e9 um esmalte sint\u00e9tico de alta performance que oferece M\u00c1XIMA PROTE\u00c7\u00c3O e o ACABAMENTO PERFEITO na hora de proteger e embelezar portas, janelas e port\u00f5es no exterior da casa. Sua f\u00f3rmula com silicone cria uma pel\u00edcula brilhante de alta prote\u00e7\u00e3o, que conserva o brilho e a apar\u00eancia de novo por muito tempo. O resultado \u00e9 um acabamento perfeito. A durabilidade de Coralit \u00e9 de 10 anos.<\/div>\n<\/div>\n<\/div>\n<\/div>\n<div class=\"collapsible-content-title js-toggle\">\n<div class=\"a1-heading\" data-component=\"a1-heading\">\n<h2 class=\"heading-title header-04\" data-transition-item=\"\">Materiais de aplica\u00e7\u00e3o<\/h2>\n<\/div>\n<\/div>\n<div class=\"collapsible-content wysiwyg js-content\">\n<div class=\"inner-content\" data-transition-item=\"\">\n<div class=\"a34-body-copy body-copy-s wysiwyg\" data-component=\"a34-body-copy\">\n<div>\u00c1reas grandes: Rolo de espuma ou pistola.<br \/>\n\u00c1reas pequenas: Pincel com cerdas macias.<br \/>\nPistola: 35-40 lbs\/pol\u00b2 ou 2,5-2,8 Kgf\/cm\u00b2.<\/div>\n<\/div>\n<\/div>\n<\/div>\n<div class=\"collapsible-content-title js-toggle\">\n<div class=\"a1-heading\" data-component=\"a1-heading\">\n<h2 class=\"heading-title header-04\" data-transition-item=\"\">Sa\u00fade e Seguran\u00e7a<\/h2>\n<\/div>\n<\/div>\n<div class=\"collapsible-content wysiwyg js-content\">\n<div class=\"inner-content\" data-transition-item=\"\">\n<div class=\"a34-body-copy body-copy-s wysiwyg\" data-component=\"a34-body-copy\">\n<div>Antes de usar, leia com aten\u00e7\u00e3o as instru\u00e7\u00f5es do r\u00f3tulo. \u00c9 recomendado usar luvas e \u00f3culos de seguran\u00e7a na hora de pintar. Para mais informa\u00e7\u00f5es, consultar o r\u00f3tulo e a Ficha de Seguran\u00e7a (FISPQ) do produto.<\/div>\n<\/div>\n<\/div>\n<\/div>\n<div class=\"download-header\"><\/div>\n<div>\n<div class=\"collapsible-content-title js-toggle\">\n<div class=\"a1-heading\" data-component=\"a1-heading\">\n<h2 class=\"heading-title header-04\" data-transition-item=\"\">Dicas e conselhos<\/h2>\n<\/div>\n<\/div>\n<div class=\"collapsible-content wysiwyg js-content\">\n<div class=\"inner-content\" data-transition-item=\"\">\n<ul class=\"list\">\n<li>\n<div class=\"list-item-header body-copy-rg\">1.\u00a0Preparando as Superf\u00edcies<\/div>\n<div class=\"list-item-content\">\n<div class=\"a34-body-copy body-copy-s wysiwyg\" data-component=\"a34-body-copy\">\n<div>Consultar o r\u00f3tulo e a Ficha de Seguran\u00e7a (FISPQ) do produto.<\/div>\n<\/div>\n<\/div>\n<\/li>\n<li>\n<div class=\"list-item-header body-copy-rg\">2.\u00a0Armazenamento<\/div>\n<div class=\"list-item-content\">\n<div class=\"a34-body-copy body-copy-s wysiwyg\" data-component=\"a34-body-copy\">\n<div>Conserve a embalagem bem fechada, sempre na posi\u00e7\u00e3o vertical, em local coberto, longe de fontes de calor e umidade. Para mais informa\u00e7\u00f5es, consultar o r\u00f3tulo e a Ficha de Seguran\u00e7a (FISPQ) do produto.<\/div>\n<\/div>\n<\/div>\n<\/li>\n<\/ul>\n<\/div>\n<\/div>\n<\/div>\n","protected":false},"excerpt":{"rendered":"<p>Coralit Ultra Resist\u00eancia \u00e9 um esmalte sint\u00e9tico de alta performance que oferece M\u00c1XIMA PROTE\u00c7\u00c3O e o ACABAMENTO PERFEITO na hora de proteger e embelezar portas, janelas e port\u00f5es no exterior da casa. Sua f\u00f3rmula com silicone cria uma pel\u00edcula brilhante de alta prote\u00e7\u00e3o, que conserva o brilho e a apar\u00eancia de novo por muito tempo. O resultado \u00e9 um acabamento perfeito. A durabilidade de Coralit \u00e9 de 10 anos.<\/p>\n","protected":false},"featured_media":354,"comment_status":"open","ping_status":"closed","template":"","meta":[],"product_cat":[54],"product_tag":[62,76,60,77],"class_list":{"0":"post-356","1":"product","2":"type-product","3":"status-publish","4":"has-post-thumbnail","5":"hentry","6":"product_cat-tintas","7":"product_tag-coral","8":"product_tag-esmalte-sintetico","9":"product_tag-tinta","10":"product_tag-ultra-resistencia","12":"entry","13":"has-media","14":"owp-thumbs-layout-horizontal","15":"owp-btn-normal","16":"owp-tabs-layout-horizontal","17":"has-product-nav"},"_links":{"self":[{"href":"https:\/\/tintascuritiba.com.br\/index.php\/wp-json\/wp\/v2\/product\/356","targetHints":{"allow":["GET"]}}],"collection":[{"href":"https:\/\/tintascuritiba.com.br\/index.php\/wp-json\/wp\/v2\/product"}],"about":[{"href":"https:\/\/tintascuritiba.com.br\/index.php\/wp-json\/wp\/v2\/types\/product"}],"replies":[{"embeddable":true,"href":"https:\/\/tintascuritiba.com.br\/index.php\/wp-json\/wp\/v2\/comments?post=356"}],"wp:featuredmedia":[{"embeddable":true,"href":"https:\/\/tintascuritiba.com.br\/index.php\/wp-json\/wp\/v2\/media\/354"}],"wp:attachment":[{"href":"https:\/\/tintascuritiba.com.br\/index.php\/wp-json\/wp\/v2\/media?parent=356"}],"wp:term":[{"taxonomy":"product_cat","embeddable":true,"href":"https:\/\/tintascuritiba.com.br\/index.php\/wp-json\/wp\/v2\/product_cat?post=356"},{"taxonomy":"product_tag","embeddable":true,"href":"https:\/\/tintascuritiba.com.br\/index.php\/wp-json\/wp\/v2\/product_tag?post=356"}],"curies":[{"name":"wp","href":"https:\/\/api.w.org\/{rel}","templated":true}]}}