{"id":346,"date":"2022-11-17T17:15:02","date_gmt":"2022-11-17T20:15:02","guid":{"rendered":"https:\/\/tintascuritiba.com.br\/?post_type=product&#038;p=346"},"modified":"2022-11-17T17:15:02","modified_gmt":"2022-11-17T20:15:02","slug":"coral-rende-muito","status":"publish","type":"product","link":"https:\/\/tintascuritiba.com.br\/index.php\/produto\/coral-rende-muito\/","title":{"rendered":"Coral Rende Muito"},"content":{"rendered":"<div class=\"collapsible-content wysiwyg js-content\">\n<div class=\"inner-content\" data-transition-item=\"\">\n<div class=\"a34-body-copy body-copy-s wysiwyg\" data-component=\"a34-body-copy\">\n<div>Coral RENDE MUITO \u00e9 a tinta concentrada que permite dilui\u00e7\u00e3o superior aos produtos convencionais, gra\u00e7as \u00e0 sua exclusiva tecnologia TIXOPLUSTM. O resultado \u00e9 um rendimento muito maior, com \u00f3tima cobertura e baixo odor, para pintar muito mais com a qualidade que voc\u00ea j\u00e1 conhece e con\ufb01a. Sua exclusiva oferta de cores prontas pinta com 16L o mesmo que o branco 18L, assegurando rendimento superior em todas as cores.<\/div>\n<\/div>\n<\/div>\n<\/div>\n<div class=\"collapsible-content-title js-toggle\">\n<div class=\"a1-heading\" data-component=\"a1-heading\">\n<h2 class=\"heading-title header-04\" data-transition-item=\"\">Materiais de aplica\u00e7\u00e3o<\/h2>\n<\/div>\n<\/div>\n<div class=\"collapsible-content wysiwyg js-content\">\n<div class=\"inner-content\" data-transition-item=\"\">\n<div class=\"a34-body-copy body-copy-s wysiwyg\" data-component=\"a34-body-copy\">\n<div>R\u00f4lo de l\u00e3 de pelo baixo ou pincel de cerdas macias.<\/div>\n<\/div>\n<\/div>\n<\/div>\n<div class=\"collapsible-content-title js-toggle\">\n<div class=\"a1-heading\" data-component=\"a1-heading\">\n<h2 class=\"heading-title header-04\" data-transition-item=\"\">Sa\u00fade e Seguran\u00e7a<\/h2>\n<\/div>\n<\/div>\n<div class=\"collapsible-content wysiwyg js-content\">\n<div class=\"inner-content\" data-transition-item=\"\">\n<div class=\"a34-body-copy body-copy-s wysiwyg\" data-component=\"a34-body-copy\">\n<div>Durante a prepara\u00e7\u00e3o, aplica\u00e7\u00e3o e secagem do produto, mantenha o ambiente ventilado. \u00c9 recomendado usar luvas e \u00f3culos de seguran\u00e7a na hora de pintar. Para mais informa\u00e7\u00f5es, consultar o r\u00f3tulo e a Ficha de Seguran\u00e7a (FISPQ) do produto.<\/div>\n<\/div>\n<\/div>\n<\/div>\n<div><\/div>\n<div>\n<div class=\"collapsible-content-title js-toggle\">\n<div class=\"a1-heading\" data-component=\"a1-heading\">\n<h2 class=\"heading-title header-04\" data-transition-item=\"\">Dicas e conselhos<\/h2>\n<\/div>\n<\/div>\n<div class=\"collapsible-content wysiwyg js-content\">\n<div class=\"inner-content\" data-transition-item=\"\">\n<ul class=\"list\">\n<li>\n<div class=\"list-item-header body-copy-rg\">1.\u00a0Preparando as Superf\u00edcies<\/div>\n<div class=\"list-item-content\">\n<div class=\"a34-body-copy body-copy-s wysiwyg\" data-component=\"a34-body-copy\">\n<div>Consultar o r\u00f3tulo e a Ficha de Seguran\u00e7a (FISPQ) do produto.<\/div>\n<\/div>\n<\/div>\n<\/li>\n<li>\n<div class=\"list-item-header body-copy-rg\">2.\u00a0Limpeza<\/div>\n<div class=\"list-item-content\">\n<div class=\"a34-body-copy body-copy-s wysiwyg\" data-component=\"a34-body-copy\">\n<div>Limpe as ferramentas com \u00e1gua e sab\u00e3o.<\/div>\n<\/div>\n<\/div>\n<\/li>\n<li>\n<div class=\"list-item-header body-copy-rg\">3.\u00a0Armazenamento<\/div>\n<div class=\"list-item-content\">\n<div class=\"a34-body-copy body-copy-s wysiwyg\" data-component=\"a34-body-copy\">\n<div>Conserve a embalagem bem fechada, sempre na posi\u00e7\u00e3o vertical, em local coberto, longe de fontes de calor e umidade. Para mais informa\u00e7\u00f5es, consultar o r\u00f3tulo e a Ficha de Seguran\u00e7a (FISPQ) do produto.<\/div>\n<\/div>\n<\/div>\n<\/li>\n<\/ul>\n<\/div>\n<\/div>\n<\/div>\n","protected":false},"excerpt":{"rendered":"<p>Coral RENDE MUITO \u00e9 a tinta concentrada que permite dilui\u00e7\u00e3o superior aos produtos convencionais, gra\u00e7as \u00e0 sua exclusiva tecnologia TIXOPLUSTM. O resultado \u00e9 um rendimento muito maior, com \u00f3tima cobertura e baixo odor, para pintar muito mais com a qualidade que voc\u00ea j\u00e1 conhece e con\ufb01a. Sua exclusiva oferta de cores prontas pinta com 16L [&hellip;]<\/p>\n","protected":false},"featured_media":347,"comment_status":"open","ping_status":"closed","template":"","meta":[],"product_cat":[54],"product_tag":[62,60,75],"class_list":{"0":"post-346","1":"product","2":"type-product","3":"status-publish","4":"has-post-thumbnail","5":"hentry","6":"product_cat-tintas","7":"product_tag-coral","8":"product_tag-tinta","9":"product_tag-tinta-acrilica-standard","11":"entry","12":"has-media","13":"owp-thumbs-layout-horizontal","14":"owp-btn-normal","15":"owp-tabs-layout-horizontal","16":"has-product-nav"},"_links":{"self":[{"href":"https:\/\/tintascuritiba.com.br\/index.php\/wp-json\/wp\/v2\/product\/346","targetHints":{"allow":["GET"]}}],"collection":[{"href":"https:\/\/tintascuritiba.com.br\/index.php\/wp-json\/wp\/v2\/product"}],"about":[{"href":"https:\/\/tintascuritiba.com.br\/index.php\/wp-json\/wp\/v2\/types\/product"}],"replies":[{"embeddable":true,"href":"https:\/\/tintascuritiba.com.br\/index.php\/wp-json\/wp\/v2\/comments?post=346"}],"wp:featuredmedia":[{"embeddable":true,"href":"https:\/\/tintascuritiba.com.br\/index.php\/wp-json\/wp\/v2\/media\/347"}],"wp:attachment":[{"href":"https:\/\/tintascuritiba.com.br\/index.php\/wp-json\/wp\/v2\/media?parent=346"}],"wp:term":[{"taxonomy":"product_cat","embeddable":true,"href":"https:\/\/tintascuritiba.com.br\/index.php\/wp-json\/wp\/v2\/product_cat?post=346"},{"taxonomy":"product_tag","embeddable":true,"href":"https:\/\/tintascuritiba.com.br\/index.php\/wp-json\/wp\/v2\/product_tag?post=346"}],"curies":[{"name":"wp","href":"https:\/\/api.w.org\/{rel}","templated":true}]}}