{"id":328,"date":"2022-11-10T16:24:53","date_gmt":"2022-11-10T19:24:53","guid":{"rendered":"https:\/\/tintascuritiba.com.br\/?post_type=product&#038;p=328"},"modified":"2022-11-10T16:24:53","modified_gmt":"2022-11-10T19:24:53","slug":"coral-decora-seda-acetinado","status":"publish","type":"product","link":"https:\/\/tintascuritiba.com.br\/index.php\/produto\/coral-decora-seda-acetinado\/","title":{"rendered":"Coral Decora Seda Acetinado"},"content":{"rendered":"<div class=\"collapsible-content wysiwyg js-content\">\n<div class=\"inner-content\" data-transition-item=\"\">\n<div class=\"a34-body-copy body-copy-s wysiwyg\" data-component=\"a34-body-copy\">\n<div>Decora SEDA \u00e9 um Acr\u00edlico Premium Acetinado que conta com a exclusiva tecnologia Paredes HD oferecendo cores mais vivas e um acabamento sofisticado,<br \/>\nal\u00e9m de ser resistente e f\u00e1cil de limpar. Sua cole\u00e7\u00e3o re\u00fane 2.079 cores no leque Coral.<br \/>\nConhe\u00e7a tamb\u00e9m a linha de Efeitos Especiais de Coral Decora: M\u00e1rmore, Cimento<br \/>\nQueimado e Velvet e personalize suas paredes com texturas em alta defini\u00e7\u00e3o. Rende at\u00e9 105m\u00b2 acabados por embalagem de 18L.<\/div>\n<\/div>\n<\/div>\n<\/div>\n<div class=\"collapsible-content-title js-toggle\">\n<div class=\"a1-heading\" data-component=\"a1-heading\">\n<h2 class=\"heading-title header-04\" data-transition-item=\"\">Materiais de aplica\u00e7\u00e3o<\/h2>\n<\/div>\n<\/div>\n<div class=\"collapsible-content wysiwyg js-content\">\n<div class=\"inner-content\" data-transition-item=\"\">\n<div class=\"a34-body-copy body-copy-s wysiwyg\" data-component=\"a34-body-copy\">\n<div>R\u00f4lo de l\u00e3 de pelo baixo ou pincel de cerdas macias.<\/div>\n<\/div>\n<\/div>\n<\/div>\n<div class=\"collapsible-content-title js-toggle\">\n<div class=\"a1-heading\" data-component=\"a1-heading\">\n<h2 class=\"heading-title header-04\" data-transition-item=\"\">Sa\u00fade e Seguran\u00e7a<\/h2>\n<\/div>\n<\/div>\n<div class=\"collapsible-content wysiwyg js-content\">\n<div class=\"inner-content\" data-transition-item=\"\">\n<div class=\"a34-body-copy body-copy-s wysiwyg\" data-component=\"a34-body-copy\">\n<div>Durante a prepara\u00e7\u00e3o, aplica\u00e7\u00e3o e secagem do produto, mantenha o ambiente ventilado. \u00c9 recomendado usar luvas e \u00f3culos de seguran\u00e7a na hora de pintar. Para mais informa\u00e7\u00f5es, consultar o r\u00f3tulo e a Ficha de Seguran\u00e7a (FISPQ) do produto.<\/div>\n<\/div>\n<\/div>\n<\/div>\n<div><\/div>\n<div>\n<div class=\"collapsible-content-title js-toggle\">\n<div class=\"a1-heading\" data-component=\"a1-heading\">\n<h2 class=\"heading-title header-04\" data-transition-item=\"\">Dicas e conselhos<\/h2>\n<\/div>\n<\/div>\n<div class=\"collapsible-content wysiwyg js-content\">\n<div class=\"inner-content\" data-transition-item=\"\">\n<ul class=\"list\">\n<li>\n<div class=\"list-item-header body-copy-rg\">1.\u00a0Preparando as Superf\u00edcies<\/div>\n<div class=\"list-item-content\">\n<div class=\"a34-body-copy body-copy-s wysiwyg\" data-component=\"a34-body-copy\">\n<div>Durante a prepara\u00e7\u00e3o, aplica\u00e7\u00e3o e secagem do produto, mantenha o ambiente ventilado. \u00c9 recomendado usar luvas e \u00f3culos de seguran\u00e7a na hora de pintar. Para mais informa\u00e7\u00f5es, consultar o r\u00f3tulo e a Ficha de Seguran\u00e7a (FISPQ) do produto.<\/div>\n<\/div>\n<\/div>\n<\/li>\n<li>\n<div class=\"list-item-header body-copy-rg\">2.\u00a0Limpeza<\/div>\n<div class=\"list-item-content\">\n<div class=\"a34-body-copy body-copy-s wysiwyg\" data-component=\"a34-body-copy\">\n<div>Limpe as ferramentas com \u00e1gua e sab\u00e3o.<\/div>\n<\/div>\n<\/div>\n<\/li>\n<li>\n<div class=\"list-item-header body-copy-rg\">3.\u00a0Armazenamento<\/div>\n<div class=\"list-item-content\">\n<div class=\"a34-body-copy body-copy-s wysiwyg\" data-component=\"a34-body-copy\">\n<div>Conserve a embalagem bem fechada, sempre na posi\u00e7\u00e3o vertical, em local coberto, longe de fontes de calor e umidade Para mais informa\u00e7\u00f5es, consultar o r\u00f3tulo e a Ficha de Seguran\u00e7a (FISPQ) do produto.<\/div>\n<\/div>\n<\/div>\n<\/li>\n<\/ul>\n<\/div>\n<\/div>\n<\/div>\n","protected":false},"excerpt":{"rendered":"<p>Decora SEDA \u00e9 um Acr\u00edlico Premium Acetinado que conta com a exclusiva tecnologia Paredes HD oferecendo cores mais vivas e um acabamento sofisticado, al\u00e9m de ser resistente e f\u00e1cil de limpar. Sua cole\u00e7\u00e3o re\u00fane 2.079 cores no leque Coral. Conhe\u00e7a tamb\u00e9m a linha de Efeitos Especiais de Coral Decora: M\u00e1rmore, Cimento Queimado e Velvet e [&hellip;]<\/p>\n","protected":false},"featured_media":329,"comment_status":"open","ping_status":"closed","template":"","meta":[],"product_cat":[54],"product_tag":[62,64,65],"class_list":{"0":"post-328","1":"product","2":"type-product","3":"status-publish","4":"has-post-thumbnail","5":"hentry","6":"product_cat-tintas","7":"product_tag-coral","8":"product_tag-tinta-premium","9":"product_tag-tintas","11":"entry","12":"has-media","13":"owp-thumbs-layout-horizontal","14":"owp-btn-normal","15":"owp-tabs-layout-horizontal","16":"has-product-nav"},"_links":{"self":[{"href":"https:\/\/tintascuritiba.com.br\/index.php\/wp-json\/wp\/v2\/product\/328","targetHints":{"allow":["GET"]}}],"collection":[{"href":"https:\/\/tintascuritiba.com.br\/index.php\/wp-json\/wp\/v2\/product"}],"about":[{"href":"https:\/\/tintascuritiba.com.br\/index.php\/wp-json\/wp\/v2\/types\/product"}],"replies":[{"embeddable":true,"href":"https:\/\/tintascuritiba.com.br\/index.php\/wp-json\/wp\/v2\/comments?post=328"}],"wp:featuredmedia":[{"embeddable":true,"href":"https:\/\/tintascuritiba.com.br\/index.php\/wp-json\/wp\/v2\/media\/329"}],"wp:attachment":[{"href":"https:\/\/tintascuritiba.com.br\/index.php\/wp-json\/wp\/v2\/media?parent=328"}],"wp:term":[{"taxonomy":"product_cat","embeddable":true,"href":"https:\/\/tintascuritiba.com.br\/index.php\/wp-json\/wp\/v2\/product_cat?post=328"},{"taxonomy":"product_tag","embeddable":true,"href":"https:\/\/tintascuritiba.com.br\/index.php\/wp-json\/wp\/v2\/product_tag?post=328"}],"curies":[{"name":"wp","href":"https:\/\/api.w.org\/{rel}","templated":true}]}}