{"id":1673,"date":"2024-04-19T14:38:38","date_gmt":"2024-04-19T17:38:38","guid":{"rendered":"https:\/\/tintascuritiba.com.br\/?post_type=product&#038;p=1673"},"modified":"2024-04-19T14:43:06","modified_gmt":"2024-04-19T17:43:06","slug":"verniz-epoxi-bicomponente","status":"publish","type":"product","link":"https:\/\/tintascuritiba.com.br\/index.php\/produto\/verniz-epoxi-bicomponente\/","title":{"rendered":"Verniz Ep\u00f3xi Bicomponente"},"content":{"rendered":"<p>Produto bi componente a base de solventes voltado para a linha t\u00e9cnica Industrial em aplica\u00e7\u00e3o sobre superf\u00edcies de metal e concreto, madeira s\u00f3lida e fibrocimento, com alto desempenho, garantindo assim melhor brilho, resist\u00eancia e durabilidade em \u00e1reas internas, sem contato com sol.<\/p>\n<p><strong><img loading=\"lazy\" decoding=\"async\" class=\"alignleft wp-image-647\" src=\"https:\/\/tintasfabrisul.com.br\/wp-content\/uploads\/2022\/10\/ferramenta-300x300.png\" alt=\"\" width=\"60\" height=\"60\" \/>Ferramentas: <\/strong>Utilizar rolo de l\u00e3 indicado para tintas industriais e t\u00e9cnicas, pincel ou trincha de cor escura, equipamento de pistola e airless seguir a recomenda\u00e7\u00e3o do fabricante.<\/p>\n<p>&nbsp;<\/p>\n<p><strong><img loading=\"lazy\" decoding=\"async\" class=\"wp-image-643 alignleft\" src=\"https:\/\/tintasfabrisul.com.br\/wp-content\/uploads\/2022\/10\/balde-de-tinta-1-300x300.png\" alt=\"\" width=\"50\" height=\"50\" \/>Dilui\u00e7\u00e3o:<\/strong> Superf\u00edcie de metal e concreto novos dilui\u00e7\u00e3o de 10% a 20% com diluente pr\u00f3prio. Superf\u00edcie de metal e concreto em repintura 20% a 30% com diluente pr\u00f3prio. Pistola convencional e airless seguir a indica\u00e7\u00e3o do fabricante.\u00a0<em>OBS: Outras superf\u00edcies ou d\u00favidas consultar departamento t\u00e9cnico Fabrisul.<\/em><\/p>\n<p><strong><img loading=\"lazy\" decoding=\"async\" class=\"alignleft wp-image-642\" src=\"https:\/\/tintasfabrisul.com.br\/wp-content\/uploads\/2022\/10\/rolo-de-pintura-1-300x300.png\" alt=\"\" width=\"60\" height=\"60\" \/>&#8211; Dem\u00e3os Metal: <\/strong>Geralmente aplica-se uma dem\u00e3o cruzada por uniformidade e alcan\u00e7a a cobertura satisfat\u00f3ria, por\u00e9m dependendo da cor escolhida, da superf\u00edcie e seu estado geral, do equipamento indicado para a execu\u00e7\u00e3o do trabalho e o clima, haver\u00e1 a necessidade de um n\u00famero maior de dem\u00e3os, lembrando que com maior dilui\u00e7\u00e3o do produto o filme da tinta aplicada e cobertura a ser alcan\u00e7ada ir\u00e1 diminuir drasticamente.<\/p>\n<p><strong>Dem\u00e3os Concreto: <\/strong>Geralmente aplica-se 2 dem\u00e3os e se obt\u00e9m a cobertura satisfat\u00f3ria, alta dilui\u00e7\u00e3o, cores intensas, superf\u00edcie mal preparada e pouco conhecimento t\u00e9cnico, poder\u00e1 necessitar de mais dem\u00e3os.<\/p>\n<p><strong>Madeira e Fibrocimento:<\/strong> Aplica-se duas dem\u00e3os e atinge a cobertura satisfat\u00f3ria, com excesso de dilui\u00e7\u00e3o poder\u00e1 perder o desempenho e brilho esperado.<\/p>\n<p><strong><img loading=\"lazy\" decoding=\"async\" class=\"wp-image-641 alignleft\" src=\"https:\/\/tintasfabrisul.com.br\/wp-content\/uploads\/2022\/10\/pintura-1-300x300.png\" alt=\"\" width=\"50\" height=\"50\" \/>Rendimento: <\/strong>Gal\u00e3o de 3,6 L acabado. Metal novo: 20m<sup>2<\/sup>. Metal Repintura: 25m<sup>2<\/sup>. Concreto novo 20m<sup>2<\/sup>. Concreto repintura 25m<sup>2 <\/sup><em>OBS: Este quantitativo \u00e9 te\u00f3rico podendo haver varia\u00e7\u00f5es dependendo de v\u00e1rios fatores, como ferramenta utilizada, conhecimento t\u00e9cnico e superf\u00edcie.<\/em><\/p>\n<p><strong><img loading=\"lazy\" decoding=\"async\" class=\"wp-image-646 alignleft\" src=\"https:\/\/tintasfabrisul.com.br\/wp-content\/uploads\/2022\/10\/relogio-com-sentido-horario-300x300.png\" alt=\"\" width=\"50\" height=\"50\" \/>Secagem: <\/strong>Entre dem\u00e3os de 12 a 24 horas- total 36 horas e cura 96 horas. N\u00e3o aplicar abaixo de 10 graus e acima de 40 graus. Dias com muito frio e muito quente poder\u00e1 prejudicar o acabamento final. Umidade 75% a 22 graus.<\/p>\n<p><strong><img loading=\"lazy\" decoding=\"async\" class=\"alignleft wp-image-644\" src=\"https:\/\/tintasfabrisul.com.br\/wp-content\/uploads\/2022\/10\/paleta-de-cores-300x300.png\" alt=\"\" width=\"45\" height=\"45\" \/>Cores dispon\u00edveis:<\/strong> Ambar<\/p>\n<p>&nbsp;<\/p>\n","protected":false},"excerpt":{"rendered":"<p>Produto bi componente a base de solventes voltado para a linha t\u00e9cnica Industrial em aplica\u00e7\u00e3o sobre superf\u00edcies de metal e concreto, madeira s\u00f3lida e fibrocimento, com alto desempenho, garantindo assim melhor brilho, resist\u00eancia e durabilidade em \u00e1reas internas, sem contato com sol. Ferramentas: Utilizar rolo de l\u00e3 indicado para tintas industriais e t\u00e9cnicas, pincel ou [&hellip;]<\/p>\n","protected":false},"featured_media":1629,"comment_status":"open","ping_status":"closed","template":"","meta":[],"product_cat":[57,71,55],"product_tag":[825,824,823,820,822,74],"class_list":{"0":"post-1673","1":"product","2":"type-product","3":"status-publish","4":"has-post-thumbnail","5":"hentry","6":"product_cat-impermeabilizantes","7":"product_cat-industrial","8":"product_cat-madeira-e-metal","9":"product_tag-concreto","10":"product_tag-equipamento","11":"product_tag-metal","12":"product_tag-pedra","13":"product_tag-pu","14":"product_tag-verniz","16":"entry","17":"has-media","18":"owp-thumbs-layout-horizontal","19":"owp-btn-normal","20":"owp-tabs-layout-horizontal","21":"has-no-thumbnails","22":"has-product-nav"},"_links":{"self":[{"href":"https:\/\/tintascuritiba.com.br\/index.php\/wp-json\/wp\/v2\/product\/1673","targetHints":{"allow":["GET"]}}],"collection":[{"href":"https:\/\/tintascuritiba.com.br\/index.php\/wp-json\/wp\/v2\/product"}],"about":[{"href":"https:\/\/tintascuritiba.com.br\/index.php\/wp-json\/wp\/v2\/types\/product"}],"replies":[{"embeddable":true,"href":"https:\/\/tintascuritiba.com.br\/index.php\/wp-json\/wp\/v2\/comments?post=1673"}],"wp:featuredmedia":[{"embeddable":true,"href":"https:\/\/tintascuritiba.com.br\/index.php\/wp-json\/wp\/v2\/media\/1629"}],"wp:attachment":[{"href":"https:\/\/tintascuritiba.com.br\/index.php\/wp-json\/wp\/v2\/media?parent=1673"}],"wp:term":[{"taxonomy":"product_cat","embeddable":true,"href":"https:\/\/tintascuritiba.com.br\/index.php\/wp-json\/wp\/v2\/product_cat?post=1673"},{"taxonomy":"product_tag","embeddable":true,"href":"https:\/\/tintascuritiba.com.br\/index.php\/wp-json\/wp\/v2\/product_tag?post=1673"}],"curies":[{"name":"wp","href":"https:\/\/api.w.org\/{rel}","templated":true}]}}