{"id":1670,"date":"2024-04-19T14:29:08","date_gmt":"2024-04-19T17:29:08","guid":{"rendered":"https:\/\/tintascuritiba.com.br\/?post_type=product&#038;p=1670"},"modified":"2024-04-19T14:29:08","modified_gmt":"2024-04-19T17:29:08","slug":"fundo-para-galvanizado","status":"publish","type":"product","link":"https:\/\/tintascuritiba.com.br\/index.php\/produto\/fundo-para-galvanizado\/","title":{"rendered":"Fundo Para Galvanizado"},"content":{"rendered":"<p>Fundo branco a base de solventes promovedor de ader\u00eancia, monocomponente voltado para a linha t\u00e9cnica Industrial em aplica\u00e7\u00e3o sobre superf\u00edcies em chapas lisas galvanizadas e alum\u00ednios, tamb\u00e9m linha de Metalon, possui alto desempenho, garantindo assim maior vida \u00fatil \u00e0 superf\u00edcie com resist\u00eancia mec\u00e2nica, durabilidade e flexibilidade.<\/p>\n<p><strong><img loading=\"lazy\" decoding=\"async\" class=\"alignleft wp-image-647\" src=\"https:\/\/tintasfabrisul.com.br\/wp-content\/uploads\/2022\/10\/ferramenta-300x300.png\" alt=\"\" width=\"60\" height=\"60\" \/>Ferramentas: <\/strong>Utilizar rolo de l\u00e3 indicado para tintas industriais, pincel ou trincha de cor escura, equipamento de pistola e airless seguir a recomenda\u00e7\u00e3o do fabricante.<\/p>\n<p>&nbsp;<\/p>\n<p><strong><img loading=\"lazy\" decoding=\"async\" class=\"wp-image-643 alignleft\" src=\"https:\/\/tintasfabrisul.com.br\/wp-content\/uploads\/2022\/10\/balde-de-tinta-1-300x300.png\" alt=\"\" width=\"50\" height=\"50\" \/>Dilui\u00e7\u00e3o: <\/strong>Superf\u00edcie Alum\u00ednio e Galvanizado e Metalon novos dilui\u00e7\u00f5es de 20% a 50% com (diluente para fundo galvanizado industrial), para utilizar em rolo de l\u00e3 linha industrial. Superf\u00edcie de Alum\u00ednio e galvanizado e Metalon em repintura 20% a 50% com (diluente para fundo galvanizado), para utilizar em rolo de l\u00e3 linha industrial.\u00a0Pistola convencional e air less seguir a indica\u00e7\u00e3o do fabricante, recomendamos utilizar de acima de 50% com diluente pr\u00f3prio RC 2000 ou RC 5000.<\/p>\n<p><strong><img loading=\"lazy\" decoding=\"async\" class=\"alignleft wp-image-642\" src=\"https:\/\/tintasfabrisul.com.br\/wp-content\/uploads\/2022\/10\/rolo-de-pintura-1-300x300.png\" alt=\"\" width=\"60\" height=\"60\" \/>Dem\u00e3os: <\/strong>Aplica-se 1 dem\u00e3o para se atingir a cobertura total, por\u00e9m caso necessite selar por igual e uniformidade, aplicar duas dem\u00e3os com intervalo de 2 horas.<\/p>\n<p>&nbsp;<\/p>\n<p><strong><img loading=\"lazy\" decoding=\"async\" class=\"wp-image-641 alignleft\" src=\"https:\/\/tintasfabrisul.com.br\/wp-content\/uploads\/2022\/10\/pintura-1-300x300.png\" alt=\"\" width=\"50\" height=\"50\" \/>Rendimento: <\/strong>Gal\u00e3o de 3,6L o rendimento \u00e9 de 20m<sup>2 <\/sup>acabadas. Lata de 18L o rendimento \u00e9 de 100m<sup>2 <\/sup>acabadas.\u00a0<em>OBS: Este quantitativo \u00e9 te\u00f3rico podendo haver varia\u00e7\u00f5es dependendo de v\u00e1rios fatores, como ferramenta utilizada, conhecimento t\u00e9cnico e superf\u00edcie.<\/em><\/p>\n<p><strong><img loading=\"lazy\" decoding=\"async\" class=\"wp-image-646 alignleft\" src=\"https:\/\/tintasfabrisul.com.br\/wp-content\/uploads\/2022\/10\/relogio-com-sentido-horario-300x300.png\" alt=\"\" width=\"50\" height=\"50\" \/>Secagem: <\/strong>1 hora, entre dem\u00e3os 4 horas, final 24 horas e cura 48 horas. N\u00e3o aplicar abaixo de 10 graus e acima de 40 graus. Dias com muito frio e muito quente poder\u00e1 prejudicar o acabamento final. Umidade 75% a 22 graus.<\/p>\n<p><strong><img loading=\"lazy\" decoding=\"async\" class=\"alignleft wp-image-644\" src=\"https:\/\/tintasfabrisul.com.br\/wp-content\/uploads\/2022\/10\/paleta-de-cores-300x300.png\" alt=\"\" width=\"45\" height=\"45\" \/>Cores dispon\u00edveis:<\/strong> <strong>\u00a0<\/strong>Branco.<\/p>\n","protected":false},"excerpt":{"rendered":"<p>Fundo branco a base de solventes promovedor de ader\u00eancia, monocomponente voltado para a linha t\u00e9cnica Industrial em aplica\u00e7\u00e3o sobre superf\u00edcies em chapas lisas galvanizadas e alum\u00ednios, tamb\u00e9m linha de Metalon, possui alto desempenho, garantindo assim maior vida \u00fatil \u00e0 superf\u00edcie com resist\u00eancia mec\u00e2nica, durabilidade e flexibilidade. Ferramentas: Utilizar rolo de l\u00e3 indicado para tintas industriais, [&hellip;]<\/p>\n","protected":false},"featured_media":1625,"comment_status":"open","ping_status":"closed","template":"","meta":[],"product_cat":[71,55,828],"product_tag":[811,839,810,838],"class_list":{"0":"post-1670","1":"product","2":"type-product","3":"status-publish","4":"has-post-thumbnail","5":"hentry","6":"product_cat-industrial","7":"product_cat-madeira-e-metal","8":"product_cat-massa-e-fundo","9":"product_tag-fundo","10":"product_tag-galvanizado","11":"product_tag-primer","12":"product_tag-zarcao","14":"entry","15":"has-media","16":"owp-thumbs-layout-horizontal","17":"owp-btn-normal","18":"owp-tabs-layout-horizontal","19":"has-no-thumbnails","20":"has-product-nav"},"_links":{"self":[{"href":"https:\/\/tintascuritiba.com.br\/index.php\/wp-json\/wp\/v2\/product\/1670","targetHints":{"allow":["GET"]}}],"collection":[{"href":"https:\/\/tintascuritiba.com.br\/index.php\/wp-json\/wp\/v2\/product"}],"about":[{"href":"https:\/\/tintascuritiba.com.br\/index.php\/wp-json\/wp\/v2\/types\/product"}],"replies":[{"embeddable":true,"href":"https:\/\/tintascuritiba.com.br\/index.php\/wp-json\/wp\/v2\/comments?post=1670"}],"wp:featuredmedia":[{"embeddable":true,"href":"https:\/\/tintascuritiba.com.br\/index.php\/wp-json\/wp\/v2\/media\/1625"}],"wp:attachment":[{"href":"https:\/\/tintascuritiba.com.br\/index.php\/wp-json\/wp\/v2\/media?parent=1670"}],"wp:term":[{"taxonomy":"product_cat","embeddable":true,"href":"https:\/\/tintascuritiba.com.br\/index.php\/wp-json\/wp\/v2\/product_cat?post=1670"},{"taxonomy":"product_tag","embeddable":true,"href":"https:\/\/tintascuritiba.com.br\/index.php\/wp-json\/wp\/v2\/product_tag?post=1670"}],"curies":[{"name":"wp","href":"https:\/\/api.w.org\/{rel}","templated":true}]}}