{"id":1666,"date":"2024-04-19T14:17:03","date_gmt":"2024-04-19T17:17:03","guid":{"rendered":"https:\/\/tintascuritiba.com.br\/?post_type=product&#038;p=1666"},"modified":"2024-04-19T14:17:03","modified_gmt":"2024-04-19T17:17:03","slug":"massa-acrilica-fabrisul","status":"publish","type":"product","link":"https:\/\/tintascuritiba.com.br\/index.php\/produto\/massa-acrilica-fabrisul\/","title":{"rendered":"Massa Acr\u00edlica Fabrisul"},"content":{"rendered":"<p>Produto indicado para superf\u00edcies internas e externas de alvenaria com reboco novo para regularizar pequenas imperfei\u00e7\u00f5es no reboco, oferecendo melhor acabamento e desempenho para tinta.<\/p>\n<p><strong><img loading=\"lazy\" decoding=\"async\" class=\"alignleft wp-image-647\" src=\"https:\/\/tintasfabrisul.com.br\/wp-content\/uploads\/2022\/10\/ferramenta-300x300.png\" alt=\"\" width=\"60\" height=\"60\" \/>Ferramentas: <\/strong>Desempenadeira de metal, esp\u00e1tula. Lixamento com lixas de grana 180, 200,220 e 240.<\/p>\n<p>&nbsp;<\/p>\n<p><strong><img loading=\"lazy\" decoding=\"async\" class=\"wp-image-643 alignleft\" src=\"https:\/\/tintasfabrisul.com.br\/wp-content\/uploads\/2022\/10\/balde-de-tinta-1-300x300.png\" alt=\"\" width=\"50\" height=\"50\" \/>Dilui\u00e7\u00e3o: <\/strong>Produto pronto para uso, por\u00e9m caso haja necessidade diluir em 5% com \u00e1gua pot\u00e1vel.\u00a0<em>Obs: Sempre diluir com \u00e1gua limpa e pot\u00e1vel.<\/em><\/p>\n<p>&nbsp;<\/p>\n<p><strong><img loading=\"lazy\" decoding=\"async\" class=\"alignleft wp-image-642\" src=\"https:\/\/tintasfabrisul.com.br\/wp-content\/uploads\/2022\/10\/rolo-de-pintura-1-300x300.png\" alt=\"\" width=\"60\" height=\"60\" \/>Dem\u00e3os: <\/strong>Geralmente aplica-se duas dem\u00e3os, por\u00e9m dependendo da absor\u00e7\u00e3o da superf\u00edcie e sua rugosidade poder\u00e1 aplicar um n\u00famero maior de dem\u00e3os. A massa acr\u00edlica depois de aplicada externamente n\u00e3o poder\u00e1 ficar mais que 10 dias sem receber a tinta de acabamento, caso necessite de maior tempo dever\u00e1 receber uma dem\u00e3o de Fundo Preparador.<\/p>\n<p>&nbsp;<\/p>\n<p><strong><img loading=\"lazy\" decoding=\"async\" class=\"wp-image-641 alignleft\" src=\"https:\/\/tintasfabrisul.com.br\/wp-content\/uploads\/2022\/10\/pintura-1-300x300.png\" alt=\"\" width=\"50\" height=\"50\" \/>Rendimento:<\/strong>1 Kg Massa Acr\u00edlica sobre reboco novo e curado sem aplica\u00e7\u00e3o de selador acr\u00edlico pode render 1,8m<sup>2<\/sup> acabado este quantitativo refere-se a uma superf\u00edcie de reboco uniforme, podendo haver varia\u00e7\u00f5es. 1 Kg Massa Acr\u00edlica sobre reboco novo e curado com aplica\u00e7\u00e3o de selador acr\u00edlico pode render 2,5m<sup>2 <\/sup>acabado este quantitativo refere-se a uma superf\u00edcie de reboco uniforme.\u00a0<em>Sempre lembrando que este quantitativo pode haver varia\u00e7\u00f5es, pois \u00e9 te\u00f3rico, depende muito da superf\u00edcie, do profissional, da ferramenta utilizada e do clima.<\/em><\/p>\n<p><strong><img loading=\"lazy\" decoding=\"async\" class=\"wp-image-646 alignleft\" src=\"https:\/\/tintasfabrisul.com.br\/wp-content\/uploads\/2022\/10\/relogio-com-sentido-horario-300x300.png\" alt=\"\" width=\"50\" height=\"50\" \/>Secagem: <\/strong>Em m\u00e9dia 24 horas por dem\u00e3o a 48 horas final, 48 horas para lixamento com clima bom de 22 graus e umidade relativa do ar pr\u00f3xima de 75%, somente para ambientes internos.<\/p>\n<p><strong><img loading=\"lazy\" decoding=\"async\" class=\"alignleft wp-image-644\" src=\"https:\/\/tintasfabrisul.com.br\/wp-content\/uploads\/2022\/10\/paleta-de-cores-300x300.png\" alt=\"\" width=\"45\" height=\"45\" \/>Cores dispon\u00edveis:<\/strong> Branco<\/p>\n","protected":false},"excerpt":{"rendered":"<p>Produto indicado para superf\u00edcies internas e externas de alvenaria com reboco novo para regularizar pequenas imperfei\u00e7\u00f5es no reboco, oferecendo melhor acabamento e desempenho para tinta. Ferramentas: Desempenadeira de metal, esp\u00e1tula. Lixamento com lixas de grana 180, 200,220 e 240. &nbsp; Dilui\u00e7\u00e3o: Produto pronto para uso, por\u00e9m caso haja necessidade diluir em 5% com \u00e1gua pot\u00e1vel.\u00a0Obs: [&hellip;]<\/p>\n","protected":false},"featured_media":1645,"comment_status":"open","ping_status":"closed","template":"","meta":[],"product_cat":[828],"product_tag":[837,827,834],"class_list":{"0":"post-1666","1":"product","2":"type-product","3":"status-publish","4":"has-post-thumbnail","5":"hentry","6":"product_cat-massa-e-fundo","7":"product_tag-acrilica","8":"product_tag-massa","9":"product_tag-parede","11":"entry","12":"has-media","13":"owp-thumbs-layout-horizontal","14":"owp-btn-normal","15":"owp-tabs-layout-horizontal","16":"has-product-nav"},"_links":{"self":[{"href":"https:\/\/tintascuritiba.com.br\/index.php\/wp-json\/wp\/v2\/product\/1666","targetHints":{"allow":["GET"]}}],"collection":[{"href":"https:\/\/tintascuritiba.com.br\/index.php\/wp-json\/wp\/v2\/product"}],"about":[{"href":"https:\/\/tintascuritiba.com.br\/index.php\/wp-json\/wp\/v2\/types\/product"}],"replies":[{"embeddable":true,"href":"https:\/\/tintascuritiba.com.br\/index.php\/wp-json\/wp\/v2\/comments?post=1666"}],"wp:featuredmedia":[{"embeddable":true,"href":"https:\/\/tintascuritiba.com.br\/index.php\/wp-json\/wp\/v2\/media\/1645"}],"wp:attachment":[{"href":"https:\/\/tintascuritiba.com.br\/index.php\/wp-json\/wp\/v2\/media?parent=1666"}],"wp:term":[{"taxonomy":"product_cat","embeddable":true,"href":"https:\/\/tintascuritiba.com.br\/index.php\/wp-json\/wp\/v2\/product_cat?post=1666"},{"taxonomy":"product_tag","embeddable":true,"href":"https:\/\/tintascuritiba.com.br\/index.php\/wp-json\/wp\/v2\/product_tag?post=1666"}],"curies":[{"name":"wp","href":"https:\/\/api.w.org\/{rel}","templated":true}]}}