{"id":1663,"date":"2024-04-19T14:12:17","date_gmt":"2024-04-19T17:12:17","guid":{"rendered":"https:\/\/tintascuritiba.com.br\/?post_type=product&#038;p=1663"},"modified":"2024-04-19T14:12:18","modified_gmt":"2024-04-19T17:12:18","slug":"fundo-preparador-fabrisul","status":"publish","type":"product","link":"https:\/\/tintascuritiba.com.br\/index.php\/produto\/fundo-preparador-fabrisul\/","title":{"rendered":"Fundo Preparador Fabrisul"},"content":{"rendered":"<p>Produto indicado sobre reboco mal curado antes dos 28 dias, superf\u00edcies pulverolentas, em mal estado de conserva\u00e7\u00e3o, placas de fibrocimento novas, placas de gesso acartonado novas, gesso corrido e substituto do selador acr\u00edlico podendo aplicar sobre massa corrida ou acr\u00edlica j\u00e1 lixada e isenta de p\u00f3, o produto formar\u00e1 uma pequena pel\u00edcula aglutinando as partes soltas e formando barreira contra sais do reboco que ajudar\u00e3o no acabamento e desempenho da tinta.<\/p>\n<p><strong><img loading=\"lazy\" decoding=\"async\" class=\"alignleft wp-image-647\" src=\"https:\/\/tintasfabrisul.com.br\/wp-content\/uploads\/2022\/10\/ferramenta-300x300.png\" alt=\"\" width=\"60\" height=\"60\" \/>Ferramentas: <\/strong>Rolo de l\u00e3 perfil alto ou m\u00e9dio e trincha de cor clara.<\/p>\n<p>&nbsp;<\/p>\n<p><strong><img loading=\"lazy\" decoding=\"async\" class=\"wp-image-643 alignleft\" src=\"https:\/\/tintasfabrisul.com.br\/wp-content\/uploads\/2022\/10\/balde-de-tinta-1-300x300.png\" alt=\"\" width=\"50\" height=\"50\" \/>Dilui\u00e7\u00e3o: <\/strong>Em reboco novo e n\u00e3o curado diluir em at\u00e9 20%, sobre massa PVA ou Acr\u00edlica em at\u00e9 50% com \u00e1gua. Outras superf\u00edcies consultar departamento t\u00e9cnico Fabrisul.\u00a0<em>Obs: Sempre diluir com \u00e1gua limpa e pot\u00e1vel.<\/em><\/p>\n<p><strong><img loading=\"lazy\" decoding=\"async\" class=\"alignleft wp-image-642\" src=\"https:\/\/tintasfabrisul.com.br\/wp-content\/uploads\/2022\/10\/rolo-de-pintura-1-300x300.png\" alt=\"\" width=\"60\" height=\"60\" \/>Dem\u00e3os: <\/strong>Geralmente aplica-se uma dem\u00e3o, dependendo da superf\u00edcie, rugosidade e absor\u00e7\u00e3o e estado geral, poder\u00e1 ser necess\u00e1rio um n\u00famero maior de dem\u00e3os.<\/p>\n<p>&nbsp;<\/p>\n<p><strong><img loading=\"lazy\" decoding=\"async\" class=\"wp-image-641 alignleft\" src=\"https:\/\/tintasfabrisul.com.br\/wp-content\/uploads\/2022\/10\/pintura-1-300x300.png\" alt=\"\" width=\"50\" height=\"50\" \/>Rendimento: <\/strong>Reboco curado 28 dias lata de 18 litros 150m\u00b2. Massa corrida ou acr\u00edlica 18 litros 200m\u00b2. Reboco gal\u00e3o 3,6litros 30m\u00b2. Massa corrida ou acr\u00edlica 3,6 litros 40m\u00b2. Este rendimento \u00e9 acabado.\u00a0<em>Sempre lembrando que este quantitativo pode haver varia\u00e7\u00f5es, pois \u00e9 te\u00f3rico, depende muito da superf\u00edcie, do profissional, da ferramenta utilizada e do clima.<\/em><\/p>\n<p><strong><img loading=\"lazy\" decoding=\"async\" class=\"wp-image-646 alignleft\" src=\"https:\/\/tintasfabrisul.com.br\/wp-content\/uploads\/2022\/10\/relogio-com-sentido-horario-300x300.png\" alt=\"\" width=\"50\" height=\"50\" \/>Secagem: <\/strong>Ao toque meia hora, entre dem\u00e3os 02 horas, final 4 horas, umidade relativa do ar deve estar em torno de 75% e temperatura pr\u00f3xima de 22 graus, n\u00e3o aplicar com chuva e abaixo de 10 graus.<\/p>\n<p><strong><img loading=\"lazy\" decoding=\"async\" class=\"alignleft wp-image-644\" src=\"https:\/\/tintasfabrisul.com.br\/wp-content\/uploads\/2022\/10\/paleta-de-cores-300x300.png\" alt=\"\" width=\"45\" height=\"45\" \/>Cores dispon\u00edveis:<\/strong> Incolor<\/p>\n","protected":false},"excerpt":{"rendered":"<p>Produto indicado sobre reboco mal curado antes dos 28 dias, superf\u00edcies pulverolentas, em mal estado de conserva\u00e7\u00e3o, placas de fibrocimento novas, placas de gesso acartonado novas, gesso corrido e substituto do selador acr\u00edlico podendo aplicar sobre massa corrida ou acr\u00edlica j\u00e1 lixada e isenta de p\u00f3, o produto formar\u00e1 uma pequena pel\u00edcula aglutinando as partes [&hellip;]<\/p>\n","protected":false},"featured_media":1664,"comment_status":"open","ping_status":"closed","template":"","meta":[],"product_cat":[828],"product_tag":[832,833,810,826],"class_list":{"0":"post-1663","1":"product","2":"type-product","3":"status-publish","4":"has-post-thumbnail","5":"hentry","6":"product_cat-massa-e-fundo","7":"product_tag-fundor","8":"product_tag-preparador","9":"product_tag-primer","10":"product_tag-selador","12":"entry","13":"has-media","14":"owp-thumbs-layout-horizontal","15":"owp-btn-normal","16":"owp-tabs-layout-horizontal","17":"has-no-thumbnails","18":"has-product-nav"},"_links":{"self":[{"href":"https:\/\/tintascuritiba.com.br\/index.php\/wp-json\/wp\/v2\/product\/1663","targetHints":{"allow":["GET"]}}],"collection":[{"href":"https:\/\/tintascuritiba.com.br\/index.php\/wp-json\/wp\/v2\/product"}],"about":[{"href":"https:\/\/tintascuritiba.com.br\/index.php\/wp-json\/wp\/v2\/types\/product"}],"replies":[{"embeddable":true,"href":"https:\/\/tintascuritiba.com.br\/index.php\/wp-json\/wp\/v2\/comments?post=1663"}],"wp:featuredmedia":[{"embeddable":true,"href":"https:\/\/tintascuritiba.com.br\/index.php\/wp-json\/wp\/v2\/media\/1664"}],"wp:attachment":[{"href":"https:\/\/tintascuritiba.com.br\/index.php\/wp-json\/wp\/v2\/media?parent=1663"}],"wp:term":[{"taxonomy":"product_cat","embeddable":true,"href":"https:\/\/tintascuritiba.com.br\/index.php\/wp-json\/wp\/v2\/product_cat?post=1663"},{"taxonomy":"product_tag","embeddable":true,"href":"https:\/\/tintascuritiba.com.br\/index.php\/wp-json\/wp\/v2\/product_tag?post=1663"}],"curies":[{"name":"wp","href":"https:\/\/api.w.org\/{rel}","templated":true}]}}