{"id":1661,"date":"2024-04-19T14:09:07","date_gmt":"2024-04-19T17:09:07","guid":{"rendered":"https:\/\/tintascuritiba.com.br\/?post_type=product&#038;p=1661"},"modified":"2024-04-19T14:09:07","modified_gmt":"2024-04-19T17:09:07","slug":"liquibase-fabrisul","status":"publish","type":"product","link":"https:\/\/tintascuritiba.com.br\/index.php\/produto\/liquibase-fabrisul\/","title":{"rendered":"Liquibase Fabrisul"},"content":{"rendered":"<p>Produto de acabamento leitoso para ser aplicado sobre massa corrida interna j\u00e1 lixada e isenta de p\u00f3, o produto formar\u00e1 uma pequena pel\u00edcula que ajudar\u00e1 no acabamento e desempenho da tinta, somente utilizar em ambientes internos sem contato com umidade.<\/p>\n<p><strong><img loading=\"lazy\" decoding=\"async\" class=\"alignleft wp-image-647\" src=\"https:\/\/tintasfabrisul.com.br\/wp-content\/uploads\/2022\/10\/ferramenta-300x300.png\" alt=\"\" width=\"60\" height=\"60\" \/>Ferramentas: <\/strong>Rolo de l\u00e3 perfil alto ou m\u00e9dio e trincha de cor clara.<\/p>\n<p>&nbsp;<\/p>\n<p><strong><img loading=\"lazy\" decoding=\"async\" class=\"wp-image-643 alignleft\" src=\"https:\/\/tintasfabrisul.com.br\/wp-content\/uploads\/2022\/10\/balde-de-tinta-1-300x300.png\" alt=\"\" width=\"50\" height=\"50\" \/>Dilui\u00e7\u00e3o: <\/strong>Sobre massa corrida de 20% a 50% com \u00e1gua. Outras superf\u00edcies consultar departamento t\u00e9cnico.\u00a0<em>Obs: Sempre diluir com \u00e1gua limpa e pot\u00e1vel.<\/em><\/p>\n<p>&nbsp;<\/p>\n<p><strong><img loading=\"lazy\" decoding=\"async\" class=\"alignleft wp-image-642\" src=\"https:\/\/tintasfabrisul.com.br\/wp-content\/uploads\/2022\/10\/rolo-de-pintura-1-300x300.png\" alt=\"\" width=\"60\" height=\"60\" \/>Dem\u00e3os: <\/strong>Geralmente aplica-se uma dem\u00e3o, por\u00e9m dependendo da absor\u00e7\u00e3o da superf\u00edcie poder\u00e1 aplicar um n\u00famero maior de dem\u00e3os.<\/p>\n<p>&nbsp;<\/p>\n<p><strong><img loading=\"lazy\" decoding=\"async\" class=\"wp-image-641 alignleft\" src=\"https:\/\/tintasfabrisul.com.br\/wp-content\/uploads\/2022\/10\/pintura-1-300x300.png\" alt=\"\" width=\"50\" height=\"50\" \/>Rendimento: <\/strong>Sobre Massa corrida, lata 18 litros 200m\u00b2 acabado. Sobre Massa corrida gal\u00e3o 3,6 litros 40m\u00b2 acabado.\u00a0<em>Sempre lembrando que este quantitativo pode haver varia\u00e7\u00f5es, pois \u00e9 te\u00f3rico, depende muito da superf\u00edcie, do profissional, da ferramenta utilizada e do clima.<\/em><\/p>\n<p><strong><img loading=\"lazy\" decoding=\"async\" class=\"wp-image-646 alignleft\" src=\"https:\/\/tintasfabrisul.com.br\/wp-content\/uploads\/2022\/10\/relogio-com-sentido-horario-300x300.png\" alt=\"\" width=\"50\" height=\"50\" \/>Secagem: <\/strong>Ao toque meia hora, entre dem\u00e3os 04 horas, final 6 horas, umidade relativa do ar deve estar em torno de 75% e temperatura pr\u00f3xima de 22 graus, n\u00e3o aplicar com chuva e abaixo de 10 graus.<\/p>\n<p><strong><img loading=\"lazy\" decoding=\"async\" class=\"alignleft wp-image-644\" src=\"https:\/\/tintasfabrisul.com.br\/wp-content\/uploads\/2022\/10\/paleta-de-cores-300x300.png\" alt=\"\" width=\"45\" height=\"45\" \/>Cores dispon\u00edveis:<\/strong> Leitoso.<\/p>\n","protected":false},"excerpt":{"rendered":"<p>Produto de acabamento leitoso para ser aplicado sobre massa corrida interna j\u00e1 lixada e isenta de p\u00f3, o produto formar\u00e1 uma pequena pel\u00edcula que ajudar\u00e1 no acabamento e desempenho da tinta, somente utilizar em ambientes internos sem contato com umidade. Ferramentas: Rolo de l\u00e3 perfil alto ou m\u00e9dio e trincha de cor clara. &nbsp; Dilui\u00e7\u00e3o: [&hellip;]<\/p>\n","protected":false},"featured_media":1662,"comment_status":"open","ping_status":"closed","template":"","meta":[],"product_cat":[828],"product_tag":[811,810,826],"class_list":{"0":"post-1661","1":"product","2":"type-product","3":"status-publish","4":"has-post-thumbnail","5":"hentry","6":"product_cat-massa-e-fundo","7":"product_tag-fundo","8":"product_tag-primer","9":"product_tag-selador","11":"entry","12":"has-media","13":"owp-thumbs-layout-horizontal","14":"owp-btn-normal","15":"owp-tabs-layout-horizontal","16":"has-no-thumbnails","17":"has-product-nav"},"_links":{"self":[{"href":"https:\/\/tintascuritiba.com.br\/index.php\/wp-json\/wp\/v2\/product\/1661","targetHints":{"allow":["GET"]}}],"collection":[{"href":"https:\/\/tintascuritiba.com.br\/index.php\/wp-json\/wp\/v2\/product"}],"about":[{"href":"https:\/\/tintascuritiba.com.br\/index.php\/wp-json\/wp\/v2\/types\/product"}],"replies":[{"embeddable":true,"href":"https:\/\/tintascuritiba.com.br\/index.php\/wp-json\/wp\/v2\/comments?post=1661"}],"wp:featuredmedia":[{"embeddable":true,"href":"https:\/\/tintascuritiba.com.br\/index.php\/wp-json\/wp\/v2\/media\/1662"}],"wp:attachment":[{"href":"https:\/\/tintascuritiba.com.br\/index.php\/wp-json\/wp\/v2\/media?parent=1661"}],"wp:term":[{"taxonomy":"product_cat","embeddable":true,"href":"https:\/\/tintascuritiba.com.br\/index.php\/wp-json\/wp\/v2\/product_cat?post=1661"},{"taxonomy":"product_tag","embeddable":true,"href":"https:\/\/tintascuritiba.com.br\/index.php\/wp-json\/wp\/v2\/product_tag?post=1661"}],"curies":[{"name":"wp","href":"https:\/\/api.w.org\/{rel}","templated":true}]}}