{"id":1658,"date":"2024-04-19T13:56:40","date_gmt":"2024-04-19T16:56:40","guid":{"rendered":"https:\/\/tintascuritiba.com.br\/?post_type=product&#038;p=1658"},"modified":"2024-04-19T13:56:40","modified_gmt":"2024-04-19T16:56:40","slug":"selador-acrilico","status":"publish","type":"product","link":"https:\/\/tintascuritiba.com.br\/index.php\/produto\/selador-acrilico\/","title":{"rendered":"Selador Acr\u00edlico"},"content":{"rendered":"<p>Produto a base de \u00e1gua, branco e leitoso indicado para ser aplicado sobre reboco novo e curado com 28 dias, servindo como fundo antes da aplica\u00e7\u00e3o da massa de corre\u00e7\u00e3o, PVA ou Acr\u00edlica, at\u00e9 mesmo da tinta final caso n\u00e3o utilize massa, pois promover\u00e1 melhor desempenho ao acabamento final.<\/p>\n<p><strong><img loading=\"lazy\" decoding=\"async\" class=\"alignleft wp-image-647\" src=\"https:\/\/tintasfabrisul.com.br\/wp-content\/uploads\/2022\/10\/ferramenta-300x300.png\" alt=\"\" width=\"60\" height=\"60\" \/>Ferramentas: <\/strong>Rolo de l\u00e3 perfil alto ou m\u00e9dio e trincha de cor clara.<\/p>\n<p>&nbsp;<\/p>\n<p><strong><img loading=\"lazy\" decoding=\"async\" class=\"wp-image-643 alignleft\" src=\"https:\/\/tintasfabrisul.com.br\/wp-content\/uploads\/2022\/10\/balde-de-tinta-1-300x300.png\" alt=\"\" width=\"50\" height=\"50\" \/>Dilui\u00e7\u00e3o: <\/strong>de 10% a 30% com \u00e1gua pot\u00e1vel. Outras superf\u00edcies consultar departamento t\u00e9cnico Fabrisul.\u00a0<em>Obs: Sempre diluir com \u00e1gua limpa e pot\u00e1vel.<\/em><\/p>\n<p>&nbsp;<\/p>\n<p><strong><img loading=\"lazy\" decoding=\"async\" class=\"alignleft wp-image-642\" src=\"https:\/\/tintasfabrisul.com.br\/wp-content\/uploads\/2022\/10\/rolo-de-pintura-1-300x300.png\" alt=\"\" width=\"60\" height=\"60\" \/>Dem\u00e3os: <\/strong>Geralmente aplica-se uma dem\u00e3o, por\u00e9m dependendo da rugosidade da superf\u00edcie e absor\u00e7\u00e3o, poder\u00e1 ser necess\u00e1rio um n\u00famero maior de dem\u00e3os.<\/p>\n<p>&nbsp;<\/p>\n<p><strong><img loading=\"lazy\" decoding=\"async\" class=\"wp-image-641 alignleft\" src=\"https:\/\/tintasfabrisul.com.br\/wp-content\/uploads\/2022\/10\/pintura-1-300x300.png\" alt=\"\" width=\"50\" height=\"50\" \/>Rendimento: <\/strong>Reboco novo lata de 18 litros 120m\u00b2 acabado. Reboco gal\u00e3o 3,6litros 20m\u00b2 acabado.\u00a0<em>Sempre lembrando que este quantitativo pode haver varia\u00e7\u00f5es, pois \u00e9 te\u00f3rico, depende muito da superf\u00edcie, do profissional, da ferramenta utilizada e do clima.<\/em><\/p>\n<p><strong><img loading=\"lazy\" decoding=\"async\" class=\"wp-image-646 alignleft\" src=\"https:\/\/tintasfabrisul.com.br\/wp-content\/uploads\/2022\/10\/relogio-com-sentido-horario-300x300.png\" alt=\"\" width=\"50\" height=\"50\" \/>Secagem: <\/strong>Ao toque 1 hora, entre dem\u00e3os 02 horas, final 8 horas, umidade relativa do ar deve estar em torno de 75% e temperatura pr\u00f3xima de 22 graus, n\u00e3o aplicar com chuva e abaixo de 10 graus.<\/p>\n<p><strong><img loading=\"lazy\" decoding=\"async\" class=\"alignleft wp-image-644\" src=\"https:\/\/tintasfabrisul.com.br\/wp-content\/uploads\/2022\/10\/paleta-de-cores-300x300.png\" alt=\"\" width=\"45\" height=\"45\" \/>Cores dispon\u00edveis:<\/strong> Conforme cat\u00e1logo de cores.<\/p>\n","protected":false},"excerpt":{"rendered":"<p>Produto a base de \u00e1gua, branco e leitoso indicado para ser aplicado sobre reboco novo e curado com 28 dias, servindo como fundo antes da aplica\u00e7\u00e3o da massa de corre\u00e7\u00e3o, PVA ou Acr\u00edlica, at\u00e9 mesmo da tinta final caso n\u00e3o utilize massa, pois promover\u00e1 melhor desempenho ao acabamento final. Ferramentas: Rolo de l\u00e3 perfil alto [&hellip;]<\/p>\n","protected":false},"featured_media":1659,"comment_status":"open","ping_status":"closed","template":"","meta":[],"product_cat":[828],"product_tag":[811,810,826],"class_list":{"0":"post-1658","1":"product","2":"type-product","3":"status-publish","4":"has-post-thumbnail","5":"hentry","6":"product_cat-massa-e-fundo","7":"product_tag-fundo","8":"product_tag-primer","9":"product_tag-selador","11":"entry","12":"has-media","13":"owp-thumbs-layout-horizontal","14":"owp-btn-normal","15":"owp-tabs-layout-horizontal","16":"has-no-thumbnails","17":"has-product-nav"},"_links":{"self":[{"href":"https:\/\/tintascuritiba.com.br\/index.php\/wp-json\/wp\/v2\/product\/1658","targetHints":{"allow":["GET"]}}],"collection":[{"href":"https:\/\/tintascuritiba.com.br\/index.php\/wp-json\/wp\/v2\/product"}],"about":[{"href":"https:\/\/tintascuritiba.com.br\/index.php\/wp-json\/wp\/v2\/types\/product"}],"replies":[{"embeddable":true,"href":"https:\/\/tintascuritiba.com.br\/index.php\/wp-json\/wp\/v2\/comments?post=1658"}],"wp:featuredmedia":[{"embeddable":true,"href":"https:\/\/tintascuritiba.com.br\/index.php\/wp-json\/wp\/v2\/media\/1659"}],"wp:attachment":[{"href":"https:\/\/tintascuritiba.com.br\/index.php\/wp-json\/wp\/v2\/media?parent=1658"}],"wp:term":[{"taxonomy":"product_cat","embeddable":true,"href":"https:\/\/tintascuritiba.com.br\/index.php\/wp-json\/wp\/v2\/product_cat?post=1658"},{"taxonomy":"product_tag","embeddable":true,"href":"https:\/\/tintascuritiba.com.br\/index.php\/wp-json\/wp\/v2\/product_tag?post=1658"}],"curies":[{"name":"wp","href":"https:\/\/api.w.org\/{rel}","templated":true}]}}