{"id":1635,"date":"2024-04-18T16:34:07","date_gmt":"2024-04-18T19:34:07","guid":{"rendered":"https:\/\/tintascuritiba.com.br\/?post_type=product&#038;p=1635"},"modified":"2024-04-18T16:34:07","modified_gmt":"2024-04-18T19:34:07","slug":"tinta-ultra-pisos-e-quadras","status":"publish","type":"product","link":"https:\/\/tintascuritiba.com.br\/index.php\/produto\/tinta-ultra-pisos-e-quadras\/","title":{"rendered":"Tinta Ultra Pisos e Quadras"},"content":{"rendered":"<p>Tinta acr\u00edlica premium de alto desempenho espec\u00edfica para pintura de piso ciment\u00edcio, seja ele queimado ou n\u00e3o de acabamento semibrilho, tamb\u00e9m recomendado para pintura de telhas cer\u00e2micas n\u00e3o vitrificadas e telhas de fibrocimento em \u00e1reas internas e externas, quadras poliesportivas, garagens, estacionamentos e demarca\u00e7\u00f5es.<\/p>\n<p><strong><img loading=\"lazy\" decoding=\"async\" class=\"alignleft wp-image-647\" src=\"https:\/\/tintasfabrisul.com.br\/wp-content\/uploads\/2022\/10\/ferramenta-300x300.png\" alt=\"\" width=\"60\" height=\"60\" \/>Ferramentas: <\/strong>Utilizar rolo de l\u00e3 perfil baixo ou m\u00e9dio, utilizar trincha de cerdas claras e finas para recortes. Caso utilize equipamento de pistola com compressor e airless, seguir as recomenda\u00e7\u00f5es do fabricante.<\/p>\n<p>&nbsp;<\/p>\n<p><strong><img loading=\"lazy\" decoding=\"async\" class=\"wp-image-643 alignleft\" src=\"https:\/\/tintasfabrisul.com.br\/wp-content\/uploads\/2022\/10\/balde-de-tinta-1-300x300.png\" alt=\"\" width=\"50\" height=\"50\" \/>Dilui\u00e7\u00e3o:\u00a0<\/strong>Pincel, rolo ou trincha de 20% a 30% com \u00e1gua pot\u00e1vel em todas as dem\u00e3os. Pistola e ou airless 40% com \u00e1gua pot\u00e1vel em todas as dem\u00e3os.<\/p>\n<p>&nbsp;<\/p>\n<p><strong><img loading=\"lazy\" decoding=\"async\" class=\"alignleft wp-image-642\" src=\"https:\/\/tintasfabrisul.com.br\/wp-content\/uploads\/2022\/10\/rolo-de-pintura-1-300x300.png\" alt=\"\" width=\"60\" height=\"60\" \/>Dem\u00e3os:\u00a0<\/strong>Geralmente aplica-se de duas a tr\u00eas dem\u00e3os para se alcan\u00e7ar a cobertura satisfat\u00f3ria, poder\u00e1 ser maior dependendo do tipo do piso e seu estado geral.<\/p>\n<p>&nbsp;<\/p>\n<p><strong><img loading=\"lazy\" decoding=\"async\" class=\"wp-image-641 alignleft\" src=\"https:\/\/tintasfabrisul.com.br\/wp-content\/uploads\/2022\/10\/pintura-1-300x300.png\" alt=\"\" width=\"50\" height=\"50\" \/>Rendimento:\u00a0<\/strong>Gal\u00e3o de 3,6lt 15m\u00b2 acabado nas cores branco e claras. Gal\u00e3o de 3,6lt 25m\u00b2 acabado nas cores cinza, azul, vermelho, grafite e verde.<\/p>\n<p>&nbsp;<\/p>\n<p><strong><img loading=\"lazy\" decoding=\"async\" class=\"wp-image-646 alignleft\" src=\"https:\/\/tintasfabrisul.com.br\/wp-content\/uploads\/2022\/10\/relogio-com-sentido-horario-300x300.png\" alt=\"\" width=\"50\" height=\"50\" \/>Secagem:\u00a0<\/strong>Ao toque 1 hora, entre dem\u00e3os 4 horas, final 12 horas, tr\u00e2nsito de pessoas 48 horas, tr\u00e2nsito de ve\u00edculos 72 horas.<\/p>\n<p>&nbsp;<\/p>\n<p><strong><img loading=\"lazy\" decoding=\"async\" class=\"alignleft wp-image-644\" src=\"https:\/\/tintasfabrisul.com.br\/wp-content\/uploads\/2022\/10\/paleta-de-cores-300x300.png\" alt=\"\" width=\"45\" height=\"45\" \/>Cores dispon\u00edveis:<\/strong> Conforme cat\u00e1logo de cores.<\/p>\n","protected":false},"excerpt":{"rendered":"<p>Tinta acr\u00edlica premium de alto desempenho espec\u00edfica para pintura de piso ciment\u00edcio, seja ele queimado ou n\u00e3o de acabamento semibrilho, tamb\u00e9m recomendado para pintura de telhas cer\u00e2micas n\u00e3o vitrificadas e telhas de fibrocimento em \u00e1reas internas e externas, quadras poliesportivas, garagens, estacionamentos e demarca\u00e7\u00f5es. Ferramentas: Utilizar rolo de l\u00e3 perfil baixo ou m\u00e9dio, utilizar trincha [&hellip;]<\/p>\n","protected":false},"featured_media":1636,"comment_status":"open","ping_status":"closed","template":"","meta":[],"product_cat":[809,54],"product_tag":[817,60],"class_list":{"0":"post-1635","1":"product","2":"type-product","3":"status-publish","4":"has-post-thumbnail","5":"hentry","6":"product_cat-pisos","7":"product_cat-tintas","8":"product_tag-piso-faixa","9":"product_tag-tinta","11":"entry","12":"has-media","13":"owp-thumbs-layout-horizontal","14":"owp-btn-normal","15":"owp-tabs-layout-horizontal","16":"has-no-thumbnails","17":"has-product-nav"},"_links":{"self":[{"href":"https:\/\/tintascuritiba.com.br\/index.php\/wp-json\/wp\/v2\/product\/1635","targetHints":{"allow":["GET"]}}],"collection":[{"href":"https:\/\/tintascuritiba.com.br\/index.php\/wp-json\/wp\/v2\/product"}],"about":[{"href":"https:\/\/tintascuritiba.com.br\/index.php\/wp-json\/wp\/v2\/types\/product"}],"replies":[{"embeddable":true,"href":"https:\/\/tintascuritiba.com.br\/index.php\/wp-json\/wp\/v2\/comments?post=1635"}],"wp:featuredmedia":[{"embeddable":true,"href":"https:\/\/tintascuritiba.com.br\/index.php\/wp-json\/wp\/v2\/media\/1636"}],"wp:attachment":[{"href":"https:\/\/tintascuritiba.com.br\/index.php\/wp-json\/wp\/v2\/media?parent=1635"}],"wp:term":[{"taxonomy":"product_cat","embeddable":true,"href":"https:\/\/tintascuritiba.com.br\/index.php\/wp-json\/wp\/v2\/product_cat?post=1635"},{"taxonomy":"product_tag","embeddable":true,"href":"https:\/\/tintascuritiba.com.br\/index.php\/wp-json\/wp\/v2\/product_tag?post=1635"}],"curies":[{"name":"wp","href":"https:\/\/api.w.org\/{rel}","templated":true}]}}