{"id":1630,"date":"2024-04-18T16:23:21","date_gmt":"2024-04-18T19:23:21","guid":{"rendered":"https:\/\/tintascuritiba.com.br\/?post_type=product&#038;p=1630"},"modified":"2024-04-19T14:23:42","modified_gmt":"2024-04-19T17:23:42","slug":"epoxi-autonivelante-fabrisul","status":"publish","type":"product","link":"https:\/\/tintascuritiba.com.br\/index.php\/produto\/epoxi-autonivelante-fabrisul\/","title":{"rendered":"Ep\u00f3xi Autonivelante Fabrisul"},"content":{"rendered":"<p>Ep\u00f3xi Autonivelante produto formulado para uniformizar superf\u00edcies de pisos ciment\u00edcios oferecendo um acabamento ultra liso e de alta performance, em sua aplica\u00e7\u00e3o consegue-se um nivelamento da \u00e1rea sem perder sua caracter\u00edstica de est\u00e9tica e durabilidade.<\/p>\n<p><strong><img loading=\"lazy\" decoding=\"async\" class=\"alignleft wp-image-647\" src=\"https:\/\/tintasfabrisul.com.br\/wp-content\/uploads\/2022\/10\/ferramenta-300x300.png\" alt=\"\" width=\"60\" height=\"60\" \/>Ferramentas:\u00a0<\/strong>Utilizar esp\u00e1tulas, r\u00e9guas, mexedores, rodos dentados e espec\u00edficos.<\/p>\n<p>&nbsp;<\/p>\n<p><strong><img loading=\"lazy\" decoding=\"async\" class=\"wp-image-643 alignleft\" src=\"https:\/\/tintasfabrisul.com.br\/wp-content\/uploads\/2022\/10\/balde-de-tinta-1-300x300.png\" alt=\"\" width=\"50\" height=\"50\" \/>Dilui\u00e7\u00e3o:\u00a0<\/strong>Este produto \u00e9 pronto para uso.<\/p>\n<p>&nbsp;<\/p>\n<p><strong><img loading=\"lazy\" decoding=\"async\" class=\"alignleft wp-image-642\" src=\"https:\/\/tintasfabrisul.com.br\/wp-content\/uploads\/2022\/10\/rolo-de-pintura-1-300x300.png\" alt=\"\" width=\"60\" height=\"60\" \/>Dem\u00e3os:\u00a0<\/strong>Geralmente aplica-se 1 camada por completo para uniformizar a \u00e1rea(alisamento).<\/p>\n<p>&nbsp;<\/p>\n<p><strong><img loading=\"lazy\" decoding=\"async\" class=\"wp-image-641 alignleft\" src=\"https:\/\/tintasfabrisul.com.br\/wp-content\/uploads\/2022\/10\/pintura-1-300x300.png\" alt=\"\" width=\"50\" height=\"50\" \/>Rendimento:\u00a0<\/strong>Gal\u00e3o de 3,6 L para alisamento 3m2 acabado em piso limpo, liso e sem emendas.<\/p>\n<p><strong>OBS:<\/strong> Este quantitativo \u00e9 te\u00f3rico podendo haver varia\u00e7\u00f5es dependendo de v\u00e1rios fatores, como ferramenta utilizada, conhecimento t\u00e9cnico e superf\u00edcie.<\/p>\n<p><strong><img loading=\"lazy\" decoding=\"async\" class=\"wp-image-646 alignleft\" src=\"https:\/\/tintasfabrisul.com.br\/wp-content\/uploads\/2022\/10\/relogio-com-sentido-horario-300x300.png\" alt=\"\" width=\"50\" height=\"50\" \/>Secagem:\u00a0<\/strong>36 horas para circula\u00e7\u00e3o pessoas e cura total 96 horas. N\u00e3o aplicar abaixo de 10 graus e acima de 40 graus. Dias com muito frio e muito quente poder\u00e1 prejudicar o acabamento final a umidade 75% a 22 graus.<\/p>\n<p><strong><img loading=\"lazy\" decoding=\"async\" class=\"alignleft wp-image-644\" src=\"https:\/\/tintasfabrisul.com.br\/wp-content\/uploads\/2022\/10\/paleta-de-cores-300x300.png\" alt=\"\" width=\"45\" height=\"45\" \/>Cores dispon\u00edveis:<\/strong> Conforme cat\u00e1logo de cores.<\/p>\n","protected":false},"excerpt":{"rendered":"<p>Ep\u00f3xi Autonivelante produto formulado para uniformizar superf\u00edcies de pisos ciment\u00edcios oferecendo um acabamento ultra liso e de alta performance, em sua aplica\u00e7\u00e3o consegue-se um nivelamento da \u00e1rea sem perder sua caracter\u00edstica de est\u00e9tica e durabilidade. Ferramentas:\u00a0Utilizar esp\u00e1tulas, r\u00e9guas, mexedores, rodos dentados e espec\u00edficos. &nbsp; Dilui\u00e7\u00e3o:\u00a0Este produto \u00e9 pronto para uso. &nbsp; Dem\u00e3os:\u00a0Geralmente aplica-se 1 camada [&hellip;]<\/p>\n","protected":false},"featured_media":1629,"comment_status":"open","ping_status":"closed","template":"","meta":[],"product_cat":[71,809],"product_tag":[814,812,803,813],"class_list":{"0":"post-1630","1":"product","2":"type-product","3":"status-publish","4":"has-post-thumbnail","5":"hentry","6":"product_cat-industrial","7":"product_cat-pisos","8":"product_tag-autonivelante","9":"product_tag-epoxi","10":"product_tag-fabrisul","11":"product_tag-piso","13":"entry","14":"has-media","15":"owp-thumbs-layout-horizontal","16":"owp-btn-normal","17":"owp-tabs-layout-horizontal","18":"has-no-thumbnails","19":"has-product-nav"},"_links":{"self":[{"href":"https:\/\/tintascuritiba.com.br\/index.php\/wp-json\/wp\/v2\/product\/1630","targetHints":{"allow":["GET"]}}],"collection":[{"href":"https:\/\/tintascuritiba.com.br\/index.php\/wp-json\/wp\/v2\/product"}],"about":[{"href":"https:\/\/tintascuritiba.com.br\/index.php\/wp-json\/wp\/v2\/types\/product"}],"replies":[{"embeddable":true,"href":"https:\/\/tintascuritiba.com.br\/index.php\/wp-json\/wp\/v2\/comments?post=1630"}],"wp:featuredmedia":[{"embeddable":true,"href":"https:\/\/tintascuritiba.com.br\/index.php\/wp-json\/wp\/v2\/media\/1629"}],"wp:attachment":[{"href":"https:\/\/tintascuritiba.com.br\/index.php\/wp-json\/wp\/v2\/media?parent=1630"}],"wp:term":[{"taxonomy":"product_cat","embeddable":true,"href":"https:\/\/tintascuritiba.com.br\/index.php\/wp-json\/wp\/v2\/product_cat?post=1630"},{"taxonomy":"product_tag","embeddable":true,"href":"https:\/\/tintascuritiba.com.br\/index.php\/wp-json\/wp\/v2\/product_tag?post=1630"}],"curies":[{"name":"wp","href":"https:\/\/api.w.org\/{rel}","templated":true}]}}