{"id":1624,"date":"2024-04-18T15:28:34","date_gmt":"2024-04-18T18:28:34","guid":{"rendered":"https:\/\/tintascuritiba.com.br\/?post_type=product&#038;p=1624"},"modified":"2024-04-19T14:23:55","modified_gmt":"2024-04-19T17:23:55","slug":"primer-epoxi-incolor-fabrisul","status":"publish","type":"product","link":"https:\/\/tintascuritiba.com.br\/index.php\/produto\/primer-epoxi-incolor-fabrisul\/","title":{"rendered":"Primer Ep\u00f3xi Incolor Fabrisul"},"content":{"rendered":"<p>Primer Ep\u00f3xi Incolor produto bi componente a base de solventes voltado para a linha t\u00e9cnica Industrial em aplica\u00e7\u00e3o sobre superf\u00edcies em concreto, madeira s\u00f3lida, fibrocimento. Com alto desempenho, garantindo assim maior vida \u00fatil ao sistema ep\u00f3xi, com resist\u00eancia mec\u00e2nica, a alto tr\u00e1fego em ambientes internos.<\/p>\n<p><strong><img loading=\"lazy\" decoding=\"async\" class=\"alignleft wp-image-647\" src=\"https:\/\/tintasfabrisul.com.br\/wp-content\/uploads\/2022\/10\/ferramenta-300x300.png\" alt=\"\" width=\"60\" height=\"60\" \/>Ferramentas: <\/strong>Utilizar rolo de l\u00e3 indicado para tintas industriais, pincel ou trincha de cor escura, equipamento de pistola e airless seguir a recomenda\u00e7\u00e3o do fabricante.<\/p>\n<p>&nbsp;<\/p>\n<p><strong><img loading=\"lazy\" decoding=\"async\" class=\"wp-image-643 alignleft\" src=\"https:\/\/tintasfabrisul.com.br\/wp-content\/uploads\/2022\/10\/balde-de-tinta-1-300x300.png\" alt=\"\" width=\"50\" height=\"50\" \/>Dilui\u00e7\u00e3o: <\/strong>Superf\u00edcie de concreto, madeira e fibrocimento novos dilui\u00e7\u00e3o de 10% a 20% com diluente pr\u00f3prio. Superf\u00edcie de concreto, madeira e fibrocimento em repintura 20% a 30% com diluente pr\u00f3prio. Pistola convencional e airless seguir a indica\u00e7\u00e3o do fabricante.\u00a0<em>OBS: Outras superf\u00edcies ou d\u00favidas consultar departamento t\u00e9cnico Fabrisul.<\/em><\/p>\n<p><strong><img loading=\"lazy\" decoding=\"async\" class=\"alignleft wp-image-642\" src=\"https:\/\/tintasfabrisul.com.br\/wp-content\/uploads\/2022\/10\/rolo-de-pintura-1-300x300.png\" alt=\"\" width=\"60\" height=\"60\" \/>Dem\u00e3os Concreto, Madeira e Fibrocimento: <\/strong>Geralmente aplica-se uma dem\u00e3o cruzada por uniformidade e alcan\u00e7a a cobertura satisfat\u00f3ria, lembrando que com maior dilui\u00e7\u00e3o do produto o filme do primer Incolor poder\u00e1 ficar muito fino n\u00e3o gerando o desempenho esperado.<\/p>\n<p><strong><br \/>\n<img loading=\"lazy\" decoding=\"async\" class=\"wp-image-641 alignleft\" src=\"https:\/\/tintasfabrisul.com.br\/wp-content\/uploads\/2022\/10\/pintura-1-300x300.png\" alt=\"\" width=\"50\" height=\"50\" \/>Rendimento: <\/strong>Gal\u00e3o de 3,6 L acabado. Concreto, Madeira e Fibrocimento novo 20m<sup>2<\/sup>. Concreto, Madeira e Fibrocimento repintura 25m<sup>2\u00a0<\/sup><em><strong>OBS: <\/strong>Este quantitativo \u00e9 te\u00f3rico podendo haver varia\u00e7\u00f5es dependendo de v\u00e1rios fatores, como ferramenta utilizada, conhecimento t\u00e9cnico e superf\u00edcie.<\/em><\/p>\n<p><strong><img loading=\"lazy\" decoding=\"async\" class=\"wp-image-646 alignleft\" src=\"https:\/\/tintasfabrisul.com.br\/wp-content\/uploads\/2022\/10\/relogio-com-sentido-horario-300x300.png\" alt=\"\" width=\"50\" height=\"50\" \/>Secagem: <\/strong>24 horas. N\u00e3o aplicar abaixo de 10 graus e acima de 40 graus. Dias com muito frio e muito quente poder\u00e1 prejudicar o desempenho. Umidade 75% a 22 graus.<\/p>\n<p>&nbsp;<\/p>\n<p><strong><img loading=\"lazy\" decoding=\"async\" class=\"alignleft wp-image-644\" src=\"https:\/\/tintasfabrisul.com.br\/wp-content\/uploads\/2022\/10\/paleta-de-cores-300x300.png\" alt=\"\" width=\"45\" height=\"45\" \/>Cores dispon\u00edveis: <\/strong>Incolor.<\/p>\n","protected":false},"excerpt":{"rendered":"<p>Primer Ep\u00f3xi Incolor produto bi componente a base de solventes voltado para a linha t\u00e9cnica Industrial em aplica\u00e7\u00e3o sobre superf\u00edcies em concreto, madeira s\u00f3lida, fibrocimento. Com alto desempenho, garantindo assim maior vida \u00fatil ao sistema ep\u00f3xi, com resist\u00eancia mec\u00e2nica, a alto tr\u00e1fego em ambientes internos. Ferramentas: Utilizar rolo de l\u00e3 indicado para tintas industriais, pincel [&hellip;]<\/p>\n","protected":false},"featured_media":1625,"comment_status":"open","ping_status":"closed","template":"","meta":[],"product_cat":[71,809],"product_tag":[812,803,811,810],"class_list":{"0":"post-1624","1":"product","2":"type-product","3":"status-publish","4":"has-post-thumbnail","5":"hentry","6":"product_cat-industrial","7":"product_cat-pisos","8":"product_tag-epoxi","9":"product_tag-fabrisul","10":"product_tag-fundo","11":"product_tag-primer","13":"entry","14":"has-media","15":"owp-thumbs-layout-horizontal","16":"owp-btn-normal","17":"owp-tabs-layout-horizontal","18":"has-no-thumbnails","19":"has-product-nav"},"_links":{"self":[{"href":"https:\/\/tintascuritiba.com.br\/index.php\/wp-json\/wp\/v2\/product\/1624","targetHints":{"allow":["GET"]}}],"collection":[{"href":"https:\/\/tintascuritiba.com.br\/index.php\/wp-json\/wp\/v2\/product"}],"about":[{"href":"https:\/\/tintascuritiba.com.br\/index.php\/wp-json\/wp\/v2\/types\/product"}],"replies":[{"embeddable":true,"href":"https:\/\/tintascuritiba.com.br\/index.php\/wp-json\/wp\/v2\/comments?post=1624"}],"wp:featuredmedia":[{"embeddable":true,"href":"https:\/\/tintascuritiba.com.br\/index.php\/wp-json\/wp\/v2\/media\/1625"}],"wp:attachment":[{"href":"https:\/\/tintascuritiba.com.br\/index.php\/wp-json\/wp\/v2\/media?parent=1624"}],"wp:term":[{"taxonomy":"product_cat","embeddable":true,"href":"https:\/\/tintascuritiba.com.br\/index.php\/wp-json\/wp\/v2\/product_cat?post=1624"},{"taxonomy":"product_tag","embeddable":true,"href":"https:\/\/tintascuritiba.com.br\/index.php\/wp-json\/wp\/v2\/product_tag?post=1624"}],"curies":[{"name":"wp","href":"https:\/\/api.w.org\/{rel}","templated":true}]}}