{"id":1622,"date":"2024-04-18T14:59:47","date_gmt":"2024-04-18T17:59:47","guid":{"rendered":"https:\/\/tintascuritiba.com.br\/?post_type=product&#038;p=1622"},"modified":"2024-04-19T11:08:54","modified_gmt":"2024-04-19T14:08:54","slug":"tinta-acrilica-revestimento-fabrisul","status":"publish","type":"product","link":"https:\/\/tintascuritiba.com.br\/index.php\/produto\/tinta-acrilica-revestimento-fabrisul\/","title":{"rendered":"Tinta Acr\u00edlica Revestimento Fabrisul"},"content":{"rendered":"<p>Tinta acr\u00edlica fosca com hidrorepel\u00eancia, formulada especialmente para revestimentos acr\u00edlicos, texturas em geral, possui \u00f3tima cobertura de f\u00e1cil aplica\u00e7\u00e3o. Sua f\u00f3rmula oferece renova\u00e7\u00e3o de cor, resist\u00eancia e durabilidade contra o intemperismo, sem perder o efeito da textura aplicada.<\/p>\n<p><strong><img loading=\"lazy\" decoding=\"async\" class=\"alignleft wp-image-647\" src=\"https:\/\/tintasfabrisul.com.br\/wp-content\/uploads\/2022\/10\/ferramenta-300x300.png\" alt=\"\" width=\"60\" height=\"60\" \/>Ferramentas: <\/strong>Utilizar rolo de l\u00e3 de carneiro perfil m\u00e9dio ou alto. Trinchas de cerdas claras ajudam no acabamento de recortes de portas e janelas. Pistola de ar e equipamentos de AirLess somente para profissionais com conhecimento t\u00e9cnico e pr\u00e1tico.<\/p>\n<p>&nbsp;<\/p>\n<p><strong><img loading=\"lazy\" decoding=\"async\" class=\"wp-image-643 alignleft\" src=\"https:\/\/tintasfabrisul.com.br\/wp-content\/uploads\/2022\/10\/balde-de-tinta-1-300x300.png\" alt=\"\" width=\"50\" height=\"50\" \/>Dilui\u00e7\u00e3o: <\/strong>Tinta Acr\u00edlica Revestimentos j\u00e1 vem pronta para uso, podendo ser dilu\u00edda em fun\u00e7\u00e3o de fatores como, rugosidade, porosidade, absor\u00e7\u00e3o e estado geral da superf\u00edcie. Texturas Roladas 20% em todas as dem\u00e3os. Texturas R\u00fasticas 20% em todas as dem\u00e3os. Texturas Projetadas 10% em todas as dem\u00e3os.\u00a0<em>Obs: Sempre diluir com \u00e1gua limpa e pot\u00e1vel.<\/em><\/p>\n<p><strong><img loading=\"lazy\" decoding=\"async\" class=\"alignleft wp-image-642\" src=\"https:\/\/tintasfabrisul.com.br\/wp-content\/uploads\/2022\/10\/rolo-de-pintura-1-300x300.png\" alt=\"\" width=\"60\" height=\"60\" \/>Dem\u00e3os: <\/strong>Geralmente aplica-se 2 dem\u00e3os para conseguir a cobertura satisfat\u00f3ria, por\u00e9m dependendo de a \u00e1rea ser mais cr\u00edtica e agressiva \u00e9 coerente aplicar 3 dem\u00e3os, principalmente em muros e paredes de divisa expostos ao tempo.<\/p>\n<p>&nbsp;<\/p>\n<p><strong><img loading=\"lazy\" decoding=\"async\" class=\"wp-image-641 alignleft\" src=\"https:\/\/tintasfabrisul.com.br\/wp-content\/uploads\/2022\/10\/pintura-1-300x300.png\" alt=\"\" width=\"50\" height=\"50\" \/>Rendimento:<\/strong> Lata 18Litros rende: Textura Rolada 140m\u00b2 acabado. Textura R\u00fastica 140m\u00b2 acabado. Textura projetada 120m\u00b2 acabado.<\/p>\n<p>&nbsp;<\/p>\n<p><strong><img loading=\"lazy\" decoding=\"async\" class=\"wp-image-641 alignleft\" src=\"https:\/\/tintasfabrisul.com.br\/wp-content\/uploads\/2022\/10\/pintura-1-300x300.png\" alt=\"\" width=\"50\" height=\"50\" \/>Rendimento: <\/strong>Gal\u00e3o 3,6Litros rende: Textura Rolada 30m\u00b2 acabado. Textura R\u00fastica 30m\u00b2 acabado. Textura projetada 25m\u00b2 acabado. <em>Sempre lembrando que este quantitativo pode haver varia\u00e7\u00f5es, pois \u00e9 te\u00f3rico, depende muito da superf\u00edcie, do profissional, da ferramenta utilizada, do tempo entre dem\u00e3os, da cor utilizada e do clima.<\/em><\/p>\n<p><strong><img loading=\"lazy\" decoding=\"async\" class=\"wp-image-646 alignleft\" src=\"https:\/\/tintasfabrisul.com.br\/wp-content\/uploads\/2022\/10\/relogio-com-sentido-horario-300x300.png\" alt=\"\" width=\"50\" height=\"50\" \/>Secagem: <\/strong>Ao toque em torno de 30 minutos.\u00a0 Entre dem\u00e3os 8 horas e secagem total 24 horas. N\u00e3o aplicar em dias chuvosos e frio. Umidade de 75% e 22 graus. A cura final do filme da tinta aplicada ser\u00e1 de em m\u00e9dia geral 20 dias, neste per\u00edodo n\u00e3o expor a esfor\u00e7os a superf\u00edcie pintada, n\u00e3o limpar e aguardar a cura.<\/p>\n<p><strong><img loading=\"lazy\" decoding=\"async\" class=\"alignleft wp-image-644\" src=\"https:\/\/tintasfabrisul.com.br\/wp-content\/uploads\/2022\/10\/paleta-de-cores-300x300.png\" alt=\"\" width=\"45\" height=\"45\" \/>Cores dispon\u00edveis:<\/strong> Conforme cat\u00e1logo de cores.<\/p>\n","protected":false},"excerpt":{"rendered":"<p>Tinta acr\u00edlica fosca com hidrorepel\u00eancia, formulada especialmente para revestimentos acr\u00edlicos, texturas em geral, possui \u00f3tima cobertura de f\u00e1cil aplica\u00e7\u00e3o. Sua f\u00f3rmula oferece renova\u00e7\u00e3o de cor, resist\u00eancia e durabilidade contra o intemperismo, sem perder o efeito da textura aplicada. Ferramentas: Utilizar rolo de l\u00e3 de carneiro perfil m\u00e9dio ou alto. Trinchas de cerdas claras ajudam no [&hellip;]<\/p>\n","protected":false},"featured_media":1623,"comment_status":"open","ping_status":"closed","template":"","meta":[],"product_cat":[56,54],"product_tag":[807,808,805,806,60,65],"class_list":{"0":"post-1622","1":"product","2":"type-product","3":"status-publish","4":"has-post-thumbnail","5":"hentry","6":"product_cat-textura-grafiato-e-massas","7":"product_cat-tintas","8":"product_tag-grafiato","9":"product_tag-projetado","10":"product_tag-revestimento","11":"product_tag-textura","12":"product_tag-tinta","13":"product_tag-tintas","15":"entry","16":"has-media","17":"owp-thumbs-layout-horizontal","18":"owp-btn-normal","19":"owp-tabs-layout-horizontal","20":"has-no-thumbnails","21":"has-product-nav"},"_links":{"self":[{"href":"https:\/\/tintascuritiba.com.br\/index.php\/wp-json\/wp\/v2\/product\/1622","targetHints":{"allow":["GET"]}}],"collection":[{"href":"https:\/\/tintascuritiba.com.br\/index.php\/wp-json\/wp\/v2\/product"}],"about":[{"href":"https:\/\/tintascuritiba.com.br\/index.php\/wp-json\/wp\/v2\/types\/product"}],"replies":[{"embeddable":true,"href":"https:\/\/tintascuritiba.com.br\/index.php\/wp-json\/wp\/v2\/comments?post=1622"}],"wp:featuredmedia":[{"embeddable":true,"href":"https:\/\/tintascuritiba.com.br\/index.php\/wp-json\/wp\/v2\/media\/1623"}],"wp:attachment":[{"href":"https:\/\/tintascuritiba.com.br\/index.php\/wp-json\/wp\/v2\/media?parent=1622"}],"wp:term":[{"taxonomy":"product_cat","embeddable":true,"href":"https:\/\/tintascuritiba.com.br\/index.php\/wp-json\/wp\/v2\/product_cat?post=1622"},{"taxonomy":"product_tag","embeddable":true,"href":"https:\/\/tintascuritiba.com.br\/index.php\/wp-json\/wp\/v2\/product_tag?post=1622"}],"curies":[{"name":"wp","href":"https:\/\/api.w.org\/{rel}","templated":true}]}}