{"id":1620,"date":"2024-04-18T14:02:31","date_gmt":"2024-04-18T17:02:31","guid":{"rendered":"https:\/\/tintascuritiba.com.br\/?post_type=product&#038;p=1620"},"modified":"2024-04-18T14:02:57","modified_gmt":"2024-04-18T17:02:57","slug":"tinta-acrilica-emborrachada-emborrachada","status":"publish","type":"product","link":"https:\/\/tintascuritiba.com.br\/index.php\/produto\/tinta-acrilica-emborrachada-emborrachada\/","title":{"rendered":"Tinta Acr\u00edlica Emborrachada Emborrachada"},"content":{"rendered":"<p>Tinta acr\u00edlica emborrachada Premium possui excelente cobertura e superior elasticidade, acompanhando os movimentos naturais da alvenaria encobrindo micro e pequenas fissuras de reboco tanto interno quanto externo, maior resist\u00eancia contra batidas de chuva \u00e9 ideal para proteger paredes de divisa, onde exista agressividade do intemperismo. Tamb\u00e9m podem receber esta tinta alvenaria interna e externa, massa corrida, massa acr\u00edlica, placa ciment\u00edcia, placa de gesso tipo Drywall, gesso corrido, revestimentos acr\u00edlicos como texturas em geral, outras \u00e1reas e superf\u00edcies consultar departamento t\u00e9cnico.<\/p>\n<p><strong><img loading=\"lazy\" decoding=\"async\" class=\"alignleft wp-image-647\" src=\"https:\/\/tintasfabrisul.com.br\/wp-content\/uploads\/2022\/10\/ferramenta-300x300.png\" alt=\"\" width=\"60\" height=\"60\" \/>Ferramentas: <\/strong>Utilizar rolo de l\u00e3 de carneiro perfil baixo antigotas. Trinchas de cerdas claras ajudam no acabamento de recortes de portas e janelas. Pistola de ar e equipamentos de AirLess somente para profissionais com conhecimento t\u00e9cnico e pr\u00e1tico, pois requer uma s\u00e9rie de etapas.<\/p>\n<p><strong><img loading=\"lazy\" decoding=\"async\" class=\"wp-image-643 alignleft\" src=\"https:\/\/tintasfabrisul.com.br\/wp-content\/uploads\/2022\/10\/balde-de-tinta-1-300x300.png\" alt=\"\" width=\"50\" height=\"50\" \/>Dilui\u00e7\u00e3o: <\/strong>Tinta Acr\u00edlica Emborrachada Premium pronta para uso, mas caso necessite de dilui\u00e7\u00e3o: Alvenaria sem massa 10% dilu\u00edda com \u00e1gua pot\u00e1vel. Alvenaria com massa 10% a 50% na primeira dem\u00e3o, 10 a 30% nas demais dem\u00e3os. Alvenaria em repintura em bom estado diluir entre 10% e 30% nas tr\u00eas dem\u00e3os. Repintura sobre Texturas diluir em 20% as tr\u00eas dem\u00e3os.\u00a0<em>Obs: Sempre diluir com \u00e1gua limpa e pot\u00e1vel.<\/em><\/p>\n<p><strong><img loading=\"lazy\" decoding=\"async\" class=\"alignleft wp-image-642\" src=\"https:\/\/tintasfabrisul.com.br\/wp-content\/uploads\/2022\/10\/rolo-de-pintura-1-300x300.png\" alt=\"\" width=\"60\" height=\"60\" \/>Dem\u00e3os: <\/strong>Geralmente aplica-se de duas a tr\u00eas dem\u00e3os para se alcan\u00e7ar a cobertura satisfat\u00f3ria, poder\u00e1 ser maior dependendo da superf\u00edcie, da cor escolhida e estado geral.<\/p>\n<p>&nbsp;<\/p>\n<p><strong><img loading=\"lazy\" decoding=\"async\" class=\"wp-image-641 alignleft\" src=\"https:\/\/tintasfabrisul.com.br\/wp-content\/uploads\/2022\/10\/pintura-1-300x300.png\" alt=\"\" width=\"50\" height=\"50\" \/>Rendimento:<\/strong>\u00a0Lata de 18 litros de tinta rende parede acabada. Alvenaria nova sem massa: 62m<sup>2<\/sup>.Alvenaria nova com massa: 75m<sup>2<\/sup>. Alvenaria Repintura: 85m<sup>2<\/sup>. Placa ciment\u00edcia nova: 62m<sup>2<\/sup>. Placa de gesso novo: 62m<sup>2<\/sup><strong>.<\/strong><\/p>\n<p><strong><img loading=\"lazy\" decoding=\"async\" class=\"wp-image-641 alignleft\" src=\"https:\/\/tintasfabrisul.com.br\/wp-content\/uploads\/2022\/10\/pintura-1-300x300.png\" alt=\"\" width=\"50\" height=\"50\" \/>Rendimento: <\/strong>\u00a0Gal\u00e3o de 3,6L de tinta rende parede acabada.\u00a0Alvenaria nova sem massa: 12m<sup>2<\/sup>. Alvenaria nova com massa: 15m<sup>2<\/sup>. Alvenaria Repintura: 17m<sup>2<\/sup>. Placa ciment\u00edcia nova: 12m<sup>2<\/sup>. Placa de gesso novo: 12m<sup>2<\/sup>.<\/p>\n<p><em>Sempre lembrando que este quantitativo pode haver varia\u00e7\u00f5es, pois \u00e9 te\u00f3rico, depende muito da superf\u00edcie, do profissional, da ferramenta utilizada, do tempo entre dem\u00e3os, da cor utilizada e do clima.<\/em><\/p>\n<p><strong><img loading=\"lazy\" decoding=\"async\" class=\"wp-image-646 alignleft\" src=\"https:\/\/tintasfabrisul.com.br\/wp-content\/uploads\/2022\/10\/relogio-com-sentido-horario-300x300.png\" alt=\"\" width=\"50\" height=\"50\" \/>Secagem: <\/strong>Ao toque em torno de 30 minutos. \u00a0Entre dem\u00e3os 4 horas e final 24 horas. N\u00e3o aplicar em dias chuvosos, frio e tamb\u00e9m sob sol intenso. Umidade a 75% a 22 graus. A cura final do filme da tinta aplicada ser\u00e1 de em m\u00e9dia geral 20 dias, neste per\u00edodo n\u00e3o expor a esfor\u00e7os a superf\u00edcie pintada, n\u00e3o limpar e aguardar a cura.<\/p>\n<p><strong><img loading=\"lazy\" decoding=\"async\" class=\"alignleft wp-image-644\" src=\"https:\/\/tintasfabrisul.com.br\/wp-content\/uploads\/2022\/10\/paleta-de-cores-300x300.png\" alt=\"\" width=\"45\" height=\"45\" \/>Cores dispon\u00edveis:<\/strong> Conforme cat\u00e1logo de cores.<\/p>\n","protected":false},"excerpt":{"rendered":"<p>Tinta acr\u00edlica emborrachada Premium possui excelente cobertura e superior elasticidade, acompanhando os movimentos naturais da alvenaria encobrindo micro e pequenas fissuras de reboco tanto interno quanto externo, maior resist\u00eancia contra batidas de chuva \u00e9 ideal para proteger paredes de divisa, onde exista agressividade do intemperismo. Tamb\u00e9m podem receber esta tinta alvenaria interna e externa, massa [&hellip;]<\/p>\n","protected":false},"featured_media":1621,"comment_status":"open","ping_status":"closed","template":"","meta":[],"product_cat":[54],"product_tag":[804,803,60],"class_list":{"0":"post-1620","1":"product","2":"type-product","3":"status-publish","4":"has-post-thumbnail","5":"hentry","6":"product_cat-tintas","7":"product_tag-emborrachada","8":"product_tag-fabrisul","9":"product_tag-tinta","11":"entry","12":"has-media","13":"owp-thumbs-layout-horizontal","14":"owp-btn-normal","15":"owp-tabs-layout-horizontal","16":"has-no-thumbnails","17":"has-product-nav"},"_links":{"self":[{"href":"https:\/\/tintascuritiba.com.br\/index.php\/wp-json\/wp\/v2\/product\/1620","targetHints":{"allow":["GET"]}}],"collection":[{"href":"https:\/\/tintascuritiba.com.br\/index.php\/wp-json\/wp\/v2\/product"}],"about":[{"href":"https:\/\/tintascuritiba.com.br\/index.php\/wp-json\/wp\/v2\/types\/product"}],"replies":[{"embeddable":true,"href":"https:\/\/tintascuritiba.com.br\/index.php\/wp-json\/wp\/v2\/comments?post=1620"}],"wp:featuredmedia":[{"embeddable":true,"href":"https:\/\/tintascuritiba.com.br\/index.php\/wp-json\/wp\/v2\/media\/1621"}],"wp:attachment":[{"href":"https:\/\/tintascuritiba.com.br\/index.php\/wp-json\/wp\/v2\/media?parent=1620"}],"wp:term":[{"taxonomy":"product_cat","embeddable":true,"href":"https:\/\/tintascuritiba.com.br\/index.php\/wp-json\/wp\/v2\/product_cat?post=1620"},{"taxonomy":"product_tag","embeddable":true,"href":"https:\/\/tintascuritiba.com.br\/index.php\/wp-json\/wp\/v2\/product_tag?post=1620"}],"curies":[{"name":"wp","href":"https:\/\/api.w.org\/{rel}","templated":true}]}}