{"id":1599,"date":"2023-03-07T15:09:24","date_gmt":"2023-03-07T18:09:24","guid":{"rendered":"https:\/\/tintascuritiba.com.br\/?post_type=product&#038;p=1599"},"modified":"2023-03-07T15:09:24","modified_gmt":"2023-03-07T18:09:24","slug":"nauber-pistola-airless-nauber-ultra","status":"publish","type":"product","link":"https:\/\/tintascuritiba.com.br\/index.php\/produto\/nauber-pistola-airless-nauber-ultra\/","title":{"rendered":"Nauber Pistola Airless Nauber ULTRA"},"content":{"rendered":"<p>Pistola para Pintura Airless Nauber Ultra Equipada com agulha de cer\u00e2mica e veda\u00e7\u00e3o de tungst\u00eanio. Rosca do porta bico padr\u00e3o 7\/8. Rosca da entrada do material padr\u00e3o 1\/4. Acompanha bico nauber 517 e porta bico Nauber de Aluminio Light Green. Suporta press\u00e3o de at\u00e9 3.600 psi.<\/p>\n<div class=\"col-lg-12 col-md-12 col-sm-12\">\n<ul>\n<li class=\"active\"><a href=\"https:\/\/www.nauber.com.br\/detalhe-produto\/407\/pistola-airless-nauber-ultra-407#review\" data-toggle=\"tab\" aria-expanded=\"false\">Indica\u00e7\u00e3o De Uso : Sistemas de pintura airless<\/a><\/li>\n<\/ul>\n<p>&nbsp;<\/p>\n<\/div>\n<div class=\"col-lg-12 col-md-12 col-sm-12\">\n<div class=\"tab-content\">\n<div id=\"review\" class=\"tab-pane fade active in\">\n<p>&nbsp;<\/p>\n<\/div>\n<\/div>\n<\/div>\n","protected":false},"excerpt":{"rendered":"<p>Pistola para Pintura Airless Nauber Ultra Equipada com agulha de cer\u00e2mica e veda\u00e7\u00e3o de tungst\u00eanio. Rosca do porta bico padr\u00e3o 7\/8. Rosca da entrada do material padr\u00e3o 1\/4. Acompanha bico nauber 517 e porta bico Nauber de Aluminio Light Green. Suporta press\u00e3o de at\u00e9 3.600 psi.<\/p>\n","protected":false},"featured_media":1600,"comment_status":"open","ping_status":"closed","template":"","meta":[],"product_cat":[58],"product_tag":[255,800],"class_list":{"0":"post-1599","1":"product","2":"type-product","3":"status-publish","4":"has-post-thumbnail","5":"hentry","6":"product_cat-acessorios-e-ferramentas","7":"product_tag-nauber","8":"product_tag-pistola-airless-nauber-ultra","10":"entry","11":"has-media","12":"owp-thumbs-layout-horizontal","13":"owp-btn-normal","14":"owp-tabs-layout-horizontal","15":"has-no-thumbnails","16":"has-product-nav"},"_links":{"self":[{"href":"https:\/\/tintascuritiba.com.br\/index.php\/wp-json\/wp\/v2\/product\/1599","targetHints":{"allow":["GET"]}}],"collection":[{"href":"https:\/\/tintascuritiba.com.br\/index.php\/wp-json\/wp\/v2\/product"}],"about":[{"href":"https:\/\/tintascuritiba.com.br\/index.php\/wp-json\/wp\/v2\/types\/product"}],"replies":[{"embeddable":true,"href":"https:\/\/tintascuritiba.com.br\/index.php\/wp-json\/wp\/v2\/comments?post=1599"}],"wp:featuredmedia":[{"embeddable":true,"href":"https:\/\/tintascuritiba.com.br\/index.php\/wp-json\/wp\/v2\/media\/1600"}],"wp:attachment":[{"href":"https:\/\/tintascuritiba.com.br\/index.php\/wp-json\/wp\/v2\/media?parent=1599"}],"wp:term":[{"taxonomy":"product_cat","embeddable":true,"href":"https:\/\/tintascuritiba.com.br\/index.php\/wp-json\/wp\/v2\/product_cat?post=1599"},{"taxonomy":"product_tag","embeddable":true,"href":"https:\/\/tintascuritiba.com.br\/index.php\/wp-json\/wp\/v2\/product_tag?post=1599"}],"curies":[{"name":"wp","href":"https:\/\/api.w.org\/{rel}","templated":true}]}}