{"id":1592,"date":"2023-03-07T13:51:54","date_gmt":"2023-03-07T16:51:54","guid":{"rendered":"https:\/\/tintascuritiba.com.br\/?post_type=product&#038;p=1592"},"modified":"2023-03-07T13:51:55","modified_gmt":"2023-03-07T16:51:55","slug":"nauber-lixadeira-telescopica-auto-aspirante-lx850-cs-motor-850-watts-led-220v-225mm","status":"publish","type":"product","link":"https:\/\/tintascuritiba.com.br\/index.php\/produto\/nauber-lixadeira-telescopica-auto-aspirante-lx850-cs-motor-850-watts-led-220v-225mm\/","title":{"rendered":"Nauber Lixadeira Telesc\u00f3pica Auto-Aspirante LX850-CS Motor 850 Watts LED 220V 225mm"},"content":{"rendered":"<p>Lixadeira de teto e parede Nauber LX850-CS com Luz de LED ajust\u00e1vel. Equipada com motor de 850 watts. Auto-aspirante &#8211; aspira at\u00e9 90% dos res\u00edduos, dispensando o uso de aspirador. Base de aspira\u00e7\u00e3o articulada, com 6 furos para melhor suc\u00e7\u00e3o de p\u00f3 e rendimento de lixa. Possui sistema de dobra do cabo para transporte. Sistema de acionamento p\u00eara, com ajuste eletr\u00f4nico de velocidade, que varia entre 800 RPM a 1.700 RPM. Equipamento 220V \/ 60Hz<\/p>\n<div class=\"col-lg-12 col-md-12 col-sm-12\">\n<ul>\n<li class=\"active\"><a href=\"https:\/\/www.nauber.com.br\/detalhe-produto\/289\/lixadeira-nauber-auto-aspirante-lx850-cs-motor-850-watts-289#review\" data-toggle=\"tab\" aria-expanded=\"true\">Indica\u00e7\u00e3o De Uso : Indicada para lixamentos em paredes de alvenaria, gesso e massa corrida.\u00a0<\/a><\/li>\n<\/ul>\n<p>&nbsp;<\/p>\n<\/div>\n<div class=\"col-lg-12 col-md-12 col-sm-12\">\n<div class=\"tab-content\">\n<div id=\"review\" class=\"tab-pane fade active in\">\n<p>&nbsp;<\/p>\n<\/div>\n<\/div>\n<\/div>\n","protected":false},"excerpt":{"rendered":"<p>Lixadeira de teto e parede Nauber LX850-CS com Luz de LED ajust\u00e1vel. Equipada com motor de 850 watts. Auto-aspirante &#8211; aspira at\u00e9 90% dos res\u00edduos, dispensando o uso de aspirador. Base de aspira\u00e7\u00e3o articulada, com 6 furos para melhor suc\u00e7\u00e3o de p\u00f3 e rendimento de lixa. Possui sistema de dobra do cabo para transporte. Sistema de acionamento p\u00eara, com ajuste eletr\u00f4nico de velocidade, que varia entre 800 RPM a 1.700 RPM. Equipamento 220V \/ 60Hz<\/p>\n","protected":false},"featured_media":1595,"comment_status":"open","ping_status":"closed","template":"","meta":[],"product_cat":[58],"product_tag":[798,255],"class_list":{"0":"post-1592","1":"product","2":"type-product","3":"status-publish","4":"has-post-thumbnail","5":"hentry","6":"product_cat-acessorios-e-ferramentas","7":"product_tag-lixadeira-telescopica-auto-aspirante-lx850-cs-motor-850-watts-led-220v-225mm","8":"product_tag-nauber","10":"entry","11":"has-media","12":"owp-thumbs-layout-horizontal","13":"owp-btn-normal","14":"owp-tabs-layout-horizontal","15":"has-product-nav"},"_links":{"self":[{"href":"https:\/\/tintascuritiba.com.br\/index.php\/wp-json\/wp\/v2\/product\/1592","targetHints":{"allow":["GET"]}}],"collection":[{"href":"https:\/\/tintascuritiba.com.br\/index.php\/wp-json\/wp\/v2\/product"}],"about":[{"href":"https:\/\/tintascuritiba.com.br\/index.php\/wp-json\/wp\/v2\/types\/product"}],"replies":[{"embeddable":true,"href":"https:\/\/tintascuritiba.com.br\/index.php\/wp-json\/wp\/v2\/comments?post=1592"}],"wp:featuredmedia":[{"embeddable":true,"href":"https:\/\/tintascuritiba.com.br\/index.php\/wp-json\/wp\/v2\/media\/1595"}],"wp:attachment":[{"href":"https:\/\/tintascuritiba.com.br\/index.php\/wp-json\/wp\/v2\/media?parent=1592"}],"wp:term":[{"taxonomy":"product_cat","embeddable":true,"href":"https:\/\/tintascuritiba.com.br\/index.php\/wp-json\/wp\/v2\/product_cat?post=1592"},{"taxonomy":"product_tag","embeddable":true,"href":"https:\/\/tintascuritiba.com.br\/index.php\/wp-json\/wp\/v2\/product_tag?post=1592"}],"curies":[{"name":"wp","href":"https:\/\/api.w.org\/{rel}","templated":true}]}}