{"id":1586,"date":"2023-03-06T16:58:36","date_gmt":"2023-03-06T19:58:36","guid":{"rendered":"https:\/\/tintascuritiba.com.br\/?post_type=product&#038;p=1586"},"modified":"2023-03-06T16:58:36","modified_gmt":"2023-03-06T19:58:36","slug":"nauber-filtro-pistola-30-verde-mesh","status":"publish","type":"product","link":"https:\/\/tintascuritiba.com.br\/index.php\/produto\/nauber-filtro-pistola-30-verde-mesh\/","title":{"rendered":"Nauber Filtro Pistola 30 Verde MESH"},"content":{"rendered":"<p>Filtro para pistola airless malha 30. Indicado para uso em aplica\u00e7\u00e3o de massa corrida e materiais de maior densidade com cargas minerais grossas. Adequado para bicos com tamanho de orif\u00edcio 0.029&#8243;, 0.031&#8243;, 0.033&#8243; e 0.035&#8243;<\/p>\n<div class=\"col-lg-12 col-md-12 col-sm-12\">\n<ul>\n<li style=\"list-style-type: none\">\n<ul>\n<li class=\"active\"><a href=\"https:\/\/www.nauber.com.br\/detalhe-produto\/47\/filtro-pistola-30-mesh-47#review\" data-toggle=\"tab\" aria-expanded=\"false\">Indica\u00e7\u00e3o De Uso : Indicado para uso em pistola airless.<\/a><\/li>\n<\/ul>\n<\/li>\n<\/ul>\n<\/div>\n<div class=\"col-lg-12 col-md-12 col-sm-12\">\n<div class=\"tab-content\">\n<div id=\"review\" class=\"tab-pane fade active in\">\n<p>Compat\u00edvel com pistolas Nauber PRO-X, Nauber Ultra, Nauber Horizontal e Nauber S\u00e9rie MPP.<\/p>\n<p>Filtro para pistola airless malha 30: Indicado para uso em aplica\u00e7\u00e3o de massa corrida e materiais de maior densidade com cargas minerais grossas. Adequado para bicos com tamanho de orif\u00edcio 0.029&#8243;, 0.031&#8243;, 0.033&#8243; e 0.035&#8243;<\/p>\n<\/div>\n<\/div>\n<\/div>\n","protected":false},"excerpt":{"rendered":"<p>Filtro para pistola airless malha 30. Indicado para uso em aplica\u00e7\u00e3o de massa corrida e materiais de maior densidade com cargas minerais grossas. Adequado para bicos com tamanho de orif\u00edcio 0.029&#8243;, 0.031&#8243;, 0.033&#8243; e 0.035&#8243;<\/p>\n","protected":false},"featured_media":1587,"comment_status":"open","ping_status":"closed","template":"","meta":[],"product_cat":[58],"product_tag":[796,255],"class_list":{"0":"post-1586","1":"product","2":"type-product","3":"status-publish","4":"has-post-thumbnail","5":"hentry","6":"product_cat-acessorios-e-ferramentas","7":"product_tag-filtro-pistola-30-verde-mesh","8":"product_tag-nauber","10":"entry","11":"has-media","12":"owp-thumbs-layout-horizontal","13":"owp-btn-normal","14":"owp-tabs-layout-horizontal","15":"has-no-thumbnails","16":"has-product-nav"},"_links":{"self":[{"href":"https:\/\/tintascuritiba.com.br\/index.php\/wp-json\/wp\/v2\/product\/1586","targetHints":{"allow":["GET"]}}],"collection":[{"href":"https:\/\/tintascuritiba.com.br\/index.php\/wp-json\/wp\/v2\/product"}],"about":[{"href":"https:\/\/tintascuritiba.com.br\/index.php\/wp-json\/wp\/v2\/types\/product"}],"replies":[{"embeddable":true,"href":"https:\/\/tintascuritiba.com.br\/index.php\/wp-json\/wp\/v2\/comments?post=1586"}],"wp:featuredmedia":[{"embeddable":true,"href":"https:\/\/tintascuritiba.com.br\/index.php\/wp-json\/wp\/v2\/media\/1587"}],"wp:attachment":[{"href":"https:\/\/tintascuritiba.com.br\/index.php\/wp-json\/wp\/v2\/media?parent=1586"}],"wp:term":[{"taxonomy":"product_cat","embeddable":true,"href":"https:\/\/tintascuritiba.com.br\/index.php\/wp-json\/wp\/v2\/product_cat?post=1586"},{"taxonomy":"product_tag","embeddable":true,"href":"https:\/\/tintascuritiba.com.br\/index.php\/wp-json\/wp\/v2\/product_tag?post=1586"}],"curies":[{"name":"wp","href":"https:\/\/api.w.org\/{rel}","templated":true}]}}