{"id":1584,"date":"2023-03-06T16:53:13","date_gmt":"2023-03-06T19:53:13","guid":{"rendered":"https:\/\/tintascuritiba.com.br\/?post_type=product&#038;p=1584"},"modified":"2023-03-06T16:53:58","modified_gmt":"2023-03-06T19:53:58","slug":"nauber-filtro-pistola-150-mesh","status":"publish","type":"product","link":"https:\/\/tintascuritiba.com.br\/index.php\/produto\/nauber-filtro-pistola-150-mesh\/","title":{"rendered":"Nauber Filtro Pistola 150 Vermelho MESH"},"content":{"rendered":"<p>Filtro para pistola airless malha 150. Indicado para uso em aplica\u00e7\u00e3o de steins, lacas e demais produtos de cargas minerais finas. Adequado para bicos com tamanho de orif\u00edcio 0.011&#8243;, e 0.013&#8243;.<\/p>\n<div class=\"col-lg-12 col-md-12 col-sm-12\">\n<ul>\n<li class=\"active\"><a href=\"https:\/\/www.nauber.com.br\/detalhe-produto\/50\/filtro-pistola-150-mesh-50#review\" data-toggle=\"tab\" aria-expanded=\"true\">Indica\u00e7\u00e3o De Uso : Indicado para uso em pistola airless.<\/a><\/li>\n<\/ul>\n<\/div>\n<p>Compat\u00edvel com pistolas Nauber PRO-X, Nauber Ultra, Nauber Horizontal e Nauber S\u00e9rie MPP.<\/p>\n<p>Filtro para pistola airless malha 150. Indicado para uso em aplica\u00e7\u00e3o de steins, lacas e demais produtos de cargas minerais finas. Adequado para bicos com tamanho de orif\u00edcio 0.011&#8243;, e 0.013&#8243;<\/p>\n<div class=\"col-lg-12 col-md-12 col-sm-12\"><\/div>\n<div class=\"col-lg-12 col-md-12 col-sm-12\">\n<div class=\"tab-content\">\n<div id=\"review\" class=\"tab-pane fade active in\">\n<p>&nbsp;<\/p>\n<\/div>\n<\/div>\n<\/div>\n","protected":false},"excerpt":{"rendered":"<p>Filtro para pistola airless malha 150. Indicado para uso em aplica\u00e7\u00e3o de steins, lacas e demais produtos de cargas minerais finas. Adequado para bicos com tamanho de orif\u00edcio 0.011&#8243;, e 0.013&#8243;.<\/p>\n","protected":false},"featured_media":1585,"comment_status":"open","ping_status":"closed","template":"","meta":[],"product_cat":[58],"product_tag":[795,255],"class_list":{"0":"post-1584","1":"product","2":"type-product","3":"status-publish","4":"has-post-thumbnail","5":"hentry","6":"product_cat-acessorios-e-ferramentas","7":"product_tag-filtro-pistola-150-mesh","8":"product_tag-nauber","10":"entry","11":"has-media","12":"owp-thumbs-layout-horizontal","13":"owp-btn-normal","14":"owp-tabs-layout-horizontal","15":"has-no-thumbnails","16":"has-product-nav"},"_links":{"self":[{"href":"https:\/\/tintascuritiba.com.br\/index.php\/wp-json\/wp\/v2\/product\/1584","targetHints":{"allow":["GET"]}}],"collection":[{"href":"https:\/\/tintascuritiba.com.br\/index.php\/wp-json\/wp\/v2\/product"}],"about":[{"href":"https:\/\/tintascuritiba.com.br\/index.php\/wp-json\/wp\/v2\/types\/product"}],"replies":[{"embeddable":true,"href":"https:\/\/tintascuritiba.com.br\/index.php\/wp-json\/wp\/v2\/comments?post=1584"}],"wp:featuredmedia":[{"embeddable":true,"href":"https:\/\/tintascuritiba.com.br\/index.php\/wp-json\/wp\/v2\/media\/1585"}],"wp:attachment":[{"href":"https:\/\/tintascuritiba.com.br\/index.php\/wp-json\/wp\/v2\/media?parent=1584"}],"wp:term":[{"taxonomy":"product_cat","embeddable":true,"href":"https:\/\/tintascuritiba.com.br\/index.php\/wp-json\/wp\/v2\/product_cat?post=1584"},{"taxonomy":"product_tag","embeddable":true,"href":"https:\/\/tintascuritiba.com.br\/index.php\/wp-json\/wp\/v2\/product_tag?post=1584"}],"curies":[{"name":"wp","href":"https:\/\/api.w.org\/{rel}","templated":true}]}}