{"id":1582,"date":"2023-03-06T16:39:48","date_gmt":"2023-03-06T19:39:48","guid":{"rendered":"https:\/\/tintascuritiba.com.br\/?post_type=product&#038;p=1582"},"modified":"2023-03-06T16:39:48","modified_gmt":"2023-03-06T19:39:48","slug":"nauber-compressor-de-ar-raptor-car-220v","status":"publish","type":"product","link":"https:\/\/tintascuritiba.com.br\/index.php\/produto\/nauber-compressor-de-ar-raptor-car-220v\/","title":{"rendered":"Nauber Compressor de Ar Raptor Car 220v"},"content":{"rendered":"<p>Unidade compressora de ar sem \u00f3leo, equipado com motor de 2HP, vaz\u00e3o de 226LPM, ru\u00eddo de apenas 65 decib\u00e9is, 140lbs, com duplo cabe\u00e7ote e sistema de engate r\u00e1pido universal.<br \/>\nEquipado com m\u00f3dulo controlador de tens\u00e3o, gerando maior seguran\u00e7a ao seu equipamento contra surtos el\u00e9tricos. Equipado com v\u00e1lvula de despressuriza\u00e7\u00e3o do cabe\u00e7ote, para al\u00edvio do sistema de partida, gerando maior vida \u00fatil do equipamento.<\/p>\n<p>Equipamento 220 volts\/60Hz.<br \/>\nEquipado com m\u00f3dulo controlador<br \/>\nde tens\u00e3o X-9.<br \/>\nCom rodas de alta resist\u00eancia para<br \/>\nfacilitar o transporte.<\/p>\n<div class=\"col-lg-12 col-md-12 col-sm-12\">\n<ul>\n<li style=\"list-style-type: none\">\n<ul>\n<li class=\"active\"><a href=\"https:\/\/www.nauber.com.br\/detalhe-produto\/441\/unidade-de-ar-raptor-car-220v-441#review\" data-toggle=\"tab\" aria-expanded=\"true\">Indica\u00e7\u00e3o De Uso : Indicado para pinturas que utilizam sistema de compress\u00e3o com ar e para proje\u00e7\u00e3o de texturas.<\/a><\/li>\n<\/ul>\n<\/li>\n<\/ul>\n<\/div>\n<div class=\"col-lg-12 col-md-12 col-sm-12\">\n<div class=\"tab-content\">\n<div id=\"review\" class=\"tab-pane fade active in\">\n<p>&nbsp;<\/p>\n<\/div>\n<\/div>\n<\/div>\n","protected":false},"excerpt":{"rendered":"<p>Unidade compressora de ar sem \u00f3leo, equipado com motor de 2HP, vaz\u00e3o de 226LPM, ru\u00eddo de apenas 65 decib\u00e9is, 140lbs, com duplo cabe\u00e7ote e sistema de engate r\u00e1pido universal.<br \/>\nEquipado com m\u00f3dulo controlador de tens\u00e3o, gerando maior seguran\u00e7a ao seu equipamento contra surtos el\u00e9tricos. Equipado com v\u00e1lvula de despressuriza\u00e7\u00e3o do cabe\u00e7ote, para al\u00edvio do sistema de partida, gerando maior vida \u00fatil do equipamento.<\/p>\n<p>Equipamento 220 volts\/60Hz.<br \/>\nEquipado com m\u00f3dulo controlador<br \/>\nde tens\u00e3o X-9.<br \/>\nCom rodas de alta resist\u00eancia para<br \/>\nfacilitar o transporte.<\/p>\n","protected":false},"featured_media":1583,"comment_status":"open","ping_status":"closed","template":"","meta":[],"product_cat":[58],"product_tag":[794,255],"class_list":{"0":"post-1582","1":"product","2":"type-product","3":"status-publish","4":"has-post-thumbnail","5":"hentry","6":"product_cat-acessorios-e-ferramentas","7":"product_tag-compressor-de-ar-raptor-car-220v","8":"product_tag-nauber","10":"entry","11":"has-media","12":"owp-thumbs-layout-horizontal","13":"owp-btn-normal","14":"owp-tabs-layout-horizontal","15":"has-no-thumbnails","16":"has-product-nav"},"_links":{"self":[{"href":"https:\/\/tintascuritiba.com.br\/index.php\/wp-json\/wp\/v2\/product\/1582","targetHints":{"allow":["GET"]}}],"collection":[{"href":"https:\/\/tintascuritiba.com.br\/index.php\/wp-json\/wp\/v2\/product"}],"about":[{"href":"https:\/\/tintascuritiba.com.br\/index.php\/wp-json\/wp\/v2\/types\/product"}],"replies":[{"embeddable":true,"href":"https:\/\/tintascuritiba.com.br\/index.php\/wp-json\/wp\/v2\/comments?post=1582"}],"wp:featuredmedia":[{"embeddable":true,"href":"https:\/\/tintascuritiba.com.br\/index.php\/wp-json\/wp\/v2\/media\/1583"}],"wp:attachment":[{"href":"https:\/\/tintascuritiba.com.br\/index.php\/wp-json\/wp\/v2\/media?parent=1582"}],"wp:term":[{"taxonomy":"product_cat","embeddable":true,"href":"https:\/\/tintascuritiba.com.br\/index.php\/wp-json\/wp\/v2\/product_cat?post=1582"},{"taxonomy":"product_tag","embeddable":true,"href":"https:\/\/tintascuritiba.com.br\/index.php\/wp-json\/wp\/v2\/product_tag?post=1582"}],"curies":[{"name":"wp","href":"https:\/\/api.w.org\/{rel}","templated":true}]}}