{"id":1575,"date":"2023-03-06T15:35:59","date_gmt":"2023-03-06T18:35:59","guid":{"rendered":"https:\/\/tintascuritiba.com.br\/?post_type=product&#038;p=1575"},"modified":"2023-03-06T15:36:00","modified_gmt":"2023-03-06T18:36:00","slug":"nauber-bico-para-pistola-de-pintura-airless-light-green-529","status":"publish","type":"product","link":"https:\/\/tintascuritiba.com.br\/index.php\/produto\/nauber-bico-para-pistola-de-pintura-airless-light-green-529\/","title":{"rendered":"Nauber Bico para Pistola de Pintura Airless Light Green 529"},"content":{"rendered":"<p>Tamanho 529<br \/>\nDi\u00e2metro de sa\u00edda: 0,029&#8243;<br \/>\nLeque: 25-30cm<br \/>\nPress\u00e3o: 5000 PSI (345 BAR)<br \/>\nDi\u00e2metro da haste: 11,1mm<br \/>\nCompat\u00edvel com Titan, Wagner, ASM, Airlessco etc.<\/p>\n<p>Bicos revers\u00edveis com kit veda\u00e7\u00e3o, haste em a\u00e7o inox, e orif\u00edcio em carboneto de tungst\u00eanio, suporte em nylon.<br \/>\nDur\u00e1vel e de f\u00e1cil revers\u00e3o para limpeza.<\/p>\n<div class=\"col-lg-12 col-md-12 col-sm-12\">\n<ul>\n<li style=\"list-style-type: none\">\n<ul>\n<li class=\"active\"><a href=\"https:\/\/www.nauber.com.br\/detalhe-produto\/242\/bico-para-pistola-de-pintura-airless-nauber-529-242#review\" data-toggle=\"tab\" aria-expanded=\"false\">Indica\u00e7\u00e3o De Uso : Elastom\u00e9rica, primer, massas e materiais de maior densidade<\/a><\/li>\n<\/ul>\n<\/li>\n<\/ul>\n<\/div>\n<div class=\"col-lg-12 col-md-12 col-sm-12\">\n<div class=\"tab-content\">\n<div id=\"review\" class=\"tab-pane fade active in\">\n<p>&nbsp;<\/p>\n<\/div>\n<\/div>\n<\/div>\n","protected":false},"excerpt":{"rendered":"<p>Tamanho 529<br \/>\nDi\u00e2metro de sa\u00edda: 0,029&#8243;<br \/>\nLeque: 25-30cm<br \/>\nPress\u00e3o: 5000 PSI (345 BAR)<br \/>\nDi\u00e2metro da haste: 11,1mm<br \/>\nCompat\u00edvel com Titan, Wagner, ASM, Airlessco etc.<\/p>\n<p>Bicos revers\u00edveis com kit veda\u00e7\u00e3o, haste em a\u00e7o inox, e orif\u00edcio em carboneto de tungst\u00eanio, suporte em nylon.<br \/>\nDur\u00e1vel e de f\u00e1cil revers\u00e3o para limpeza.<\/p>\n","protected":false},"featured_media":1577,"comment_status":"open","ping_status":"closed","template":"","meta":[],"product_cat":[58],"product_tag":[792,255],"class_list":{"0":"post-1575","1":"product","2":"type-product","3":"status-publish","4":"has-post-thumbnail","5":"hentry","6":"product_cat-acessorios-e-ferramentas","7":"product_tag-bico-para-pistola-de-pintura-airless-light-green-529","8":"product_tag-nauber","10":"entry","11":"has-media","12":"owp-thumbs-layout-horizontal","13":"owp-btn-normal","14":"owp-tabs-layout-horizontal","15":"has-product-nav"},"_links":{"self":[{"href":"https:\/\/tintascuritiba.com.br\/index.php\/wp-json\/wp\/v2\/product\/1575","targetHints":{"allow":["GET"]}}],"collection":[{"href":"https:\/\/tintascuritiba.com.br\/index.php\/wp-json\/wp\/v2\/product"}],"about":[{"href":"https:\/\/tintascuritiba.com.br\/index.php\/wp-json\/wp\/v2\/types\/product"}],"replies":[{"embeddable":true,"href":"https:\/\/tintascuritiba.com.br\/index.php\/wp-json\/wp\/v2\/comments?post=1575"}],"wp:featuredmedia":[{"embeddable":true,"href":"https:\/\/tintascuritiba.com.br\/index.php\/wp-json\/wp\/v2\/media\/1577"}],"wp:attachment":[{"href":"https:\/\/tintascuritiba.com.br\/index.php\/wp-json\/wp\/v2\/media?parent=1575"}],"wp:term":[{"taxonomy":"product_cat","embeddable":true,"href":"https:\/\/tintascuritiba.com.br\/index.php\/wp-json\/wp\/v2\/product_cat?post=1575"},{"taxonomy":"product_tag","embeddable":true,"href":"https:\/\/tintascuritiba.com.br\/index.php\/wp-json\/wp\/v2\/product_tag?post=1575"}],"curies":[{"name":"wp","href":"https:\/\/api.w.org\/{rel}","templated":true}]}}