{"id":1561,"date":"2023-03-02T17:24:53","date_gmt":"2023-03-02T20:24:53","guid":{"rendered":"https:\/\/tintascuritiba.com.br\/?post_type=product&#038;p=1561"},"modified":"2023-03-02T17:24:53","modified_gmt":"2023-03-02T20:24:53","slug":"nauber-bico-para-pintura-airless-de-baixa-pressao-fflp-208","status":"publish","type":"product","link":"https:\/\/tintascuritiba.com.br\/index.php\/produto\/nauber-bico-para-pintura-airless-de-baixa-pressao-fflp-208\/","title":{"rendered":"Nauber Bico para Pintura Airless de Baixa Press\u00e3o FFLP 208"},"content":{"rendered":"<p>Os bicos airless da linha de Baixa Press\u00e3o diferem dos bicos airless comuns por utilizarem menos press\u00e3o de trabalho, o que permite uma pintura mais padronizada e menos gera\u00e7\u00e3o de n\u00e9voa (overspray).<br \/>\nAumenta a vida \u00fatil do equipamento, pois exige menos esfor\u00e7o de press\u00e3o para realizar os trabalhos.<\/p>\n<p>Tamanho 208;<br \/>\nDi\u00e2metro de sa\u00edda: 0,008&#8221;;<br \/>\nLeque: 10-15cm;<\/p>\n<div class=\"col-lg-12 col-md-12 col-sm-12\">\n<ul>\n<li class=\"active\"><a href=\"https:\/\/www.nauber.com.br\/detalhe-produto\/169\/bico-para-pintura-airless-de-baixa-pressao-208-169#review\" data-toggle=\"tab\" aria-expanded=\"true\">Indica\u00e7\u00e3o De Uso :Stein e lacas.<\/a><\/li>\n<\/ul>\n<\/div>\n<div class=\"col-lg-12 col-md-12 col-sm-12\">\n<div class=\"tab-content\">\n<div id=\"review\" class=\"tab-pane fade active in\">\n<p><strong>\u00a0<\/strong><\/p>\n<p><strong>CARACTER\u00cdSTICAS<\/strong><br \/>\nPress\u00e3o: 5000 PSI (345 BAR)<br \/>\nDi\u00e2metro da haste: 11,1mm<br \/>\nCompat\u00edveis com porta bicos Nauber.<\/p>\n<p><strong>DADOS ADICIONAIS <\/strong><strong>IMPORTANTE!<\/strong><br \/>\nA veda\u00e7\u00e3o utilizada nos bicos airless FFLP s\u00e3o diferentes das utilizadas em bicos comuns.<\/p>\n<\/div>\n<\/div>\n<\/div>\n","protected":false},"excerpt":{"rendered":"<p>Os bicos airless da linha de Baixa Press\u00e3o diferem dos bicos airless comuns por utilizarem menos press\u00e3o de trabalho, o que permite uma pintura mais padronizada e menos gera\u00e7\u00e3o de n\u00e9voa (overspray).<br \/>\nAumenta a vida \u00fatil do equipamento, pois exige menos esfor\u00e7o de press\u00e3o para realizar os trabalhos.<\/p>\n<p>Tamanho 208;<br \/>\nDi\u00e2metro de sa\u00edda: 0,008&#8221;;<br \/>\nLeque: 10-15cm;<\/p>\n","protected":false},"featured_media":1563,"comment_status":"open","ping_status":"closed","template":"","meta":[],"product_cat":[58],"product_tag":[788,255],"class_list":{"0":"post-1561","1":"product","2":"type-product","3":"status-publish","4":"has-post-thumbnail","5":"hentry","6":"product_cat-acessorios-e-ferramentas","7":"product_tag-bico-para-pintura-airless-de-baixa-pressao-fflp-208","8":"product_tag-nauber","10":"entry","11":"has-media","12":"owp-thumbs-layout-horizontal","13":"owp-btn-normal","14":"owp-tabs-layout-horizontal","15":"has-product-nav"},"_links":{"self":[{"href":"https:\/\/tintascuritiba.com.br\/index.php\/wp-json\/wp\/v2\/product\/1561","targetHints":{"allow":["GET"]}}],"collection":[{"href":"https:\/\/tintascuritiba.com.br\/index.php\/wp-json\/wp\/v2\/product"}],"about":[{"href":"https:\/\/tintascuritiba.com.br\/index.php\/wp-json\/wp\/v2\/types\/product"}],"replies":[{"embeddable":true,"href":"https:\/\/tintascuritiba.com.br\/index.php\/wp-json\/wp\/v2\/comments?post=1561"}],"wp:featuredmedia":[{"embeddable":true,"href":"https:\/\/tintascuritiba.com.br\/index.php\/wp-json\/wp\/v2\/media\/1563"}],"wp:attachment":[{"href":"https:\/\/tintascuritiba.com.br\/index.php\/wp-json\/wp\/v2\/media?parent=1561"}],"wp:term":[{"taxonomy":"product_cat","embeddable":true,"href":"https:\/\/tintascuritiba.com.br\/index.php\/wp-json\/wp\/v2\/product_cat?post=1561"},{"taxonomy":"product_tag","embeddable":true,"href":"https:\/\/tintascuritiba.com.br\/index.php\/wp-json\/wp\/v2\/product_tag?post=1561"}],"curies":[{"name":"wp","href":"https:\/\/api.w.org\/{rel}","templated":true}]}}