{"id":1494,"date":"2023-02-27T16:51:38","date_gmt":"2023-02-27T19:51:38","guid":{"rendered":"https:\/\/tintascuritiba.com.br\/?post_type=product&#038;p=1494"},"modified":"2023-02-27T16:51:39","modified_gmt":"2023-02-27T19:51:39","slug":"atlas-trena-profissional","status":"publish","type":"product","link":"https:\/\/tintascuritiba.com.br\/index.php\/produto\/atlas-trena-profissional\/","title":{"rendered":"Atlas Trena Profissional"},"content":{"rendered":"<p>Trena profissional emborrachada de 5, 8 e 10 metros. Possui mecanismo de auto travamento que facilita o manuseio, ponteira magn\u00e9tica e metro met\u00e1lico. Ideal para medi\u00e7\u00f5es em qualquer superf\u00edcie ou objeto.<\/p>\n<h4>INDICA\u00c7\u00c3O DE USO:<\/h4>\n<p>Indicada para medi\u00e7\u00f5es em qualquer superf\u00edcie\/objeto em dist\u00e2ncias de at\u00e9 5 metros.<\/p>\n<table class=\"tabela_tecnica\">\n<thead>\n<tr>\n<th>REF.<\/th>\n<th>COMPRIMENTO (MM)<\/th>\n<th>LARGURA (MM)<\/th>\n<th>ALTURA (MM)<\/th>\n<th>C\u00d3DIGO DE BARRAS (EAN)<\/th>\n<\/tr>\n<\/thead>\n<tbody>\n<tr>\n<td class=\"even\" data-title=\"REF.\">AT180\/5<\/td>\n<td data-title=\"Comprimento (mm)\">93<\/td>\n<td class=\"even\" data-title=\"Largura (mm)\">40<\/td>\n<td data-title=\"Altura (mm)\">80<\/td>\n<td class=\"even\" data-title=\"C\u00f3digo de barras (EAN)\">7896380107162<\/td>\n<\/tr>\n<tr>\n<td class=\"even\" data-title=\"REF.\">AT180\/8<\/td>\n<td data-title=\"Comprimento (mm)\">100<\/td>\n<td class=\"even\" data-title=\"Largura (mm)\">50<\/td>\n<td data-title=\"Altura (mm)\">75<\/td>\n<td class=\"even\" data-title=\"C\u00f3digo de barras (EAN)\">7896380105267<\/td>\n<\/tr>\n<tr>\n<td class=\"even\" data-title=\"REF.\">AT180\/10<\/td>\n<td data-title=\"Comprimento (mm)\">93<\/td>\n<td class=\"even\" data-title=\"Largura (mm)\">40<\/td>\n<td data-title=\"Altura (mm)\">80<\/td>\n<td class=\"even\" data-title=\"C\u00f3digo de barras (EAN)\">7896380105274<\/td>\n<\/tr>\n<\/tbody>\n<\/table>\n","protected":false},"excerpt":{"rendered":"<p>Trena profissional emborrachada de 5, 8 e 10 metros. Possui mecanismo de auto travamento que facilita o manuseio, ponteira magn\u00e9tica e metro met\u00e1lico. Ideal para medi\u00e7\u00f5es em qualquer superf\u00edcie ou objeto.<\/p>\n<p>Indicada para medi\u00e7\u00f5es em qualquer superf\u00edcie\/objeto em dist\u00e2ncias de at\u00e9 5 metros.<\/p>\n","protected":false},"featured_media":1495,"comment_status":"open","ping_status":"closed","template":"","meta":[],"product_cat":[58],"product_tag":[439,762,763],"class_list":{"0":"post-1494","1":"product","2":"type-product","3":"status-publish","4":"has-post-thumbnail","5":"hentry","6":"product_cat-acessorios-e-ferramentas","7":"product_tag-atlas","8":"product_tag-ref-at180","9":"product_tag-trena-profissional","11":"entry","12":"has-media","13":"owp-thumbs-layout-horizontal","14":"owp-btn-normal","15":"owp-tabs-layout-horizontal","16":"has-product-nav"},"_links":{"self":[{"href":"https:\/\/tintascuritiba.com.br\/index.php\/wp-json\/wp\/v2\/product\/1494","targetHints":{"allow":["GET"]}}],"collection":[{"href":"https:\/\/tintascuritiba.com.br\/index.php\/wp-json\/wp\/v2\/product"}],"about":[{"href":"https:\/\/tintascuritiba.com.br\/index.php\/wp-json\/wp\/v2\/types\/product"}],"replies":[{"embeddable":true,"href":"https:\/\/tintascuritiba.com.br\/index.php\/wp-json\/wp\/v2\/comments?post=1494"}],"wp:featuredmedia":[{"embeddable":true,"href":"https:\/\/tintascuritiba.com.br\/index.php\/wp-json\/wp\/v2\/media\/1495"}],"wp:attachment":[{"href":"https:\/\/tintascuritiba.com.br\/index.php\/wp-json\/wp\/v2\/media?parent=1494"}],"wp:term":[{"taxonomy":"product_cat","embeddable":true,"href":"https:\/\/tintascuritiba.com.br\/index.php\/wp-json\/wp\/v2\/product_cat?post=1494"},{"taxonomy":"product_tag","embeddable":true,"href":"https:\/\/tintascuritiba.com.br\/index.php\/wp-json\/wp\/v2\/product_tag?post=1494"}],"curies":[{"name":"wp","href":"https:\/\/api.w.org\/{rel}","templated":true}]}}