{"id":1288,"date":"2023-01-31T15:57:48","date_gmt":"2023-01-31T18:57:48","guid":{"rendered":"https:\/\/tintascuritiba.com.br\/?post_type=product&#038;p=1288"},"modified":"2023-01-31T15:57:48","modified_gmt":"2023-01-31T18:57:48","slug":"atlas-prolongador-profimaster-de-fibra-de-vidro-5-metros","status":"publish","type":"product","link":"https:\/\/tintascuritiba.com.br\/index.php\/produto\/atlas-prolongador-profimaster-de-fibra-de-vidro-5-metros\/","title":{"rendered":"Atlas Prolongador Profimaster de Fibra de Vidro 5 metros"},"content":{"rendered":"<div class=\"resumo_produto\">\n<p>Fabricado em fibra de vidro, material que permite aliar leveza e seguran\u00e7a. Seus diferenciais completam-se com uma rosca de ajuste que suporta altas press\u00f5es, base equipada de uma luva super resistente e ponteira met\u00e1lica fixada com rebites. Extensor para suporte a rolos e broxas na hora da pintura. Pode ser estendido at\u00e9 5m e \u00e9 indicado para aux\u00edlio em pinturas em \u00e1reas de dif\u00edcil acesso e grandes alturas.<\/p>\n<h4>INDICA\u00c7\u00c3O DE USO:<\/h4>\n<p>Extensor para suporte a rolos e broxas na hora da pintura. Pode ser extendido at\u00e9 5m e \u00e9 indicado para aux\u00edlio em pinturas em \u00e1reas de dif\u00edcil acesso e grandes alturas. Evitar o uso molhado ou ao ar livre em dias chuvosos. ATEN\u00c7\u00c3O! ESTE PRODUTO N\u00c3O PODE SER UTILIZADO PR\u00d3XIMO A REDES EL\u00c9TRICAS OU COMO VARA DE MANOBRA EM REDES DE ALTA TENS\u00c3O.<\/p>\n<\/div>\n<div class=\"selos_produto\">\n<table class=\"tabela_tecnica\">\n<thead>\n<tr>\n<th>REF.<\/th>\n<th>COMPRIMENTO (MM)<\/th>\n<th>LARGURA (MM)<\/th>\n<th>ALTURA (MM)<\/th>\n<th>C\u00d3DIGO DE BARRAS (EAN)<\/th>\n<\/tr>\n<\/thead>\n<tbody>\n<tr>\n<td class=\"even\" data-title=\"REF.\">18005<\/td>\n<td data-title=\"Comprimento (mm)\">5000<\/td>\n<td class=\"even\" data-title=\"Largura (mm)\">50<\/td>\n<td data-title=\"Altura (mm)\">50<\/td>\n<td class=\"even\" data-title=\"C\u00f3digo de barras (EAN)\">7896380170449<\/td>\n<\/tr>\n<\/tbody>\n<\/table>\n<\/div>\n","protected":false},"excerpt":{"rendered":"<div class=\"resumo_produto\">\n<p>Fabricado em fibra de vidro, material que permite aliar leveza e seguran\u00e7a. Seus diferenciais completam-se com uma rosca de ajuste que suporta altas press\u00f5es, base equipada de uma luva super resistente e ponteira met\u00e1lica fixada com rebites. Extensor para suporte a rolos e broxas na hora da pintura. Pode ser estendido at\u00e9 5m e \u00e9 indicado para aux\u00edlio em pinturas em \u00e1reas de dif\u00edcil acesso e grandes alturas.<\/p>\n<p>Extensor para suporte a rolos e broxas na hora da pintura. Pode ser extendido at\u00e9 5m e \u00e9 indicado para aux\u00edlio em pinturas em \u00e1reas de dif\u00edcil acesso e grandes alturas. Evitar o uso molhado ou ao ar livre em dias chuvosos. ATEN\u00c7\u00c3O! ESTE PRODUTO N\u00c3O PODE SER UTILIZADO PR\u00d3XIMO A REDES EL\u00c9TRICAS OU COMO VARA DE MANOBRA EM REDES DE ALTA TENS\u00c3O.<\/p>\n<\/div>\n<div class=\"selos_produto\"><\/div>\n","protected":false},"featured_media":1289,"comment_status":"open","ping_status":"closed","template":"","meta":[],"product_cat":[58],"product_tag":[439,614,613],"class_list":{"0":"post-1288","1":"product","2":"type-product","3":"status-publish","4":"has-post-thumbnail","5":"hentry","6":"product_cat-acessorios-e-ferramentas","7":"product_tag-atlas","8":"product_tag-prolongador-profimaster-de-fibra-de-vidro-5-metros","9":"product_tag-ref-18005","11":"entry","12":"has-media","13":"owp-thumbs-layout-horizontal","14":"owp-btn-normal","15":"owp-tabs-layout-horizontal","16":"has-no-thumbnails","17":"has-product-nav"},"_links":{"self":[{"href":"https:\/\/tintascuritiba.com.br\/index.php\/wp-json\/wp\/v2\/product\/1288","targetHints":{"allow":["GET"]}}],"collection":[{"href":"https:\/\/tintascuritiba.com.br\/index.php\/wp-json\/wp\/v2\/product"}],"about":[{"href":"https:\/\/tintascuritiba.com.br\/index.php\/wp-json\/wp\/v2\/types\/product"}],"replies":[{"embeddable":true,"href":"https:\/\/tintascuritiba.com.br\/index.php\/wp-json\/wp\/v2\/comments?post=1288"}],"wp:featuredmedia":[{"embeddable":true,"href":"https:\/\/tintascuritiba.com.br\/index.php\/wp-json\/wp\/v2\/media\/1289"}],"wp:attachment":[{"href":"https:\/\/tintascuritiba.com.br\/index.php\/wp-json\/wp\/v2\/media?parent=1288"}],"wp:term":[{"taxonomy":"product_cat","embeddable":true,"href":"https:\/\/tintascuritiba.com.br\/index.php\/wp-json\/wp\/v2\/product_cat?post=1288"},{"taxonomy":"product_tag","embeddable":true,"href":"https:\/\/tintascuritiba.com.br\/index.php\/wp-json\/wp\/v2\/product_tag?post=1288"}],"curies":[{"name":"wp","href":"https:\/\/api.w.org\/{rel}","templated":true}]}}