{"id":1280,"date":"2023-01-31T15:50:08","date_gmt":"2023-01-31T18:50:08","guid":{"rendered":"https:\/\/tintascuritiba.com.br\/?post_type=product&#038;p=1280"},"modified":"2023-01-31T15:50:08","modified_gmt":"2023-01-31T18:50:08","slug":"atlas-prolongador-de-aco-telescopico-2-metros","status":"publish","type":"product","link":"https:\/\/tintascuritiba.com.br\/index.php\/produto\/atlas-prolongador-de-aco-telescopico-2-metros\/","title":{"rendered":"Atlas Prolongador de A\u00e7o Telesc\u00f3pico 2 metros"},"content":{"rendered":"<p>Prolongadores em estrutura de chapa met\u00e1lica revestida, extens\u00edvel e ajust\u00e1vel at\u00e9 2 metros. Utilizado para maior alcance com garfos de pintura com ou sem rosca em locais de dif\u00edcil acesso.<\/p>\n<h4>INDICA\u00c7\u00c3O DE USO:<\/h4>\n<p>Utilizado para maior alcance com garfos de pintura com ou sem rosca em locais de dif\u00edcil acesso.<\/p>\n<table class=\"tabela_tecnica\">\n<thead>\n<tr>\n<th>REF.<\/th>\n<th>COMPRIMENTO (MM)<\/th>\n<th>LARGURA (MM)<\/th>\n<th>ALTURA (MM)<\/th>\n<th>C\u00d3DIGO DE BARRAS (EAN)<\/th>\n<\/tr>\n<\/thead>\n<tbody>\n<tr>\n<td class=\"even\" data-title=\"REF.\">1600<\/td>\n<td data-title=\"Comprimento (mm)\">2000<\/td>\n<td class=\"even\" data-title=\"Largura (mm)\">30<\/td>\n<td data-title=\"Altura (mm)\">30<\/td>\n<td class=\"even\" data-title=\"C\u00f3digo de barras (EAN)\">7896380170586<\/td>\n<\/tr>\n<\/tbody>\n<\/table>\n","protected":false},"excerpt":{"rendered":"<p>Prolongadores em estrutura de chapa met\u00e1lica revestida, extens\u00edvel e ajust\u00e1vel at\u00e9 2 metros. Utilizado para maior alcance com garfos de pintura com ou sem rosca em locais de dif\u00edcil acesso.<\/p>\n<p>Utilizado para maior alcance com garfos de pintura com ou sem rosca em locais de dif\u00edcil acesso.<\/p>\n","protected":false},"featured_media":1282,"comment_status":"open","ping_status":"closed","template":"","meta":[],"product_cat":[58],"product_tag":[439,610,609],"class_list":{"0":"post-1280","1":"product","2":"type-product","3":"status-publish","4":"has-post-thumbnail","5":"hentry","6":"product_cat-acessorios-e-ferramentas","7":"product_tag-atlas","8":"product_tag-prolongador-de-aco-telescopico-2-metros","9":"product_tag-ref-1600","11":"entry","12":"has-media","13":"owp-thumbs-layout-horizontal","14":"owp-btn-normal","15":"owp-tabs-layout-horizontal","16":"has-product-nav"},"_links":{"self":[{"href":"https:\/\/tintascuritiba.com.br\/index.php\/wp-json\/wp\/v2\/product\/1280","targetHints":{"allow":["GET"]}}],"collection":[{"href":"https:\/\/tintascuritiba.com.br\/index.php\/wp-json\/wp\/v2\/product"}],"about":[{"href":"https:\/\/tintascuritiba.com.br\/index.php\/wp-json\/wp\/v2\/types\/product"}],"replies":[{"embeddable":true,"href":"https:\/\/tintascuritiba.com.br\/index.php\/wp-json\/wp\/v2\/comments?post=1280"}],"wp:featuredmedia":[{"embeddable":true,"href":"https:\/\/tintascuritiba.com.br\/index.php\/wp-json\/wp\/v2\/media\/1282"}],"wp:attachment":[{"href":"https:\/\/tintascuritiba.com.br\/index.php\/wp-json\/wp\/v2\/media?parent=1280"}],"wp:term":[{"taxonomy":"product_cat","embeddable":true,"href":"https:\/\/tintascuritiba.com.br\/index.php\/wp-json\/wp\/v2\/product_cat?post=1280"},{"taxonomy":"product_tag","embeddable":true,"href":"https:\/\/tintascuritiba.com.br\/index.php\/wp-json\/wp\/v2\/product_tag?post=1280"}],"curies":[{"name":"wp","href":"https:\/\/api.w.org\/{rel}","templated":true}]}}