{"id":1234,"date":"2023-01-20T13:18:28","date_gmt":"2023-01-20T16:18:28","guid":{"rendered":"https:\/\/tintascuritiba.com.br\/?post_type=product&#038;p=1234"},"modified":"2023-01-20T13:18:29","modified_gmt":"2023-01-20T16:18:29","slug":"atlas-massa-leve-para-reparos","status":"publish","type":"product","link":"https:\/\/tintascuritiba.com.br\/index.php\/produto\/atlas-massa-leve-para-reparos\/","title":{"rendered":"Atlas Massa Leve para Reparos"},"content":{"rendered":"<p>A Massa Leve Atlas \u00e9 \u00e0 base d\u2019agua, extremamente leve, destinada \u00e0 corre\u00e7\u00e3o de imperfei\u00e7\u00f5es e nivelamento de superf\u00edcies, pequenas rachaduras, sulcos em paredes, entre outros. Serve ainda para outras aplica\u00e7\u00f5es onde exista a necessidade de calafeta\u00e7\u00e3o. Este produto n\u00e3o quebra, n\u00e3o racha, seca r\u00e1pido, \u00e9 f\u00e1cil de aplicar e pronto para usar. Al\u00e9m disso, n\u00e3o \u00e9 irritante, n\u00e3o apresenta solventes al\u00e9m de \u00e1gua, possui cor branca que pode ser pigmentada e est\u00e1 dispon\u00edvel em duas embalagens, com 90g e com 340g.<\/p>\n<h4>INDICA\u00c7\u00c3O DE USO:<\/h4>\n<p>Para corre\u00e7\u00e3o e acabamento de superf\u00edcies. Especial para tapar buracos e rachaduras em paredes internas e externas. F\u00e1cil de aplicar e de lixar. Produto \u00e0 base d&#8217;\u00e1gua, sem solventes e sem cheiro (ecologicamente correto). N\u00e3o mancha e n\u00e3o encolhe. Aceita qualquer tipo de tinta.<\/p>\n<table class=\"tabela_tecnica\">\n<thead>\n<tr>\n<th>REF.<\/th>\n<th>COMPRIMENTO (MM)<\/th>\n<th>LARGURA (MM)<\/th>\n<th>ALTURA (MM)<\/th>\n<th>C\u00d3DIGO DE BARRAS (EAN)<\/th>\n<\/tr>\n<\/thead>\n<tbody>\n<tr>\n<td class=\"even\" data-title=\"REF.\">AT279\/1<\/td>\n<td data-title=\"Comprimento (mm)\">82<\/td>\n<td class=\"even\" data-title=\"Largura (mm)\">82<\/td>\n<td data-title=\"Altura (mm)\">84<\/td>\n<td class=\"even\" data-title=\"C\u00f3digo de barras (EAN)\">7896380100583<\/td>\n<\/tr>\n<tr>\n<td class=\"even\" data-title=\"REF.\">AT279\/2<\/td>\n<td data-title=\"Comprimento (mm)\">120<\/td>\n<td class=\"even\" data-title=\"Largura (mm)\">120<\/td>\n<td data-title=\"Altura (mm)\">122<\/td>\n<td class=\"even\" data-title=\"C\u00f3digo de barras (EAN)\">7896380100590<\/td>\n<\/tr>\n<\/tbody>\n<\/table>\n","protected":false},"excerpt":{"rendered":"<p>A Massa Leve Atlas \u00e9 \u00e0 base d\u2019agua, extremamente leve, destinada \u00e0 corre\u00e7\u00e3o de imperfei\u00e7\u00f5es e nivelamento de superf\u00edcies, pequenas rachaduras, sulcos em paredes, entre outros. Serve ainda para outras aplica\u00e7\u00f5es onde exista a necessidade de calafeta\u00e7\u00e3o. Este produto n\u00e3o quebra, n\u00e3o racha, seca r\u00e1pido, \u00e9 f\u00e1cil de aplicar e pronto para usar. Al\u00e9m disso, n\u00e3o \u00e9 irritante, n\u00e3o apresenta solventes al\u00e9m de \u00e1gua, possui cor branca que pode ser pigmentada e est\u00e1 dispon\u00edvel em duas embalagens, com 90g e com 340g.<\/p>\n<p>Para corre\u00e7\u00e3o e acabamento de superf\u00edcies. Especial para tapar buracos e rachaduras em paredes internas e externas. F\u00e1cil de aplicar e de lixar. Produto \u00e0 base d&#8217;\u00e1gua, sem solventes e sem cheiro (ecologicamente correto). N\u00e3o mancha e n\u00e3o encolhe. Aceita qualquer tipo de tinta.<\/p>\n","protected":false},"featured_media":1235,"comment_status":"open","ping_status":"closed","template":"","meta":[],"product_cat":[56],"product_tag":[439,582,581],"class_list":{"0":"post-1234","1":"product","2":"type-product","3":"status-publish","4":"has-post-thumbnail","5":"hentry","6":"product_cat-textura-grafiato-e-massas","7":"product_tag-atlas","8":"product_tag-massa-leve-para-reparos","9":"product_tag-ref-at279","11":"entry","12":"has-media","13":"owp-thumbs-layout-horizontal","14":"owp-btn-normal","15":"owp-tabs-layout-horizontal","16":"has-product-nav"},"_links":{"self":[{"href":"https:\/\/tintascuritiba.com.br\/index.php\/wp-json\/wp\/v2\/product\/1234","targetHints":{"allow":["GET"]}}],"collection":[{"href":"https:\/\/tintascuritiba.com.br\/index.php\/wp-json\/wp\/v2\/product"}],"about":[{"href":"https:\/\/tintascuritiba.com.br\/index.php\/wp-json\/wp\/v2\/types\/product"}],"replies":[{"embeddable":true,"href":"https:\/\/tintascuritiba.com.br\/index.php\/wp-json\/wp\/v2\/comments?post=1234"}],"wp:featuredmedia":[{"embeddable":true,"href":"https:\/\/tintascuritiba.com.br\/index.php\/wp-json\/wp\/v2\/media\/1235"}],"wp:attachment":[{"href":"https:\/\/tintascuritiba.com.br\/index.php\/wp-json\/wp\/v2\/media?parent=1234"}],"wp:term":[{"taxonomy":"product_cat","embeddable":true,"href":"https:\/\/tintascuritiba.com.br\/index.php\/wp-json\/wp\/v2\/product_cat?post=1234"},{"taxonomy":"product_tag","embeddable":true,"href":"https:\/\/tintascuritiba.com.br\/index.php\/wp-json\/wp\/v2\/product_tag?post=1234"}],"curies":[{"name":"wp","href":"https:\/\/api.w.org\/{rel}","templated":true}]}}