{"id":1186,"date":"2023-01-19T11:02:38","date_gmt":"2023-01-19T14:02:38","guid":{"rendered":"https:\/\/tintascuritiba.com.br\/?post_type=product&#038;p=1186"},"modified":"2023-01-19T11:02:38","modified_gmt":"2023-01-19T14:02:38","slug":"atlas-kit-pratico-3-pecas","status":"publish","type":"product","link":"https:\/\/tintascuritiba.com.br\/index.php\/produto\/atlas-kit-pratico-3-pecas\/","title":{"rendered":"Atlas Kit Pr\u00e1tico 3 pe\u00e7as"},"content":{"rendered":"<p>Kit de pintura com 3 pe\u00e7as cont\u00e9m: Bandeja de pintura (1623), garfo c\/ buchas (330\/23SR) e rolo de poli\u00e9ster de alta densidade de 23cm (773\/19).<\/p>\n<h4>INDICA\u00c7\u00c3O DE USO:<\/h4>\n<p>Ideal para pintura em superf\u00edcies lisas e semi rugosas. Use com tintas acr\u00edlica, l\u00e1tex (pva) e esmalte.<\/p>\n<table class=\"tabela_tecnica\">\n<thead>\n<tr>\n<th>REF.<\/th>\n<th>COMPRIMENTO (MM)<\/th>\n<th>LARGURA (MM)<\/th>\n<th>ALTURA (MM)<\/th>\n<th>C\u00d3DIGO DE BARRAS (EAN)<\/th>\n<\/tr>\n<\/thead>\n<tbody>\n<tr>\n<td class=\"even\" data-title=\"REF.\">1001<\/td>\n<td data-title=\"Comprimento (mm)\">375<\/td>\n<td class=\"even\" data-title=\"Largura (mm)\">300<\/td>\n<td data-title=\"Altura (mm)\">60<\/td>\n<td class=\"even\" data-title=\"C\u00f3digo de barras (EAN)\">7896380154098<\/td>\n<\/tr>\n<\/tbody>\n<\/table>\n","protected":false},"excerpt":{"rendered":"<p>Kit de pintura com 3 pe\u00e7as cont\u00e9m: Bandeja de pintura (1623), garfo c\/ buchas (330\/23SR) e rolo de poli\u00e9ster de alta densidade de 23cm (773\/19).<\/p>\n<p>Ideal para pintura em superf\u00edcies lisas e semi rugosas. Use com tintas acr\u00edlica, l\u00e1tex (pva) e esmalte.<\/p>\n","protected":false},"featured_media":1187,"comment_status":"open","ping_status":"closed","template":"","meta":[],"product_cat":[18],"product_tag":[],"class_list":{"0":"post-1186","1":"product","2":"type-product","3":"status-publish","4":"has-post-thumbnail","5":"hentry","6":"product_cat-geral","8":"entry","9":"has-media","10":"owp-thumbs-layout-horizontal","11":"owp-btn-normal","12":"owp-tabs-layout-horizontal","13":"has-no-thumbnails","14":"has-product-nav"},"_links":{"self":[{"href":"https:\/\/tintascuritiba.com.br\/index.php\/wp-json\/wp\/v2\/product\/1186","targetHints":{"allow":["GET"]}}],"collection":[{"href":"https:\/\/tintascuritiba.com.br\/index.php\/wp-json\/wp\/v2\/product"}],"about":[{"href":"https:\/\/tintascuritiba.com.br\/index.php\/wp-json\/wp\/v2\/types\/product"}],"replies":[{"embeddable":true,"href":"https:\/\/tintascuritiba.com.br\/index.php\/wp-json\/wp\/v2\/comments?post=1186"}],"wp:featuredmedia":[{"embeddable":true,"href":"https:\/\/tintascuritiba.com.br\/index.php\/wp-json\/wp\/v2\/media\/1187"}],"wp:attachment":[{"href":"https:\/\/tintascuritiba.com.br\/index.php\/wp-json\/wp\/v2\/media?parent=1186"}],"wp:term":[{"taxonomy":"product_cat","embeddable":true,"href":"https:\/\/tintascuritiba.com.br\/index.php\/wp-json\/wp\/v2\/product_cat?post=1186"},{"taxonomy":"product_tag","embeddable":true,"href":"https:\/\/tintascuritiba.com.br\/index.php\/wp-json\/wp\/v2\/product_tag?post=1186"}],"curies":[{"name":"wp","href":"https:\/\/api.w.org\/{rel}","templated":true}]}}