{"id":1112,"date":"2023-01-17T16:59:50","date_gmt":"2023-01-17T19:59:50","guid":{"rendered":"https:\/\/tintascuritiba.com.br\/?post_type=product&#038;p=1112"},"modified":"2023-01-17T16:59:51","modified_gmt":"2023-01-17T19:59:51","slug":"atlas-espatula-inox-cabo-madeira","status":"publish","type":"product","link":"https:\/\/tintascuritiba.com.br\/index.php\/produto\/atlas-espatula-inox-cabo-madeira\/","title":{"rendered":"Atlas Esp\u00e1tula Inox Cabo Madeira"},"content":{"rendered":"<p>Esp\u00e1tula com l\u00e2mina de a\u00e7o inox e cabo de madeira tratada.<\/p>\n<p>Esp\u00e1tula com l\u00e2mina de a\u00e7o inox e cabo de madeira tratada. Resistente, proporciona um \u00f3timo acabamento, precis\u00e3o e conforto. Dispon\u00edvel de diversos tamanhos. Esp\u00e1tula ideal para raspagem e aplica\u00e7\u00e3o de gesso, massa corrida e massas de textura.<\/p>\n<h4>INDICA\u00c7\u00c3O DE USO:<\/h4>\n<p>Esp\u00e1tula ideal para raspagem e aplica\u00e7\u00e3o de gesso, massa corrida e massas de textura.<\/p>\n<table class=\"tabela_tecnica\">\n<thead>\n<tr>\n<th>REF.<\/th>\n<th>COMPRIMENTO (MM)<\/th>\n<th>LARGURA (MM)<\/th>\n<th>ALTURA (MM)<\/th>\n<th>C\u00d3DIGO DE BARRAS (EAN)<\/th>\n<\/tr>\n<\/thead>\n<tbody>\n<tr>\n<td class=\"even\" data-title=\"REF.\">6155\/10<\/td>\n<td data-title=\"Comprimento (mm)\">207<\/td>\n<td class=\"even\" data-title=\"Largura (mm)\">60<\/td>\n<td data-title=\"Altura (mm)\">17<\/td>\n<td class=\"even\" data-title=\"C\u00f3digo de barras (EAN)\">7896380173099<\/td>\n<\/tr>\n<tr>\n<td class=\"even\" data-title=\"REF.\">6155\/12<\/td>\n<td data-title=\"Comprimento (mm)\">205<\/td>\n<td class=\"even\" data-title=\"Largura (mm)\">75<\/td>\n<td data-title=\"Altura (mm)\">17<\/td>\n<td class=\"even\" data-title=\"C\u00f3digo de barras (EAN)\">7896380173105<\/td>\n<\/tr>\n<tr>\n<td class=\"even\" data-title=\"REF.\">6155\/16<\/td>\n<td data-title=\"Comprimento (mm)\">207<\/td>\n<td class=\"even\" data-title=\"Largura (mm)\">100<\/td>\n<td data-title=\"Altura (mm)\">17<\/td>\n<td class=\"even\" data-title=\"C\u00f3digo de barras (EAN)\">7896380173112<\/td>\n<\/tr>\n<\/tbody>\n<\/table>\n<table class=\"tabela_tecnica\" style=\"height: 122px;\" width=\"773\">\n<thead>\n<tr>\n<th>REF.<\/th>\n<th>COMPRIMENTO (MM)<\/th>\n<th>LARGURA (MM)<\/th>\n<th>ALTURA (MM)<\/th>\n<th>C\u00d3DIGO DE BARRAS (EAN)<\/th>\n<\/tr>\n<\/thead>\n<tbody>\n<tr>\n<td class=\"even\" data-title=\"REF.\">AT6155\/20<\/td>\n<td data-title=\"Comprimento (mm)\">20<\/td>\n<td class=\"even\" data-title=\"Largura (mm)\">125<\/td>\n<td data-title=\"Altura (mm)\">210<\/td>\n<td class=\"even\" data-title=\"C\u00f3digo de barras (EAN)\">7896380173464<\/td>\n<\/tr>\n<tr>\n<td class=\"even\" data-title=\"REF.\">AT6155\/22<\/td>\n<td data-title=\"Comprimento (mm)\">213<\/td>\n<td class=\"even\" data-title=\"Largura (mm)\">204<\/td>\n<td data-title=\"Altura (mm)\">20<\/td>\n<td class=\"even\" data-title=\"C\u00f3digo de barras (EAN)\">7896380173471<\/td>\n<\/tr>\n<tr>\n<td class=\"even\" data-title=\"REF.\">AT6155\/24<\/td>\n<td data-title=\"Comprimento (mm)\">214<\/td>\n<td class=\"even\" data-title=\"Largura (mm)\">255<\/td>\n<td data-title=\"Altura (mm)\">20<\/td>\n<td class=\"even\" data-title=\"C\u00f3digo de barras (EAN)\">7896380173488<\/td>\n<\/tr>\n<\/tbody>\n<\/table>\n","protected":false},"excerpt":{"rendered":"<p>Esp\u00e1tula com l\u00e2mina de a\u00e7o inox e cabo de madeira tratada.<\/p>\n<p>Esp\u00e1tula com l\u00e2mina de a\u00e7o inox e cabo de madeira tratada. Resistente, proporciona um \u00f3timo acabamento, precis\u00e3o e conforto. Dispon\u00edvel de diversos tamanhos. Esp\u00e1tula ideal para raspagem e aplica\u00e7\u00e3o de gesso, massa corrida e massas de textura.<\/p>\n<p>Esp\u00e1tula ideal para raspagem e aplica\u00e7\u00e3o de gesso, massa corrida e massas de textura.<\/p>\n","protected":false},"featured_media":1113,"comment_status":"open","ping_status":"closed","template":"","meta":[],"product_cat":[58],"product_tag":[439,503,502],"class_list":{"0":"post-1112","1":"product","2":"type-product","3":"status-publish","4":"has-post-thumbnail","5":"hentry","6":"product_cat-acessorios-e-ferramentas","7":"product_tag-atlas","8":"product_tag-espatula-inox-cabo-madeira","9":"product_tag-ref-6155-at6155","11":"entry","12":"has-media","13":"owp-thumbs-layout-horizontal","14":"owp-btn-normal","15":"owp-tabs-layout-horizontal","16":"has-product-nav"},"_links":{"self":[{"href":"https:\/\/tintascuritiba.com.br\/index.php\/wp-json\/wp\/v2\/product\/1112","targetHints":{"allow":["GET"]}}],"collection":[{"href":"https:\/\/tintascuritiba.com.br\/index.php\/wp-json\/wp\/v2\/product"}],"about":[{"href":"https:\/\/tintascuritiba.com.br\/index.php\/wp-json\/wp\/v2\/types\/product"}],"replies":[{"embeddable":true,"href":"https:\/\/tintascuritiba.com.br\/index.php\/wp-json\/wp\/v2\/comments?post=1112"}],"wp:featuredmedia":[{"embeddable":true,"href":"https:\/\/tintascuritiba.com.br\/index.php\/wp-json\/wp\/v2\/media\/1113"}],"wp:attachment":[{"href":"https:\/\/tintascuritiba.com.br\/index.php\/wp-json\/wp\/v2\/media?parent=1112"}],"wp:term":[{"taxonomy":"product_cat","embeddable":true,"href":"https:\/\/tintascuritiba.com.br\/index.php\/wp-json\/wp\/v2\/product_cat?post=1112"},{"taxonomy":"product_tag","embeddable":true,"href":"https:\/\/tintascuritiba.com.br\/index.php\/wp-json\/wp\/v2\/product_tag?post=1112"}],"curies":[{"name":"wp","href":"https:\/\/api.w.org\/{rel}","templated":true}]}}