{"id":1048,"date":"2023-01-17T09:54:19","date_gmt":"2023-01-17T12:54:19","guid":{"rendered":"https:\/\/tintascuritiba.com.br\/?post_type=product&#038;p=1048"},"modified":"2023-01-17T10:05:56","modified_gmt":"2023-01-17T13:05:56","slug":"atlas-broxa-jumbo-186x8cm","status":"publish","type":"product","link":"https:\/\/tintascuritiba.com.br\/index.php\/produto\/atlas-broxa-jumbo-186x8cm\/","title":{"rendered":"Atlas Broxa Jumbo"},"content":{"rendered":"<p>Broxa retangular com maior quantidade de cerdas e tufos mais compridos (85cm) com monofilamento bicolor. Broxa ideal para impermeabiliza\u00e7\u00f5es, cal e pinturas r\u00fasticas (tinta em p\u00f3). Com e sem rosca.<\/p>\n<h4>INDICA\u00c7\u00c3O DE USO:<\/h4>\n<p>Broxa ideal para impermeabiliza\u00e7\u00f5es, cal e pinturas r\u00fasticas.<\/p>\n<table class=\"tabela_tecnica\">\n<thead>\n<tr>\n<th>REF.<\/th>\n<th>COMPRIMENTO DO FIO (MM)<\/th>\n<th>COMPRIMENTO (MM)<\/th>\n<th>LARGURA (MM)<\/th>\n<th>ALTURA (MM)<\/th>\n<th>C\u00d3DIGO DE BARRAS (EAN)<\/th>\n<\/tr>\n<\/thead>\n<tbody>\n<tr>\n<td class=\"even\" data-title=\"REF.\">725\/1<\/td>\n<td data-title=\"Comprimento do fio (mm)\">60<\/td>\n<td class=\"even\" data-title=\"Comprimento (mm)\">195<\/td>\n<td data-title=\"Largura (mm)\">150<\/td>\n<td class=\"even\" data-title=\"Altura (mm)\">55<\/td>\n<td data-title=\"C\u00f3digo de barras (EAN)\">7896380191857<\/td>\n<\/tr>\n<tr>\n<td class=\"even\" data-title=\"REF.\">725\/2<\/td>\n<td data-title=\"Comprimento do fio (mm)\">60<\/td>\n<td class=\"even\" data-title=\"Comprimento (mm)\">212<\/td>\n<td data-title=\"Largura (mm)\">185<\/td>\n<td class=\"even\" data-title=\"Altura (mm)\">80<\/td>\n<td data-title=\"C\u00f3digo de barras (EAN)\">7896380191864<\/td>\n<\/tr>\n<tr>\n<td class=\"even\" data-title=\"REF.\">725\/3<\/td>\n<td data-title=\"Comprimento do fio (mm)\">92<\/td>\n<td class=\"even\" data-title=\"Comprimento (mm)\">255<\/td>\n<td data-title=\"Largura (mm)\">186<\/td>\n<td class=\"even\" data-title=\"Altura (mm)\">80<\/td>\n<td data-title=\"C\u00f3digo de barras (EAN)\">7896380124015<\/td>\n<\/tr>\n<\/tbody>\n<\/table>\n","protected":false},"excerpt":{"rendered":"<p>Broxa retangular com maior quantidade de cerdas e tufos mais compridos (85cm) com monofilamento bicolor. Broxa ideal para impermeabiliza\u00e7\u00f5es, cal e pinturas r\u00fasticas (tinta em p\u00f3). Com e sem rosca.<\/p>\n","protected":false},"featured_media":1049,"comment_status":"open","ping_status":"closed","template":"","meta":[],"product_cat":[58],"product_tag":[439,455,454],"class_list":{"0":"post-1048","1":"product","2":"type-product","3":"status-publish","4":"has-post-thumbnail","5":"hentry","6":"product_cat-acessorios-e-ferramentas","7":"product_tag-atlas","8":"product_tag-broxa-jumbo-18-6x8cm","9":"product_tag-ref-725-3","11":"entry","12":"has-media","13":"owp-thumbs-layout-horizontal","14":"owp-btn-normal","15":"owp-tabs-layout-horizontal","16":"has-no-thumbnails","17":"has-product-nav"},"_links":{"self":[{"href":"https:\/\/tintascuritiba.com.br\/index.php\/wp-json\/wp\/v2\/product\/1048","targetHints":{"allow":["GET"]}}],"collection":[{"href":"https:\/\/tintascuritiba.com.br\/index.php\/wp-json\/wp\/v2\/product"}],"about":[{"href":"https:\/\/tintascuritiba.com.br\/index.php\/wp-json\/wp\/v2\/types\/product"}],"replies":[{"embeddable":true,"href":"https:\/\/tintascuritiba.com.br\/index.php\/wp-json\/wp\/v2\/comments?post=1048"}],"wp:featuredmedia":[{"embeddable":true,"href":"https:\/\/tintascuritiba.com.br\/index.php\/wp-json\/wp\/v2\/media\/1049"}],"wp:attachment":[{"href":"https:\/\/tintascuritiba.com.br\/index.php\/wp-json\/wp\/v2\/media?parent=1048"}],"wp:term":[{"taxonomy":"product_cat","embeddable":true,"href":"https:\/\/tintascuritiba.com.br\/index.php\/wp-json\/wp\/v2\/product_cat?post=1048"},{"taxonomy":"product_tag","embeddable":true,"href":"https:\/\/tintascuritiba.com.br\/index.php\/wp-json\/wp\/v2\/product_tag?post=1048"}],"curies":[{"name":"wp","href":"https:\/\/api.w.org\/{rel}","templated":true}]}}